{"id":104,"date":"2026-03-03T20:18:41","date_gmt":"2026-03-03T20:18:41","guid":{"rendered":"https:\/\/hundehaltertraining.de\/?page_id=104"},"modified":"2026-03-17T17:49:50","modified_gmt":"2026-03-17T17:49:50","slug":"ulrike-kortendieck","status":"publish","type":"page","link":"https:\/\/hundehaltertraining.de\/index.php\/trainer\/ulrike-kortendieck\/","title":{"rendered":"Ulrike Kortendieck"},"content":{"rendered":"\t\t<div data-elementor-type=\"wp-page\" data-elementor-id=\"104\" class=\"elementor elementor-104\">\n\t\t\t\t<div class=\"elementor-element elementor-element-94157a7 e-flex e-con-boxed e-con e-parent\" data-id=\"94157a7\" data-element_type=\"container\" data-e-type=\"container\">\n\t\t\t\t\t<div class=\"e-con-inner\">\n\t\t\t\t<div class=\"elementor-element elementor-element-65ba3aa elementor-widget elementor-widget-heading\" data-id=\"65ba3aa\" data-element_type=\"widget\" data-e-type=\"widget\" data-widget_type=\"heading.default\">\n\t\t\t\t\t<h1 class=\"elementor-heading-title elementor-size-default\">Ulrike Kortendieck <\/h1>\t\t\t\t<\/div>\n\t\t\t\t\t<\/div>\n\t\t\t\t<\/div>\n\t\t<div class=\"elementor-element elementor-element-22e1332 e-flex e-con-boxed e-con e-parent\" data-id=\"22e1332\" data-element_type=\"container\" data-e-type=\"container\">\n\t\t\t\t\t<div class=\"e-con-inner\">\n\t\t\t\t<div class=\"elementor-element elementor-element-5c5ba70 elementor-widget elementor-widget-heading\" data-id=\"5c5ba70\" data-element_type=\"widget\" data-e-type=\"widget\" data-widget_type=\"heading.default\">\n\t\t\t\t\t<h3 class=\"elementor-heading-title elementor-size-default\">Hundeerzieherin und Verhaltensberaterin mit IHK\/BHV - Zertifikat<\/h3>\t\t\t\t<\/div>\n\t\t\t\t<div class=\"elementor-element elementor-element-eb33e1f elementor-widget elementor-widget-heading\" data-id=\"eb33e1f\" data-element_type=\"widget\" data-e-type=\"widget\" data-widget_type=\"heading.default\">\n\t\t\t\t\t<h3 class=\"elementor-heading-title elementor-size-default\">gepr\u00fcfte Gymnastricks-Trainerin<\/h3>\t\t\t\t<\/div>\n\t\t\t\t<div class=\"elementor-element elementor-element-1f3f1a0 elementor-widget elementor-widget-heading\" data-id=\"1f3f1a0\" data-element_type=\"widget\" data-e-type=\"widget\" data-widget_type=\"heading.default\">\n\t\t\t\t\t<h3 class=\"elementor-heading-title elementor-size-default\">Praxisbetrieb f\u00fcr die\u00a0IHK\/BHV-Ausbildung<\/h3>\t\t\t\t<\/div>\n\t\t\t\t<div class=\"elementor-element elementor-element-c01869b elementor-widget elementor-widget-heading\" data-id=\"c01869b\" data-element_type=\"widget\" data-e-type=\"widget\" data-widget_type=\"heading.default\">\n\t\t\t\t\t<h3 class=\"elementor-heading-title elementor-size-default\">BHV-Ausbildung Hoopers und Entspannung<\/h3>\t\t\t\t<\/div>\n\t\t\t\t<div class=\"elementor-element elementor-element-a2a1ee4 elementor-widget elementor-widget-heading\" data-id=\"a2a1ee4\" data-element_type=\"widget\" data-e-type=\"widget\" data-widget_type=\"heading.default\">\n\t\t\t\t\t<h3 class=\"elementor-heading-title elementor-size-default\">Diverse Fortbildungen (u.a. 4 x Tellington, 3 Tainermodule Dummytraining bei Tina\nSchnatz, Welpenkurse. Durchf\u00fchrung von Hundef\u00fchrerscheinpr\u00fcfungen)<\/h3>\t\t\t\t<\/div>\n\t\t\t\t<div class=\"elementor-element elementor-element-9870fa0 elementor-widget elementor-widget-text-editor\" data-id=\"9870fa0\" data-element_type=\"widget\" data-e-type=\"widget\" data-widget_type=\"text-editor.default\">\n\t\t\t\t\t\t\t\t\t<p>Derzeit begleiten mich f\u00fcnf Hunde, meine beiden Neufundl\u00e4nderinnen Poppy (Jg. 2016) und Patty (Jg. 2024), Sheltie-Doodle-H\u00fcndin Tallulah (Jg. 2012),<br \/>Clumberspanielh\u00fcndin Marcy (Jg. 2021) und Lagotto-Mix-H\u00fcndin Lilly (Jg. 2020).<\/p><p>Sie sind unterschiedlich sportlich und talentiert, so dass wir fast alle Besch\u00e4ftigungsarten und den Erziehungsbereich bestreiten k\u00f6nnen. Zu Hause sind wir alle Couch-Potatoes und wissen ein gutes Essen zu sch\u00e4tzen<\/p>\t\t\t\t\t\t\t\t<\/div>\n\t\t\t\t<div class=\"elementor-element elementor-element-74fa967 elementor-widget elementor-widget-text-editor\" data-id=\"74fa967\" data-element_type=\"widget\" data-e-type=\"widget\" data-widget_type=\"text-editor.default\">\n\t\t\t\t\t\t\t\t\t<p>Mobil: 0175 1909914<\/p>\t\t\t\t\t\t\t\t<\/div>\n\t\t\t\t<div class=\"elementor-element elementor-element-9c83bbd elementor-widget elementor-widget-button\" data-id=\"9c83bbd\" data-element_type=\"widget\" data-e-type=\"widget\" data-widget_type=\"button.default\">\n\t\t\t\t\t\t\t\t\t\t<a class=\"elementor-button elementor-button-link elementor-size-sm\" href=\"https:\/\/hundehaltertraining.de\/\">\n\t\t\t\t\t\t<span class=\"elementor-button-content-wrapper\">\n\t\t\t\t\t\t\t\t\t<span class=\"elementor-button-text\">Zur\u00fcck<\/span>\n\t\t\t\t\t<\/span>\n\t\t\t\t\t<\/a>\n\t\t\t\t\t\t\t\t<\/div>\n\t\t\t\t\t<\/div>\n\t\t\t\t<\/div>\n\t\t\t\t<\/div>\n\t\t","protected":false},"excerpt":{"rendered":"<p>Ulrike Kortendieck Hundeerzieherin und Verhaltensberaterin mit IHK\/BHV &#8211; Zertifikat gepr\u00fcfte Gymnastricks-Trainerin Praxisbetrieb f\u00fcr die\u00a0IHK\/BHV-Ausbildung BHV-Ausbildung Hoopers und Entspannung Diverse Fortbildungen (u.a. 4 x Tellington, 3 Tainermodule Dummytraining bei Tina Schnatz, Welpenkurse. Durchf\u00fchrung von Hundef\u00fchrerscheinpr\u00fcfungen) Derzeit begleiten mich f\u00fcnf Hunde, meine beiden Neufundl\u00e4nderinnen Poppy (Jg. 2016) und Patty (Jg. 2024), Sheltie-Doodle-H\u00fcndin Tallulah (Jg. 2012),Clumberspanielh\u00fcndin Marcy (Jg. [&hellip;]<\/p>\n","protected":false},"author":2,"featured_media":0,"parent":17,"menu_order":0,"comment_status":"closed","ping_status":"closed","template":"","meta":{"footnotes":""},"class_list":["post-104","page","type-page","status-publish","hentry","wpbf-post"],"_links":{"self":[{"href":"https:\/\/hundehaltertraining.de\/index.php\/wp-json\/wp\/v2\/pages\/104","targetHints":{"allow":["GET"]}}],"collection":[{"href":"https:\/\/hundehaltertraining.de\/index.php\/wp-json\/wp\/v2\/pages"}],"about":[{"href":"https:\/\/hundehaltertraining.de\/index.php\/wp-json\/wp\/v2\/types\/page"}],"author":[{"embeddable":true,"href":"https:\/\/hundehaltertraining.de\/index.php\/wp-json\/wp\/v2\/users\/2"}],"replies":[{"embeddable":true,"href":"https:\/\/hundehaltertraining.de\/index.php\/wp-json\/wp\/v2\/comments?post=104"}],"version-history":[{"count":13,"href":"https:\/\/hundehaltertraining.de\/index.php\/wp-json\/wp\/v2\/pages\/104\/revisions"}],"predecessor-version":[{"id":732,"href":"https:\/\/hundehaltertraining.de\/index.php\/wp-json\/wp\/v2\/pages\/104\/revisions\/732"}],"up":[{"embeddable":true,"href":"https:\/\/hundehaltertraining.de\/index.php\/wp-json\/wp\/v2\/pages\/17"}],"wp:attachment":[{"href":"https:\/\/hundehaltertraining.de\/index.php\/wp-json\/wp\/v2\/media?parent=104"}],"curies":[{"name":"wp","href":"https:\/\/api.w.org\/{rel}","templated":true}]}}