{"id":17,"date":"2026-02-22T11:58:14","date_gmt":"2026-02-22T11:58:14","guid":{"rendered":"https:\/\/hundehaltertraining.de\/?page_id=17"},"modified":"2026-03-13T14:06:10","modified_gmt":"2026-03-13T14:06:10","slug":"trainer","status":"publish","type":"page","link":"https:\/\/hundehaltertraining.de\/index.php\/trainer\/","title":{"rendered":"\u00dcber uns"},"content":{"rendered":"\t\t<div data-elementor-type=\"wp-page\" data-elementor-id=\"17\" class=\"elementor elementor-17\">\n\t\t\t\t<div class=\"elementor-element elementor-element-50672a1 e-flex e-con-boxed e-con e-parent\" data-id=\"50672a1\" data-element_type=\"container\" data-e-type=\"container\">\n\t\t\t\t\t<div class=\"e-con-inner\">\n\t\t<div class=\"elementor-element elementor-element-5c992a7 e-con-full e-flex e-con e-child\" data-id=\"5c992a7\" data-element_type=\"container\" data-e-type=\"container\">\n\t\t\t\t<div class=\"elementor-element elementor-element-a1ccec3 elementor-widget elementor-widget-heading\" data-id=\"a1ccec3\" data-element_type=\"widget\" data-e-type=\"widget\" data-widget_type=\"heading.default\">\n\t\t\t\t\t<h2 class=\"elementor-heading-title elementor-size-default\">Gemeinsam durchs Leben - Mensch und Hund, ein Team<\/h2>\t\t\t\t<\/div>\n\t\t<div class=\"elementor-element elementor-element-f98e691 e-con-full e-flex e-con e-child\" data-id=\"f98e691\" data-element_type=\"container\" data-e-type=\"container\">\n\t\t\t\t<div class=\"elementor-element elementor-element-33634f8 elementor-widget elementor-widget-text-editor\" data-id=\"33634f8\" data-element_type=\"widget\" data-e-type=\"widget\" data-widget_type=\"text-editor.default\">\n\t\t\t\t\t\t\t\t\t<p><img fetchpriority=\"high\" decoding=\"async\" class=\"alignnone size-medium wp-image-8\" src=\"https:\/\/hundehaltertraining.de\/wp-content\/uploads\/2026\/02\/Prinz-mittel-300x205.jpg\" alt=\"\" width=\"300\" height=\"205\" srcset=\"https:\/\/hundehaltertraining.de\/wp-content\/uploads\/2026\/02\/Prinz-mittel-300x205.jpg 300w, https:\/\/hundehaltertraining.de\/wp-content\/uploads\/2026\/02\/Prinz-mittel-1024x699.jpg 1024w, https:\/\/hundehaltertraining.de\/wp-content\/uploads\/2026\/02\/Prinz-mittel-768x524.jpg 768w, https:\/\/hundehaltertraining.de\/wp-content\/uploads\/2026\/02\/Prinz-mittel-1536x1049.jpg 1536w, https:\/\/hundehaltertraining.de\/wp-content\/uploads\/2026\/02\/Prinz-mittel-2048x1398.jpg 2048w\" sizes=\"(max-width: 300px) 100vw, 300px\" \/><\/p><p>\u201eWer bist du?\u201c fragte der kleine Prinz. \u201eDu bist sehr h\u00fcbsch.\u201c<\/p><p>\u201eIch bin ein Hund\u201c, antwortete der Hund.<\/p><p>\u201eKomm und spiel mit mir\u201c, schlug der kleine Prinz vor.<\/p><p>\u201eIch kann nicht mit dir spielen\u201c, entgegnete der Hund. \u201eIch bin noch nicht gez\u00e4hmt!\u201c<\/p><p>\u201eWas bedeutet das: \u2018z\u00e4hmen\u2019?\u201c, fragte der kleine Prinz.<\/p><p>\u201eEs bedeutet: sich vertraut machen.\u201c \u201eVertraut machen?\u201c<\/p><p>\u201eGewiss\u201c, sagte der Hund.<\/p><p>\u201eDu bist f\u00fcr mich noch nichts als ein kleiner Knabe, der hunderttausend kleinen Kindern v\u00f6llig gleicht. Ich brauch dich nicht, und du brauchst mich ebenso wenig. Ich bin f\u00fcr dich nur ein Hund, der hunderttausend Hunden gleicht. Aber wenn wir uns verstehen und vertrauen, werden wir einander brauchen. Du wirst f\u00fcr mich einzig sein in der Welt. Ich werde f\u00fcr dich einzig sein in der Welt.\u201c<\/p><blockquote><p><em>In Anlehnung an \u201eDer kleine Prinz\u201c von Antoine de Saint Exup\u00e9ry<\/em><\/p><\/blockquote>\t\t\t\t\t\t\t\t<\/div>\n\t\t\t\t<\/div>\n\t\t\t\t<\/div>\n\t\t\t\t\t<\/div>\n\t\t\t\t<\/div>\n\t\t<div class=\"elementor-element elementor-element-f4554e8 e-flex e-con-boxed e-con e-parent\" data-id=\"f4554e8\" data-element_type=\"container\" data-e-type=\"container\">\n\t\t\t\t\t<div class=\"e-con-inner\">\n\t\t\t\t<div class=\"elementor-element elementor-element-0e1d9a0 elementor-widget elementor-widget-heading\" data-id=\"0e1d9a0\" data-element_type=\"widget\" data-e-type=\"widget\" data-widget_type=\"heading.default\">\n\t\t\t\t\t<h1 class=\"elementor-heading-title elementor-size-default\">Unser Team<\/h1>\t\t\t\t<\/div>\n\t\t<div class=\"elementor-element elementor-element-97d454f e-grid e-con-full e-con e-child\" data-id=\"97d454f\" data-element_type=\"container\" data-e-type=\"container\">\n\t\t\t\t<div class=\"elementor-element elementor-element-4749b2f elementor-widget elementor-widget-image\" data-id=\"4749b2f\" data-element_type=\"widget\" data-e-type=\"widget\" data-widget_type=\"image.default\">\n\t\t\t\t\t\t\t\t\t\t\t\t\t\t\t\t<a href=\"https:\/\/hundehaltertraining.de\/index.php\/trainer\/anette-knobloch\/\">\n\t\t\t\t\t\t\t<img decoding=\"async\" width=\"819\" height=\"1024\" src=\"https:\/\/hundehaltertraining.de\/wp-content\/uploads\/2026\/03\/Anette--819x1024.png\" class=\"attachment-large size-large wp-image-329\" alt=\"\" srcset=\"https:\/\/hundehaltertraining.de\/wp-content\/uploads\/2026\/03\/Anette--819x1024.png 819w, https:\/\/hundehaltertraining.de\/wp-content\/uploads\/2026\/03\/Anette--240x300.png 240w, https:\/\/hundehaltertraining.de\/wp-content\/uploads\/2026\/03\/Anette--768x960.png 768w, https:\/\/hundehaltertraining.de\/wp-content\/uploads\/2026\/03\/Anette-.png 1080w\" sizes=\"(max-width: 819px) 100vw, 819px\" \/>\t\t\t\t\t\t\t\t<\/a>\n\t\t\t\t\t\t\t\t\t\t\t\t\t\t\t<\/div>\n\t\t\t\t<div class=\"elementor-element elementor-element-7d6facd elementor-widget elementor-widget-image\" data-id=\"7d6facd\" data-element_type=\"widget\" data-e-type=\"widget\" data-widget_type=\"image.default\">\n\t\t\t\t\t\t\t\t\t\t\t\t\t\t\t\t<a href=\"https:\/\/hundehaltertraining.de\/index.php\/trainer\/jule-hensch-pfeifer\/\">\n\t\t\t\t\t\t\t<img decoding=\"async\" width=\"819\" height=\"1024\" src=\"https:\/\/hundehaltertraining.de\/wp-content\/uploads\/2026\/03\/Jule-819x1024.png\" class=\"attachment-large size-large wp-image-330\" alt=\"\" srcset=\"https:\/\/hundehaltertraining.de\/wp-content\/uploads\/2026\/03\/Jule-819x1024.png 819w, https:\/\/hundehaltertraining.de\/wp-content\/uploads\/2026\/03\/Jule-240x300.png 240w, https:\/\/hundehaltertraining.de\/wp-content\/uploads\/2026\/03\/Jule-768x960.png 768w, https:\/\/hundehaltertraining.de\/wp-content\/uploads\/2026\/03\/Jule.png 1080w\" sizes=\"(max-width: 819px) 100vw, 819px\" \/>\t\t\t\t\t\t\t\t<\/a>\n\t\t\t\t\t\t\t\t\t\t\t\t\t\t\t<\/div>\n\t\t\t\t<div class=\"elementor-element elementor-element-b5f2ba6 elementor-widget elementor-widget-image\" data-id=\"b5f2ba6\" data-element_type=\"widget\" data-e-type=\"widget\" data-widget_type=\"image.default\">\n\t\t\t\t\t\t\t\t\t\t\t\t\t\t\t\t<a href=\"https:\/\/hundehaltertraining.de\/index.php\/trainer\/katrin-elsner\/\">\n\t\t\t\t\t\t\t<img loading=\"lazy\" decoding=\"async\" width=\"819\" height=\"1024\" src=\"https:\/\/hundehaltertraining.de\/wp-content\/uploads\/2026\/03\/Katrin--819x1024.png\" class=\"attachment-large size-large wp-image-331\" alt=\"\" srcset=\"https:\/\/hundehaltertraining.de\/wp-content\/uploads\/2026\/03\/Katrin--819x1024.png 819w, https:\/\/hundehaltertraining.de\/wp-content\/uploads\/2026\/03\/Katrin--240x300.png 240w, https:\/\/hundehaltertraining.de\/wp-content\/uploads\/2026\/03\/Katrin--768x960.png 768w, https:\/\/hundehaltertraining.de\/wp-content\/uploads\/2026\/03\/Katrin-.png 1080w\" sizes=\"(max-width: 819px) 100vw, 819px\" \/>\t\t\t\t\t\t\t\t<\/a>\n\t\t\t\t\t\t\t\t\t\t\t\t\t\t\t<\/div>\n\t\t\t\t<div class=\"elementor-element elementor-element-0e591ab elementor-widget elementor-widget-image\" data-id=\"0e591ab\" data-element_type=\"widget\" data-e-type=\"widget\" data-widget_type=\"image.default\">\n\t\t\t\t\t\t\t\t\t\t\t\t\t\t\t\t<a href=\"https:\/\/hundehaltertraining.de\/index.php\/trainer\/sabine-schmitt\/\">\n\t\t\t\t\t\t\t<img loading=\"lazy\" decoding=\"async\" width=\"819\" height=\"1024\" src=\"https:\/\/hundehaltertraining.de\/wp-content\/uploads\/2026\/03\/Sabine--819x1024.png\" class=\"attachment-large size-large wp-image-332\" alt=\"\" srcset=\"https:\/\/hundehaltertraining.de\/wp-content\/uploads\/2026\/03\/Sabine--819x1024.png 819w, https:\/\/hundehaltertraining.de\/wp-content\/uploads\/2026\/03\/Sabine--240x300.png 240w, https:\/\/hundehaltertraining.de\/wp-content\/uploads\/2026\/03\/Sabine--768x960.png 768w, https:\/\/hundehaltertraining.de\/wp-content\/uploads\/2026\/03\/Sabine-.png 1080w\" sizes=\"(max-width: 819px) 100vw, 819px\" \/>\t\t\t\t\t\t\t\t<\/a>\n\t\t\t\t\t\t\t\t\t\t\t\t\t\t\t<\/div>\n\t\t\t\t<div class=\"elementor-element elementor-element-6c4b5d0 elementor-widget elementor-widget-image\" data-id=\"6c4b5d0\" data-element_type=\"widget\" data-e-type=\"widget\" data-widget_type=\"image.default\">\n\t\t\t\t\t\t\t\t\t\t\t\t\t\t\t\t<a href=\"https:\/\/hundehaltertraining.de\/index.php\/trainer\/ulrike-kortendieck\/\">\n\t\t\t\t\t\t\t<img loading=\"lazy\" decoding=\"async\" width=\"819\" height=\"1024\" src=\"https:\/\/hundehaltertraining.de\/wp-content\/uploads\/2026\/03\/Ulrike--819x1024.png\" class=\"attachment-large size-large wp-image-333\" alt=\"\" srcset=\"https:\/\/hundehaltertraining.de\/wp-content\/uploads\/2026\/03\/Ulrike--819x1024.png 819w, https:\/\/hundehaltertraining.de\/wp-content\/uploads\/2026\/03\/Ulrike--240x300.png 240w, https:\/\/hundehaltertraining.de\/wp-content\/uploads\/2026\/03\/Ulrike--768x960.png 768w, https:\/\/hundehaltertraining.de\/wp-content\/uploads\/2026\/03\/Ulrike-.png 1080w\" sizes=\"(max-width: 819px) 100vw, 819px\" \/>\t\t\t\t\t\t\t\t<\/a>\n\t\t\t\t\t\t\t\t\t\t\t\t\t\t\t<\/div>\n\t\t\t\t<\/div>\n\t\t\t\t\t<\/div>\n\t\t\t\t<\/div>\n\t\t<div class=\"elementor-element elementor-element-b0e9ca7 e-flex e-con-boxed e-con e-parent\" data-id=\"b0e9ca7\" data-element_type=\"container\" data-e-type=\"container\">\n\t\t\t\t\t<div class=\"e-con-inner\">\n\t\t\t\t<div class=\"elementor-element elementor-element-350bef8 elementor-widget elementor-widget-button\" data-id=\"350bef8\" data-element_type=\"widget\" data-e-type=\"widget\" data-widget_type=\"button.default\">\n\t\t\t\t\t\t\t\t\t\t<a class=\"elementor-button elementor-button-link elementor-size-sm\" href=\"https:\/\/hundehaltertraining.de\/\">\n\t\t\t\t\t\t<span class=\"elementor-button-content-wrapper\">\n\t\t\t\t\t\t\t\t\t<span class=\"elementor-button-text\">Zur\u00fcck <\/span>\n\t\t\t\t\t<\/span>\n\t\t\t\t\t<\/a>\n\t\t\t\t\t\t\t\t<\/div>\n\t\t\t\t\t<\/div>\n\t\t\t\t<\/div>\n\t\t\t\t<\/div>\n\t\t","protected":false},"excerpt":{"rendered":"<p>Gemeinsam durchs Leben &#8211; Mensch und Hund, ein Team \u201eWer bist du?\u201c fragte der kleine Prinz. \u201eDu bist sehr h\u00fcbsch.\u201c \u201eIch bin ein Hund\u201c, antwortete der Hund. \u201eKomm und spiel mit mir\u201c, schlug der kleine Prinz vor. \u201eIch kann nicht mit dir spielen\u201c, entgegnete der Hund. \u201eIch bin noch nicht gez\u00e4hmt!\u201c \u201eWas bedeutet das: \u2018z\u00e4hmen\u2019?\u201c, [&hellip;]<\/p>\n","protected":false},"author":1,"featured_media":0,"parent":0,"menu_order":0,"comment_status":"closed","ping_status":"closed","template":"","meta":{"footnotes":""},"class_list":["post-17","page","type-page","status-publish","hentry","wpbf-post"],"_links":{"self":[{"href":"https:\/\/hundehaltertraining.de\/index.php\/wp-json\/wp\/v2\/pages\/17","targetHints":{"allow":["GET"]}}],"collection":[{"href":"https:\/\/hundehaltertraining.de\/index.php\/wp-json\/wp\/v2\/pages"}],"about":[{"href":"https:\/\/hundehaltertraining.de\/index.php\/wp-json\/wp\/v2\/types\/page"}],"author":[{"embeddable":true,"href":"https:\/\/hundehaltertraining.de\/index.php\/wp-json\/wp\/v2\/users\/1"}],"replies":[{"embeddable":true,"href":"https:\/\/hundehaltertraining.de\/index.php\/wp-json\/wp\/v2\/comments?post=17"}],"version-history":[{"count":12,"href":"https:\/\/hundehaltertraining.de\/index.php\/wp-json\/wp\/v2\/pages\/17\/revisions"}],"predecessor-version":[{"id":693,"href":"https:\/\/hundehaltertraining.de\/index.php\/wp-json\/wp\/v2\/pages\/17\/revisions\/693"}],"wp:attachment":[{"href":"https:\/\/hundehaltertraining.de\/index.php\/wp-json\/wp\/v2\/media?parent=17"}],"curies":[{"name":"wp","href":"https:\/\/api.w.org\/{rel}","templated":true}]}}