{"id":18,"date":"2026-02-22T11:58:14","date_gmt":"2026-02-22T11:58:14","guid":{"rendered":"https:\/\/hundehaltertraining.de\/?page_id=18"},"modified":"2026-04-16T21:17:04","modified_gmt":"2026-04-16T21:17:04","slug":"impressum","status":"publish","type":"page","link":"https:\/\/hundehaltertraining.de\/index.php\/impressum\/","title":{"rendered":"Impressum"},"content":{"rendered":"\t\t<div data-elementor-type=\"wp-page\" data-elementor-id=\"18\" class=\"elementor elementor-18\">\n\t\t\t\t<div class=\"elementor-element elementor-element-7584f268 e-flex e-con-boxed e-con e-parent\" data-id=\"7584f268\" data-element_type=\"container\" data-e-type=\"container\">\n\t\t\t\t\t<div class=\"e-con-inner\">\n\t\t\t\t<div class=\"elementor-element elementor-element-a85cfa5 elementor-widget elementor-widget-text-editor\" data-id=\"a85cfa5\" data-element_type=\"widget\" data-e-type=\"widget\" data-widget_type=\"text-editor.default\">\n\t\t\t\t\t\t\t\t\t<p><strong>Impressum<\/strong><br \/>Hundehaltertraining Anette Knobloch, Jule Hensch-Pfeifer und Katrin Elsner GbR<br \/>Haus Alsbach<br \/>51777 Engelskirchen<\/p><p><strong>Vertreten durch:<\/strong><br \/>Anette Knobloch, Jule Hensch-Pfeifer und Katrin Elsner<\/p><p><strong>Kontakt<\/strong><br \/>Telefon: 0177\/2573511<br \/>E-Mail: info@hundehaltertraining.de<\/p><p><strong>Aufsichtsbeh\u00f6rde<\/strong><br \/>Oberbergischer Kreis, Veterin\u00e4ramt<br \/>Moltkestra\u00dfe 42<br \/>51643 Gummersbach<\/p><p><a href=\"http:\/\/www.obk.de\">www.obk.de<\/a><\/p><p><strong>Verbraucherstreitbeilegung\/Universalschlichtungsstelle<\/strong><br \/>Wir sind nicht bereit oder verpflichtet, an Streitbeilegungsverfahren vor einer Verbraucherschlichtungsstelle teilzunehmen.<\/p><p>Quelle: https:\/\/www.e-recht24.de\/impressum-generator.html<\/p>\t\t\t\t\t\t\t\t<\/div>\n\t\t\t\t\t<\/div>\n\t\t\t\t<\/div>\n\t\t\t\t<\/div>\n\t\t","protected":false},"excerpt":{"rendered":"<p>ImpressumHundehaltertraining Anette Knobloch, Jule Hensch-Pfeifer und Katrin Elsner GbRHaus Alsbach51777 Engelskirchen Vertreten durch:Anette Knobloch, Jule Hensch-Pfeifer und Katrin Elsner KontaktTelefon: 0177\/2573511E-Mail: info@hundehaltertraining.de Aufsichtsbeh\u00f6rdeOberbergischer Kreis, Veterin\u00e4ramtMoltkestra\u00dfe 4251643 Gummersbach www.obk.de Verbraucherstreitbeilegung\/UniversalschlichtungsstelleWir sind nicht bereit oder verpflichtet, an Streitbeilegungsverfahren vor einer Verbraucherschlichtungsstelle teilzunehmen. Quelle: https:\/\/www.e-recht24.de\/impressum-generator.html<\/p>\n","protected":false},"author":1,"featured_media":0,"parent":0,"menu_order":0,"comment_status":"closed","ping_status":"closed","template":"","meta":{"footnotes":""},"class_list":["post-18","page","type-page","status-publish","hentry","wpbf-post"],"_links":{"self":[{"href":"https:\/\/hundehaltertraining.de\/index.php\/wp-json\/wp\/v2\/pages\/18","targetHints":{"allow":["GET"]}}],"collection":[{"href":"https:\/\/hundehaltertraining.de\/index.php\/wp-json\/wp\/v2\/pages"}],"about":[{"href":"https:\/\/hundehaltertraining.de\/index.php\/wp-json\/wp\/v2\/types\/page"}],"author":[{"embeddable":true,"href":"https:\/\/hundehaltertraining.de\/index.php\/wp-json\/wp\/v2\/users\/1"}],"replies":[{"embeddable":true,"href":"https:\/\/hundehaltertraining.de\/index.php\/wp-json\/wp\/v2\/comments?post=18"}],"version-history":[{"count":12,"href":"https:\/\/hundehaltertraining.de\/index.php\/wp-json\/wp\/v2\/pages\/18\/revisions"}],"predecessor-version":[{"id":792,"href":"https:\/\/hundehaltertraining.de\/index.php\/wp-json\/wp\/v2\/pages\/18\/revisions\/792"}],"wp:attachment":[{"href":"https:\/\/hundehaltertraining.de\/index.php\/wp-json\/wp\/v2\/media?parent=18"}],"curies":[{"name":"wp","href":"https:\/\/api.w.org\/{rel}","templated":true}]}}