{"id":19,"date":"2026-02-22T11:58:14","date_gmt":"2026-02-22T11:58:14","guid":{"rendered":"https:\/\/hundehaltertraining.de\/?page_id=19"},"modified":"2026-04-16T20:01:59","modified_gmt":"2026-04-16T20:01:59","slug":"kurse","status":"publish","type":"page","link":"https:\/\/hundehaltertraining.de\/index.php\/kurse\/","title":{"rendered":"Kurse"},"content":{"rendered":"\t\t<div data-elementor-type=\"wp-page\" data-elementor-id=\"19\" class=\"elementor elementor-19\">\n\t\t\t\t<div class=\"elementor-element elementor-element-3fbd6a3 e-flex e-con-boxed e-con e-parent\" data-id=\"3fbd6a3\" data-element_type=\"container\" data-e-type=\"container\">\n\t\t\t\t\t<div class=\"e-con-inner\">\n\t\t\t\t<div class=\"elementor-element elementor-element-f548d67 elementor-widget elementor-widget-heading\" data-id=\"f548d67\" data-element_type=\"widget\" data-e-type=\"widget\" data-widget_type=\"heading.default\">\n\t\t\t\t\t<h1 class=\"elementor-heading-title elementor-size-default\">Kurse<\/h1>\t\t\t\t<\/div>\n\t\t\t\t<div class=\"elementor-element elementor-element-64518cd elementor-widget elementor-widget-text-editor\" data-id=\"64518cd\" data-element_type=\"widget\" data-e-type=\"widget\" data-widget_type=\"text-editor.default\">\n\t\t\t\t\t\t\t\t\t<p>Bei uns steht die vertrauensvolle Zusammenarbeit zwischen Mensch und Hund im Mittelpunkt. Unser Kursangebot reicht vom strukturierten Grundlagentraining \u00fcber abwechslungsreiche Besch\u00e4ftigungsformen bis hin zu gezielten Intensivtrainings f\u00fcr besondere Bed\u00fcrfnisse. Jedes Mensch-Hund Team erh\u00e4lt genau die Unterst\u00fctzung, die es f\u00fcr den Alltag braucht.<\/p><p>In unserer <a href=\"https:\/\/hundehaltertraining.de\/index.php\/restplatzboerse\/\">Restplatzb\u00f6rse<\/a> findet Ihr kurzfristig freie Pl\u00e4tze \u2013 Ideal f\u00fcr alle, die spontan einsteigen m\u00f6chten.<\/p>\t\t\t\t\t\t\t\t<\/div>\n\t\t<div class=\"elementor-element elementor-element-3bf9ad6 e-grid e-con-full e-con e-child\" data-id=\"3bf9ad6\" data-element_type=\"container\" data-e-type=\"container\">\n\t\t\t\t<div class=\"elementor-element elementor-element-b3d503b elementor-widget elementor-widget-image\" data-id=\"b3d503b\" data-element_type=\"widget\" data-e-type=\"widget\" data-widget_type=\"image.default\">\n\t\t\t\t\t\t\t\t\t\t\t\t\t\t\t<img fetchpriority=\"high\" decoding=\"async\" width=\"300\" height=\"225\" src=\"https:\/\/hundehaltertraining.de\/wp-content\/uploads\/2026\/04\/Hundehaltertraining-Haus-Alsbach-Parcourplatz-und-Teppichscheune-300x225.jpeg\" class=\"attachment-medium size-medium wp-image-749\" alt=\"\" srcset=\"https:\/\/hundehaltertraining.de\/wp-content\/uploads\/2026\/04\/Hundehaltertraining-Haus-Alsbach-Parcourplatz-und-Teppichscheune-300x225.jpeg 300w, https:\/\/hundehaltertraining.de\/wp-content\/uploads\/2026\/04\/Hundehaltertraining-Haus-Alsbach-Parcourplatz-und-Teppichscheune-1024x768.jpeg 1024w, https:\/\/hundehaltertraining.de\/wp-content\/uploads\/2026\/04\/Hundehaltertraining-Haus-Alsbach-Parcourplatz-und-Teppichscheune-768x576.jpeg 768w, https:\/\/hundehaltertraining.de\/wp-content\/uploads\/2026\/04\/Hundehaltertraining-Haus-Alsbach-Parcourplatz-und-Teppichscheune-1536x1152.jpeg 1536w, https:\/\/hundehaltertraining.de\/wp-content\/uploads\/2026\/04\/Hundehaltertraining-Haus-Alsbach-Parcourplatz-und-Teppichscheune.jpeg 1600w\" sizes=\"(max-width: 300px) 100vw, 300px\" \/>\t\t\t\t\t\t\t\t\t\t\t\t\t\t\t<\/div>\n\t\t\t\t<div class=\"elementor-element elementor-element-1d5b58a elementor-widget elementor-widget-image\" data-id=\"1d5b58a\" data-element_type=\"widget\" data-e-type=\"widget\" data-widget_type=\"image.default\">\n\t\t\t\t\t\t\t\t\t\t\t\t\t\t\t<img decoding=\"async\" width=\"300\" height=\"225\" src=\"https:\/\/hundehaltertraining.de\/wp-content\/uploads\/2026\/04\/Hundehaltertraining-Haus-Alsbach-Sandscheune-innen-300x225.jpeg\" class=\"attachment-medium size-medium wp-image-751\" alt=\"\" srcset=\"https:\/\/hundehaltertraining.de\/wp-content\/uploads\/2026\/04\/Hundehaltertraining-Haus-Alsbach-Sandscheune-innen-300x225.jpeg 300w, https:\/\/hundehaltertraining.de\/wp-content\/uploads\/2026\/04\/Hundehaltertraining-Haus-Alsbach-Sandscheune-innen-1024x768.jpeg 1024w, https:\/\/hundehaltertraining.de\/wp-content\/uploads\/2026\/04\/Hundehaltertraining-Haus-Alsbach-Sandscheune-innen-768x576.jpeg 768w, https:\/\/hundehaltertraining.de\/wp-content\/uploads\/2026\/04\/Hundehaltertraining-Haus-Alsbach-Sandscheune-innen-1536x1152.jpeg 1536w, https:\/\/hundehaltertraining.de\/wp-content\/uploads\/2026\/04\/Hundehaltertraining-Haus-Alsbach-Sandscheune-innen.jpeg 1600w\" sizes=\"(max-width: 300px) 100vw, 300px\" \/>\t\t\t\t\t\t\t\t\t\t\t\t\t\t\t<\/div>\n\t\t\t\t<div class=\"elementor-element elementor-element-b174021 elementor-widget elementor-widget-image\" data-id=\"b174021\" data-element_type=\"widget\" data-e-type=\"widget\" data-widget_type=\"image.default\">\n\t\t\t\t\t\t\t\t\t\t\t\t\t\t\t<img decoding=\"async\" width=\"300\" height=\"225\" src=\"https:\/\/hundehaltertraining.de\/wp-content\/uploads\/2026\/04\/Hundehaltertraining-Haus-Alsbach-Kreiswiese-300x225.jpeg\" class=\"attachment-medium size-medium wp-image-755\" alt=\"\" srcset=\"https:\/\/hundehaltertraining.de\/wp-content\/uploads\/2026\/04\/Hundehaltertraining-Haus-Alsbach-Kreiswiese-300x225.jpeg 300w, https:\/\/hundehaltertraining.de\/wp-content\/uploads\/2026\/04\/Hundehaltertraining-Haus-Alsbach-Kreiswiese-1024x767.jpeg 1024w, https:\/\/hundehaltertraining.de\/wp-content\/uploads\/2026\/04\/Hundehaltertraining-Haus-Alsbach-Kreiswiese-768x576.jpeg 768w, https:\/\/hundehaltertraining.de\/wp-content\/uploads\/2026\/04\/Hundehaltertraining-Haus-Alsbach-Kreiswiese-1536x1151.jpeg 1536w, https:\/\/hundehaltertraining.de\/wp-content\/uploads\/2026\/04\/Hundehaltertraining-Haus-Alsbach-Kreiswiese.jpeg 1600w\" sizes=\"(max-width: 300px) 100vw, 300px\" \/>\t\t\t\t\t\t\t\t\t\t\t\t\t\t\t<\/div>\n\t\t\t\t<\/div>\n\t\t\t\t<div class=\"elementor-element elementor-element-75b4c36 elementor-widget elementor-widget-heading\" data-id=\"75b4c36\" data-element_type=\"widget\" data-e-type=\"widget\" data-widget_type=\"heading.default\">\n\t\t\t\t\t<h3 class=\"elementor-heading-title elementor-size-default\">Grundlagentraining<\/h3>\t\t\t\t<\/div>\n\t\t\t\t<div class=\"elementor-element elementor-element-d200b15 elementor-widget elementor-widget-text-editor\" data-id=\"d200b15\" data-element_type=\"widget\" data-e-type=\"widget\" data-widget_type=\"text-editor.default\">\n\t\t\t\t\t\t\t\t\t<ul><li><a href=\"https:\/\/hundehaltertraining.de\/index.php\/welpen-raudigruppen\/\">Welpen (ab der 9 Woche)<\/a><\/li><li><a href=\"https:\/\/hundehaltertraining.de\/index.php\/welpen-raudigruppen\/\">Raudis (ab der 16 Woche)<\/a><\/li><li><a href=\"https:\/\/hundehaltertraining.de\/index.php\/pubertiere-und-andere-chaoten\/\">Pubertiere und andere Chaoten<\/a> (Quereinsteiger und Tierschutzhunde)<\/li><li><a href=\"https:\/\/hundehaltertraining.de\/index.php\/erziehung\/\">Erziehung<\/a><\/li><li><a href=\"https:\/\/hundehaltertraining.de\/index.php\/handicap-entschleunigung\/\">Handicap\u00a0<\/a><\/li><li><a href=\"https:\/\/hundehaltertraining.de\/index.php\/hundefuehrerschein-2\/\">Hundef\u00fchrerschein<\/a><\/li><\/ul>\t\t\t\t\t\t\t\t<\/div>\n\t\t\t\t<div class=\"elementor-element elementor-element-4ae769c elementor-widget elementor-widget-heading\" data-id=\"4ae769c\" data-element_type=\"widget\" data-e-type=\"widget\" data-widget_type=\"heading.default\">\n\t\t\t\t\t<h3 class=\"elementor-heading-title elementor-size-default\">Besch\u00e4ftigung \/ Sport<\/h3>\t\t\t\t<\/div>\n\t\t\t\t<div class=\"elementor-element elementor-element-ab9bf48 elementor-widget elementor-widget-text-editor\" data-id=\"ab9bf48\" data-element_type=\"widget\" data-e-type=\"widget\" data-widget_type=\"text-editor.default\">\n\t\t\t\t\t\t\t\t\t<ul><li><a href=\"https:\/\/hundehaltertraining.de\/index.php\/teamarbeit\/\">Teamarbeit<\/a><\/li><li><a href=\"https:\/\/hundehaltertraining.de\/index.php\/parcours\/\">Parcours<\/a><\/li><li><a href=\"https:\/\/hundehaltertraining.de\/index.php\/dummy\/\">Dummy<\/a><\/li><li><a href=\"https:\/\/hundehaltertraining.de\/index.php\/kreisarbeit\/\">Kreisarbeit<\/a><\/li><li><a href=\"https:\/\/hundehaltertraining.de\/index.php\/nasenarbeit\/\">Nasenarbeit<\/a><\/li><li><a href=\"https:\/\/hundehaltertraining.de\/index.php\/hoopers\/\">Hoopers<\/a><\/li><li><a href=\"https:\/\/hundehaltertraining.de\/index.php\/mantrailing\/\">Mantrailing<\/a><\/li><li><a href=\"https:\/\/hundehaltertraining.de\/index.php\/trick-und-klick\/\">Trick und Klick<\/a><\/li><\/ul>\t\t\t\t\t\t\t\t<\/div>\n\t\t\t\t<div class=\"elementor-element elementor-element-255e010 elementor-widget elementor-widget-heading\" data-id=\"255e010\" data-element_type=\"widget\" data-e-type=\"widget\" data-widget_type=\"heading.default\">\n\t\t\t\t\t<h3 class=\"elementor-heading-title elementor-size-default\">Intensivtraining<\/h3>\t\t\t\t<\/div>\n\t\t\t\t<div class=\"elementor-element elementor-element-619df5b elementor-widget elementor-widget-text-editor\" data-id=\"619df5b\" data-element_type=\"widget\" data-e-type=\"widget\" data-widget_type=\"text-editor.default\">\n\t\t\t\t\t\t\t\t\t<ul><li><a href=\"https:\/\/hundehaltertraining.de\/index.php\/lockere-leine\/\">Lockere Leine<\/a><\/li><li><a href=\"https:\/\/hundehaltertraining.de\/index.php\/jagdkontrolle\/\">Jagdkontrolle<\/a><\/li><li><a href=\"https:\/\/hundehaltertraining.de\/index.php\/auslastung-fuer-jagdlich-motivierte-hunde\/\">Auslastung f\u00fcr jagdlich motivierte Hunde<\/a><\/li><li>Mensch-Hund ein Team<\/li><li><a href=\"https:\/\/hundehaltertraining.de\/index.php\/nasenarbeit-faehrten\/\">Nasenarbeit \u2013 F\u00e4hrten<\/a><\/li><li><a href=\"https:\/\/hundehaltertraining.de\/index.php\/nasenarbeit-verlorensuche\/\">Nasenarbeit \u2013 Verlorensuche<\/a><\/li><li><a href=\"https:\/\/hundehaltertraining.de\/index.php\/nasenarbeit-objektsuche\/\">Nasenarbeit \u2013 Objektsuche<\/a><\/li><li><a href=\"https:\/\/hundehaltertraining.de\/index.php\/welpen-und-rauditag\/\">Welpen- und Rauditag<\/a><\/li><\/ul>\t\t\t\t\t\t\t\t<\/div>\n\t\t\t\t<div class=\"elementor-element elementor-element-f3f4562 elementor-widget elementor-widget-heading\" data-id=\"f3f4562\" data-element_type=\"widget\" data-e-type=\"widget\" data-widget_type=\"heading.default\">\n\t\t\t\t\t<h3 class=\"elementor-heading-title elementor-size-default\"><a href=\"https:\/\/hundehaltertraining.de\/index.php\/schul-und-therapiehund\/\">Der Schul- und Therapiehund<\/a><\/h3>\t\t\t\t<\/div>\n\t\t\t\t<div class=\"elementor-element elementor-element-40fc80b elementor-widget elementor-widget-heading\" data-id=\"40fc80b\" data-element_type=\"widget\" data-e-type=\"widget\" data-widget_type=\"heading.default\">\n\t\t\t\t\t<h3 class=\"elementor-heading-title elementor-size-default\"><a href=\"https:\/\/hundehaltertraining.de\/index.php\/restplatzboerse\/\">Restplatzb\u00f6rse<\/a><\/h3>\t\t\t\t<\/div>\n\t\t\t\t<div class=\"elementor-element elementor-element-2941cde elementor-widget elementor-widget-button\" data-id=\"2941cde\" data-element_type=\"widget\" data-e-type=\"widget\" data-widget_type=\"button.default\">\n\t\t\t\t\t\t\t\t\t\t<a class=\"elementor-button elementor-button-link elementor-size-sm\" href=\"https:\/\/hundehaltertraining.de\/index.php\/anmeldung\/\">\n\t\t\t\t\t\t<span class=\"elementor-button-content-wrapper\">\n\t\t\t\t\t\t\t\t\t<span class=\"elementor-button-text\">Hier klicken zur Anmeldung<\/span>\n\t\t\t\t\t<\/span>\n\t\t\t\t\t<\/a>\n\t\t\t\t\t\t\t\t<\/div>\n\t\t\t\t<div class=\"elementor-element elementor-element-81c2d18 elementor-widget elementor-widget-button\" data-id=\"81c2d18\" data-element_type=\"widget\" data-e-type=\"widget\" data-widget_type=\"button.default\">\n\t\t\t\t\t\t\t\t\t\t<a class=\"elementor-button elementor-button-link elementor-size-sm\" href=\"https:\/\/hundehaltertraining.de\/\">\n\t\t\t\t\t\t<span class=\"elementor-button-content-wrapper\">\n\t\t\t\t\t\t\t\t\t<span class=\"elementor-button-text\">Zur\u00fcck<\/span>\n\t\t\t\t\t<\/span>\n\t\t\t\t\t<\/a>\n\t\t\t\t\t\t\t\t<\/div>\n\t\t\t\t\t<\/div>\n\t\t\t\t<\/div>\n\t\t\t\t<\/div>\n\t\t","protected":false},"excerpt":{"rendered":"<p>Kurse Bei uns steht die vertrauensvolle Zusammenarbeit zwischen Mensch und Hund im Mittelpunkt. Unser Kursangebot reicht vom strukturierten Grundlagentraining \u00fcber abwechslungsreiche Besch\u00e4ftigungsformen bis hin zu gezielten Intensivtrainings f\u00fcr besondere Bed\u00fcrfnisse. Jedes Mensch-Hund Team erh\u00e4lt genau die Unterst\u00fctzung, die es f\u00fcr den Alltag braucht. In unserer Restplatzb\u00f6rse findet Ihr kurzfristig freie Pl\u00e4tze \u2013 Ideal f\u00fcr alle, [&hellip;]<\/p>\n","protected":false},"author":1,"featured_media":0,"parent":0,"menu_order":0,"comment_status":"closed","ping_status":"closed","template":"","meta":{"footnotes":""},"class_list":["post-19","page","type-page","status-publish","hentry","wpbf-post"],"_links":{"self":[{"href":"https:\/\/hundehaltertraining.de\/index.php\/wp-json\/wp\/v2\/pages\/19","targetHints":{"allow":["GET"]}}],"collection":[{"href":"https:\/\/hundehaltertraining.de\/index.php\/wp-json\/wp\/v2\/pages"}],"about":[{"href":"https:\/\/hundehaltertraining.de\/index.php\/wp-json\/wp\/v2\/types\/page"}],"author":[{"embeddable":true,"href":"https:\/\/hundehaltertraining.de\/index.php\/wp-json\/wp\/v2\/users\/1"}],"replies":[{"embeddable":true,"href":"https:\/\/hundehaltertraining.de\/index.php\/wp-json\/wp\/v2\/comments?post=19"}],"version-history":[{"count":37,"href":"https:\/\/hundehaltertraining.de\/index.php\/wp-json\/wp\/v2\/pages\/19\/revisions"}],"predecessor-version":[{"id":758,"href":"https:\/\/hundehaltertraining.de\/index.php\/wp-json\/wp\/v2\/pages\/19\/revisions\/758"}],"wp:attachment":[{"href":"https:\/\/hundehaltertraining.de\/index.php\/wp-json\/wp\/v2\/media?parent=19"}],"curies":[{"name":"wp","href":"https:\/\/api.w.org\/{rel}","templated":true}]}}