{"id":197,"date":"2026-03-05T20:30:29","date_gmt":"2026-03-05T20:30:29","guid":{"rendered":"https:\/\/hundehaltertraining.de\/?page_id=197"},"modified":"2026-03-06T17:40:09","modified_gmt":"2026-03-06T17:40:09","slug":"kreisarbeit","status":"publish","type":"page","link":"https:\/\/hundehaltertraining.de\/index.php\/kreisarbeit\/","title":{"rendered":"Kreisarbeit"},"content":{"rendered":"\t\t<div data-elementor-type=\"wp-page\" data-elementor-id=\"197\" class=\"elementor elementor-197\">\n\t\t\t\t<div class=\"elementor-element elementor-element-54e9b2c e-flex e-con-boxed e-con e-parent\" data-id=\"54e9b2c\" data-element_type=\"container\" data-e-type=\"container\">\n\t\t\t\t\t<div class=\"e-con-inner\">\n\t\t\t\t<div class=\"elementor-element elementor-element-fd8609d elementor-widget elementor-widget-heading\" data-id=\"fd8609d\" data-element_type=\"widget\" data-e-type=\"widget\" data-widget_type=\"heading.default\">\n\t\t\t\t\t<h2 class=\"elementor-heading-title elementor-size-default\">Richtig kommunizieren, konsequent\nanleiten, miteinander arbeiten<\/h2>\t\t\t\t<\/div>\n\t\t\t\t<div class=\"elementor-element elementor-element-ae04de4 elementor-widget elementor-widget-text-editor\" data-id=\"ae04de4\" data-element_type=\"widget\" data-e-type=\"widget\" data-widget_type=\"text-editor.default\">\n\t\t\t\t\t\t\t\t\t<p>Schauen Sie sich einmal das nat\u00fcrliche Bewegungsverhalten eines Hundes an:<\/p>\n<ul>\n<li>Beim Spielen bewegt er sich h\u00e4ufig auf einem Kreisbogen,<\/li>\n<li>beim Jagen umkreist das Rudel die Beute,<\/li>\n<li>er baut Stress ab, indem er auf einem Kreisbogen l\u00e4uft,<\/li>\n<li>vieles in der freien Bewegungsfolge beginnt kreisend.<\/li>\n<\/ul>\n<p>Dies alles nutzt das Kreistraining. Die Arbeit an Kreisen entspricht vollkommen dem<br \/>nat\u00fcrlichen Bewegungsverhalten von Hunden, deshalb sind sie entspannter und<br \/>lernf\u00e4higer. Es f\u00e4llt ihnen leichter, sich ganz auf die Arbeit mit ihrem Mensch zu<br \/>konzentrieren.<\/p>\n<p><strong>\u201eGeh deinen eigenen Weg!\u201c<\/strong><br \/>Ein Mensch-Hund-Team, das sich vertraut, sich auf die gemeinsame Arbeit freut und<br \/>\u00fcber ein unsichtbares Band hierbei die Verbindung h\u00e4lt. Das ist das Ziel \u2013 und es<br \/>klingt schwieriger als es ist. Am Anfang staunte ich auch sehr. Staunte \u00fcber die<br \/>Hunde. Konnte es sein, dass H\u00fctehunde schon bei der kleinsten Schulterbewegung<br \/>in die andere Richtung liefen oder einen anderen Kreis ansteuerten, nur weil ein Fu\u00df<br \/>des Menschen au\u00dferhalb des Kreises war? War das die Antwort auf<br \/>Missverst\u00e4ndnisse bei der Ausf\u00fchrung des geplanten Ablaufs? Viele<br \/>Videoaufzeichnungen belegten: Es war so!<\/p>\n<p><strong>Bindung : die unsichtbare Leine<\/strong><br \/>Nun \u00f6ffnete sich das Tor zu der heutigen Arbeit an den Kreisen. Der Mensch lernt,<br \/>dass jede kleinste Ver\u00e4nderung in seiner K\u00f6rpersprache den Hund f\u00fchrt. Er lernt,<br \/>sich in seinen Bewegungen und K\u00f6rpersignalen zu kontrollieren und ist oft<br \/>vollkommen verbl\u00fcfft, wie aufmerksam der Hund mitarbeitet und was er sofort<br \/>umsetzen kann. Jedes Team ist anders und muss im eignen Tempo daran arbeiten,<br \/>seine ganz individuelle Basis zu finden und gegenseitiges Vertrauen aufzubauen. Mit<br \/>jedem Training w\u00e4chst dieses Vertrauen zueinander, orientiert sich der Hund mehr<br \/>an seinem Menschen und das erm\u00f6glicht eine gr\u00f6\u00dfere Distanz bei der Kreisarbeit.<br \/>Das gro\u00dfe Aha-Erlebnis an dem Tag, wenn die Arbeit freiwillig \u2013 ohne Druck und<br \/>ohne Leine \u2013 nur \u00fcber Kommunikation und Vertrauen miteinander m\u00f6glich ist, hat<br \/>immer die gleiche Wirkung auf alle Beteiligten: Von nun an ist eine ganz andere<br \/>Ebene der Verst\u00e4ndigung erreicht. Mit viel Geduld und guten Bewegungselementen<br \/>ziehen dann beispielsweise auch jagende Hunde, die Arbeit mit ihrem Menschen vor.<br \/>Oder: Hunde, die vorher Sozialunvertr\u00e4glichkeiten gegen Artgenossen zeigten,<br \/>bleiben bei ihrem Menschen, w\u00e4hrend andere Hunde an Nachbarkreisen arbeiten.<\/p>\n<p>Die Arbeit an den Kreisen ist universell als Einzeltraining oder als Gruppentraining<br \/>einzusetzen und \u00f6ffnet oft T\u00fcren, die f\u00fcr manche Hundehalter und ihren Hund bisher<br \/>verschlossen waren.<\/p>\t\t\t\t\t\t\t\t<\/div>\n\t\t\t\t\t<\/div>\n\t\t\t\t<\/div>\n\t\t<div class=\"elementor-element elementor-element-1ddecdf e-grid e-con-full e-con e-parent\" data-id=\"1ddecdf\" data-element_type=\"container\" data-e-type=\"container\">\n\t\t\t\t<div class=\"elementor-element elementor-element-8228fa2 elementor-widget elementor-widget-image\" data-id=\"8228fa2\" data-element_type=\"widget\" data-e-type=\"widget\" data-widget_type=\"image.default\">\n\t\t\t\t\t\t\t\t\t\t\t\t\t\t\t<img fetchpriority=\"high\" decoding=\"async\" width=\"300\" height=\"225\" src=\"https:\/\/hundehaltertraining.de\/wp-content\/uploads\/2026\/03\/Kreisarbeit2-300x225.jpg\" class=\"attachment-medium size-medium wp-image-162\" alt=\"\" srcset=\"https:\/\/hundehaltertraining.de\/wp-content\/uploads\/2026\/03\/Kreisarbeit2-300x225.jpg 300w, https:\/\/hundehaltertraining.de\/wp-content\/uploads\/2026\/03\/Kreisarbeit2-1024x768.jpg 1024w, https:\/\/hundehaltertraining.de\/wp-content\/uploads\/2026\/03\/Kreisarbeit2-768x576.jpg 768w, https:\/\/hundehaltertraining.de\/wp-content\/uploads\/2026\/03\/Kreisarbeit2-1536x1152.jpg 1536w, https:\/\/hundehaltertraining.de\/wp-content\/uploads\/2026\/03\/Kreisarbeit2-2048x1536.jpg 2048w\" sizes=\"(max-width: 300px) 100vw, 300px\" \/>\t\t\t\t\t\t\t\t\t\t\t\t\t\t\t<\/div>\n\t\t\t\t<div class=\"elementor-element elementor-element-394974e elementor-widget elementor-widget-image\" data-id=\"394974e\" data-element_type=\"widget\" data-e-type=\"widget\" data-widget_type=\"image.default\">\n\t\t\t\t\t\t\t\t\t\t\t\t\t\t\t<img decoding=\"async\" width=\"300\" height=\"200\" src=\"https:\/\/hundehaltertraining.de\/wp-content\/uploads\/2026\/03\/Husky-Kreisarbeit-Schnee-300x200.jpg\" class=\"attachment-medium size-medium wp-image-272\" alt=\"\" srcset=\"https:\/\/hundehaltertraining.de\/wp-content\/uploads\/2026\/03\/Husky-Kreisarbeit-Schnee-300x200.jpg 300w, https:\/\/hundehaltertraining.de\/wp-content\/uploads\/2026\/03\/Husky-Kreisarbeit-Schnee-1024x683.jpg 1024w, https:\/\/hundehaltertraining.de\/wp-content\/uploads\/2026\/03\/Husky-Kreisarbeit-Schnee-768x512.jpg 768w, https:\/\/hundehaltertraining.de\/wp-content\/uploads\/2026\/03\/Husky-Kreisarbeit-Schnee-1536x1024.jpg 1536w, https:\/\/hundehaltertraining.de\/wp-content\/uploads\/2026\/03\/Husky-Kreisarbeit-Schnee-2048x1365.jpg 2048w\" sizes=\"(max-width: 300px) 100vw, 300px\" \/>\t\t\t\t\t\t\t\t\t\t\t\t\t\t\t<\/div>\n\t\t\t\t<div class=\"elementor-element elementor-element-a17077d elementor-widget elementor-widget-image\" data-id=\"a17077d\" data-element_type=\"widget\" data-e-type=\"widget\" data-widget_type=\"image.default\">\n\t\t\t\t\t\t\t\t\t\t\t\t\t\t\t<img decoding=\"async\" width=\"300\" height=\"225\" src=\"https:\/\/hundehaltertraining.de\/wp-content\/uploads\/2026\/03\/Kreisarbeit1-300x225.jpg\" class=\"attachment-medium size-medium wp-image-161\" alt=\"\" srcset=\"https:\/\/hundehaltertraining.de\/wp-content\/uploads\/2026\/03\/Kreisarbeit1-300x225.jpg 300w, https:\/\/hundehaltertraining.de\/wp-content\/uploads\/2026\/03\/Kreisarbeit1.jpg 500w\" sizes=\"(max-width: 300px) 100vw, 300px\" \/>\t\t\t\t\t\t\t\t\t\t\t\t\t\t\t<\/div>\n\t\t\t\t<\/div>\n\t\t<div class=\"elementor-element elementor-element-44458b6 e-flex e-con-boxed e-con e-parent\" data-id=\"44458b6\" data-element_type=\"container\" data-e-type=\"container\">\n\t\t\t\t\t<div class=\"e-con-inner\">\n\t\t\t\t<div class=\"elementor-element elementor-element-6a72b40 elementor-widget elementor-widget-button\" data-id=\"6a72b40\" data-element_type=\"widget\" data-e-type=\"widget\" data-widget_type=\"button.default\">\n\t\t\t\t\t\t\t\t\t\t<a class=\"elementor-button elementor-button-link elementor-size-sm\" href=\"https:\/\/hundehaltertraining.de\/index.php\/beschaeftigung-sport\/\">\n\t\t\t\t\t\t<span class=\"elementor-button-content-wrapper\">\n\t\t\t\t\t\t\t\t\t<span class=\"elementor-button-text\">Zur\u00fcck<\/span>\n\t\t\t\t\t<\/span>\n\t\t\t\t\t<\/a>\n\t\t\t\t\t\t\t\t<\/div>\n\t\t\t\t\t<\/div>\n\t\t\t\t<\/div>\n\t\t\t\t<\/div>\n\t\t","protected":false},"excerpt":{"rendered":"<p>Richtig kommunizieren, konsequent anleiten, miteinander arbeiten Schauen Sie sich einmal das nat\u00fcrliche Bewegungsverhalten eines Hundes an: Beim Spielen bewegt er sich h\u00e4ufig auf einem Kreisbogen, beim Jagen umkreist das Rudel die Beute, er baut Stress ab, indem er auf einem Kreisbogen l\u00e4uft, vieles in der freien Bewegungsfolge beginnt kreisend. Dies alles nutzt das Kreistraining. Die [&hellip;]<\/p>\n","protected":false},"author":2,"featured_media":0,"parent":0,"menu_order":0,"comment_status":"closed","ping_status":"closed","template":"","meta":{"footnotes":""},"class_list":["post-197","page","type-page","status-publish","hentry","wpbf-post"],"_links":{"self":[{"href":"https:\/\/hundehaltertraining.de\/index.php\/wp-json\/wp\/v2\/pages\/197","targetHints":{"allow":["GET"]}}],"collection":[{"href":"https:\/\/hundehaltertraining.de\/index.php\/wp-json\/wp\/v2\/pages"}],"about":[{"href":"https:\/\/hundehaltertraining.de\/index.php\/wp-json\/wp\/v2\/types\/page"}],"author":[{"embeddable":true,"href":"https:\/\/hundehaltertraining.de\/index.php\/wp-json\/wp\/v2\/users\/2"}],"replies":[{"embeddable":true,"href":"https:\/\/hundehaltertraining.de\/index.php\/wp-json\/wp\/v2\/comments?post=197"}],"version-history":[{"count":18,"href":"https:\/\/hundehaltertraining.de\/index.php\/wp-json\/wp\/v2\/pages\/197\/revisions"}],"predecessor-version":[{"id":281,"href":"https:\/\/hundehaltertraining.de\/index.php\/wp-json\/wp\/v2\/pages\/197\/revisions\/281"}],"wp:attachment":[{"href":"https:\/\/hundehaltertraining.de\/index.php\/wp-json\/wp\/v2\/media?parent=197"}],"curies":[{"name":"wp","href":"https:\/\/api.w.org\/{rel}","templated":true}]}}