{"id":221,"date":"2026-03-05T21:25:14","date_gmt":"2026-03-05T21:25:14","guid":{"rendered":"https:\/\/hundehaltertraining.de\/?page_id=221"},"modified":"2026-03-06T17:37:02","modified_gmt":"2026-03-06T17:37:02","slug":"dummy","status":"publish","type":"page","link":"https:\/\/hundehaltertraining.de\/index.php\/dummy\/","title":{"rendered":"Dummy"},"content":{"rendered":"\t\t<div data-elementor-type=\"wp-page\" data-elementor-id=\"221\" class=\"elementor elementor-221\">\n\t\t\t\t<div class=\"elementor-element elementor-element-badf014 e-flex e-con-boxed e-con e-parent\" data-id=\"badf014\" data-element_type=\"container\" data-e-type=\"container\">\n\t\t\t\t\t<div class=\"e-con-inner\">\n\t\t\t\t<div class=\"elementor-element elementor-element-ad1ca97 elementor-widget elementor-widget-heading\" data-id=\"ad1ca97\" data-element_type=\"widget\" data-e-type=\"widget\" data-widget_type=\"heading.default\">\n\t\t\t\t\t<h2 class=\"elementor-heading-title elementor-size-default\">Warum und was ist so sch\u00f6n und faszinierend an der Dummyarbeit ?<\/h2>\t\t\t\t<\/div>\n\t\t\t\t<div class=\"elementor-element elementor-element-df914c5 elementor-widget elementor-widget-text-editor\" data-id=\"df914c5\" data-element_type=\"widget\" data-e-type=\"widget\" data-widget_type=\"text-editor.default\">\n\t\t\t\t\t\t\t\t\t<p>Es st\u00e4rkt immens die Bindung zum Menschen.<br \/>Hier werden alle Sinne des Hundes gebraucht und gef\u00f6rdert.<br \/>Der Hund darf seine F\u00e4higkeiten ausleben, st\u00e4rken und verbessern. Lernen mit seinem<br \/>Menschen.<\/p><p><strong>Wir lernen zusammen:<\/strong><\/p><ul><li>Einweisen auf den Punkt<\/li><li>das Markieren und Apportieren nachdem ein Dummy geworfenen wurde und das in immer<br \/>gr\u00f6\u00dferem Abst\u00e4nden.<\/li><li>Die Freiverlorensuche -die gr\u00f6\u00dfte Freude f\u00fcr den Hund der gr\u00f6\u00dfte Stolz f\u00fcr den Menschen.<br \/>Hier wei\u00df weder der Mensch noch der Hund wo die Dummys liegen.<br \/>In einem vorgegebenen Bereich darf der Hund allein suchen, finden und mit gro\u00dfer Freude<br \/>jeden einzeln bringen.<\/li><\/ul><p>Das alles ist kein unerreichbares Ziel, es wird in kleinschrittigen Trainingseinheiten an jedem<br \/>neuen Etappenziel gearbeitet.<\/p>\t\t\t\t\t\t\t\t<\/div>\n\t\t<div class=\"elementor-element elementor-element-568d3ed e-grid e-con-full e-con e-child\" data-id=\"568d3ed\" data-element_type=\"container\" data-e-type=\"container\">\n\t\t\t\t<div class=\"elementor-element elementor-element-d5fbae2 elementor-widget elementor-widget-image\" data-id=\"d5fbae2\" data-element_type=\"widget\" data-e-type=\"widget\" data-widget_type=\"image.default\">\n\t\t\t\t\t\t\t\t\t\t\t\t\t\t\t<img fetchpriority=\"high\" decoding=\"async\" width=\"200\" height=\"300\" src=\"https:\/\/hundehaltertraining.de\/wp-content\/uploads\/2026\/03\/Dummytraining-Labrador-Hundefuehrerin-200x300.jpg\" class=\"attachment-medium size-medium wp-image-261\" alt=\"\" srcset=\"https:\/\/hundehaltertraining.de\/wp-content\/uploads\/2026\/03\/Dummytraining-Labrador-Hundefuehrerin-200x300.jpg 200w, https:\/\/hundehaltertraining.de\/wp-content\/uploads\/2026\/03\/Dummytraining-Labrador-Hundefuehrerin-682x1024.jpg 682w, https:\/\/hundehaltertraining.de\/wp-content\/uploads\/2026\/03\/Dummytraining-Labrador-Hundefuehrerin-768x1153.jpg 768w, https:\/\/hundehaltertraining.de\/wp-content\/uploads\/2026\/03\/Dummytraining-Labrador-Hundefuehrerin-1023x1536.jpg 1023w, https:\/\/hundehaltertraining.de\/wp-content\/uploads\/2026\/03\/Dummytraining-Labrador-Hundefuehrerin.jpg 1066w\" sizes=\"(max-width: 200px) 100vw, 200px\" \/>\t\t\t\t\t\t\t\t\t\t\t\t\t\t\t<\/div>\n\t\t\t\t<div class=\"elementor-element elementor-element-1e3db53 elementor-widget elementor-widget-image\" data-id=\"1e3db53\" data-element_type=\"widget\" data-e-type=\"widget\" data-widget_type=\"image.default\">\n\t\t\t\t\t\t\t\t\t\t\t\t\t\t\t<img decoding=\"async\" width=\"1024\" height=\"682\" src=\"https:\/\/hundehaltertraining.de\/wp-content\/uploads\/2026\/03\/Labrador-Dummytraining-schwarz-weiss-1024x682.jpg\" class=\"attachment-large size-large wp-image-259\" alt=\"\" srcset=\"https:\/\/hundehaltertraining.de\/wp-content\/uploads\/2026\/03\/Labrador-Dummytraining-schwarz-weiss-1024x682.jpg 1024w, https:\/\/hundehaltertraining.de\/wp-content\/uploads\/2026\/03\/Labrador-Dummytraining-schwarz-weiss-300x200.jpg 300w, https:\/\/hundehaltertraining.de\/wp-content\/uploads\/2026\/03\/Labrador-Dummytraining-schwarz-weiss-768x512.jpg 768w, https:\/\/hundehaltertraining.de\/wp-content\/uploads\/2026\/03\/Labrador-Dummytraining-schwarz-weiss-1536x1023.jpg 1536w, https:\/\/hundehaltertraining.de\/wp-content\/uploads\/2026\/03\/Labrador-Dummytraining-schwarz-weiss.jpg 1600w\" sizes=\"(max-width: 1024px) 100vw, 1024px\" \/>\t\t\t\t\t\t\t\t\t\t\t\t\t\t\t<\/div>\n\t\t\t\t<div class=\"elementor-element elementor-element-d716658 elementor-widget elementor-widget-image\" data-id=\"d716658\" data-element_type=\"widget\" data-e-type=\"widget\" data-widget_type=\"image.default\">\n\t\t\t\t\t\t\t\t\t\t\t\t\t\t\t<img decoding=\"async\" width=\"200\" height=\"300\" src=\"https:\/\/hundehaltertraining.de\/wp-content\/uploads\/2026\/03\/Dummy-Labrador-Regenwetter-200x300.jpg\" class=\"attachment-medium size-medium wp-image-260\" alt=\"\" srcset=\"https:\/\/hundehaltertraining.de\/wp-content\/uploads\/2026\/03\/Dummy-Labrador-Regenwetter-200x300.jpg 200w, https:\/\/hundehaltertraining.de\/wp-content\/uploads\/2026\/03\/Dummy-Labrador-Regenwetter-682x1024.jpg 682w, https:\/\/hundehaltertraining.de\/wp-content\/uploads\/2026\/03\/Dummy-Labrador-Regenwetter-768x1153.jpg 768w, https:\/\/hundehaltertraining.de\/wp-content\/uploads\/2026\/03\/Dummy-Labrador-Regenwetter-1023x1536.jpg 1023w, https:\/\/hundehaltertraining.de\/wp-content\/uploads\/2026\/03\/Dummy-Labrador-Regenwetter.jpg 1066w\" sizes=\"(max-width: 200px) 100vw, 200px\" \/>\t\t\t\t\t\t\t\t\t\t\t\t\t\t\t<\/div>\n\t\t<div class=\"elementor-element elementor-element-2096ebb e-con-full e-flex e-con e-child\" data-id=\"2096ebb\" data-element_type=\"container\" data-e-type=\"container\">\n\t\t\t\t<\/div>\n\t\t\t\t<\/div>\n\t\t\t\t\t<\/div>\n\t\t\t\t<\/div>\n\t\t<div class=\"elementor-element elementor-element-96b6f43 e-grid e-con-boxed e-con e-parent\" data-id=\"96b6f43\" data-element_type=\"container\" data-e-type=\"container\">\n\t\t\t\t\t<div class=\"e-con-inner\">\n\t\t\t\t<div class=\"elementor-element elementor-element-3015c63 elementor-widget elementor-widget-image\" data-id=\"3015c63\" data-element_type=\"widget\" data-e-type=\"widget\" data-widget_type=\"image.default\">\n\t\t\t\t\t\t\t\t\t\t\t\t\t\t\t<img loading=\"lazy\" decoding=\"async\" width=\"300\" height=\"225\" src=\"https:\/\/hundehaltertraining.de\/wp-content\/uploads\/2026\/03\/Labrador-Dummytraining-braun-300x225.jpg\" class=\"attachment-medium size-medium wp-image-271\" alt=\"\" srcset=\"https:\/\/hundehaltertraining.de\/wp-content\/uploads\/2026\/03\/Labrador-Dummytraining-braun-300x225.jpg 300w, https:\/\/hundehaltertraining.de\/wp-content\/uploads\/2026\/03\/Labrador-Dummytraining-braun-1024x768.jpg 1024w, https:\/\/hundehaltertraining.de\/wp-content\/uploads\/2026\/03\/Labrador-Dummytraining-braun-768x576.jpg 768w, https:\/\/hundehaltertraining.de\/wp-content\/uploads\/2026\/03\/Labrador-Dummytraining-braun-1536x1152.jpg 1536w, https:\/\/hundehaltertraining.de\/wp-content\/uploads\/2026\/03\/Labrador-Dummytraining-braun.jpg 2016w\" sizes=\"(max-width: 300px) 100vw, 300px\" \/>\t\t\t\t\t\t\t\t\t\t\t\t\t\t\t<\/div>\n\t\t\t\t<div class=\"elementor-element elementor-element-3afac33 elementor-widget elementor-widget-image\" data-id=\"3afac33\" data-element_type=\"widget\" data-e-type=\"widget\" data-widget_type=\"image.default\">\n\t\t\t\t\t\t\t\t\t\t\t\t\t\t\t<img loading=\"lazy\" decoding=\"async\" width=\"300\" height=\"212\" src=\"https:\/\/hundehaltertraining.de\/wp-content\/uploads\/2026\/03\/Dummytraining-Blumenwiese-Aussie-300x212.jpg\" class=\"attachment-medium size-medium wp-image-270\" alt=\"\" srcset=\"https:\/\/hundehaltertraining.de\/wp-content\/uploads\/2026\/03\/Dummytraining-Blumenwiese-Aussie-300x212.jpg 300w, https:\/\/hundehaltertraining.de\/wp-content\/uploads\/2026\/03\/Dummytraining-Blumenwiese-Aussie-1024x724.jpg 1024w, https:\/\/hundehaltertraining.de\/wp-content\/uploads\/2026\/03\/Dummytraining-Blumenwiese-Aussie-768x543.jpg 768w, https:\/\/hundehaltertraining.de\/wp-content\/uploads\/2026\/03\/Dummytraining-Blumenwiese-Aussie.jpg 1280w\" sizes=\"(max-width: 300px) 100vw, 300px\" \/>\t\t\t\t\t\t\t\t\t\t\t\t\t\t\t<\/div>\n\t\t\t\t\t<\/div>\n\t\t\t\t<\/div>\n\t\t<div class=\"elementor-element elementor-element-d8e57b1 e-flex e-con-boxed e-con e-parent\" data-id=\"d8e57b1\" data-element_type=\"container\" data-e-type=\"container\">\n\t\t\t\t\t<div class=\"e-con-inner\">\n\t\t\t\t<div class=\"elementor-element elementor-element-27a7cb1 elementor-widget elementor-widget-button\" data-id=\"27a7cb1\" data-element_type=\"widget\" data-e-type=\"widget\" data-widget_type=\"button.default\">\n\t\t\t\t\t\t\t\t\t\t<a class=\"elementor-button elementor-button-link elementor-size-sm\" href=\"https:\/\/hundehaltertraining.de\/index.php\/beschaeftigung-sport\/\">\n\t\t\t\t\t\t<span class=\"elementor-button-content-wrapper\">\n\t\t\t\t\t\t\t\t\t<span class=\"elementor-button-text\">Zur\u00fcck<\/span>\n\t\t\t\t\t<\/span>\n\t\t\t\t\t<\/a>\n\t\t\t\t\t\t\t\t<\/div>\n\t\t\t\t\t<\/div>\n\t\t\t\t<\/div>\n\t\t\t\t<\/div>\n\t\t","protected":false},"excerpt":{"rendered":"<p>Warum und was ist so sch\u00f6n und faszinierend an der Dummyarbeit ? Es st\u00e4rkt immens die Bindung zum Menschen.Hier werden alle Sinne des Hundes gebraucht und gef\u00f6rdert.Der Hund darf seine F\u00e4higkeiten ausleben, st\u00e4rken und verbessern. Lernen mit seinemMenschen. Wir lernen zusammen: Einweisen auf den Punkt das Markieren und Apportieren nachdem ein Dummy geworfenen wurde und [&hellip;]<\/p>\n","protected":false},"author":2,"featured_media":0,"parent":0,"menu_order":0,"comment_status":"closed","ping_status":"closed","template":"","meta":{"footnotes":""},"class_list":["post-221","page","type-page","status-publish","hentry","wpbf-post"],"_links":{"self":[{"href":"https:\/\/hundehaltertraining.de\/index.php\/wp-json\/wp\/v2\/pages\/221","targetHints":{"allow":["GET"]}}],"collection":[{"href":"https:\/\/hundehaltertraining.de\/index.php\/wp-json\/wp\/v2\/pages"}],"about":[{"href":"https:\/\/hundehaltertraining.de\/index.php\/wp-json\/wp\/v2\/types\/page"}],"author":[{"embeddable":true,"href":"https:\/\/hundehaltertraining.de\/index.php\/wp-json\/wp\/v2\/users\/2"}],"replies":[{"embeddable":true,"href":"https:\/\/hundehaltertraining.de\/index.php\/wp-json\/wp\/v2\/comments?post=221"}],"version-history":[{"count":10,"href":"https:\/\/hundehaltertraining.de\/index.php\/wp-json\/wp\/v2\/pages\/221\/revisions"}],"predecessor-version":[{"id":275,"href":"https:\/\/hundehaltertraining.de\/index.php\/wp-json\/wp\/v2\/pages\/221\/revisions\/275"}],"wp:attachment":[{"href":"https:\/\/hundehaltertraining.de\/index.php\/wp-json\/wp\/v2\/media?parent=221"}],"curies":[{"name":"wp","href":"https:\/\/api.w.org\/{rel}","templated":true}]}}