{"id":385,"date":"2026-03-12T12:12:07","date_gmt":"2026-03-12T12:12:07","guid":{"rendered":"https:\/\/hundehaltertraining.de\/?page_id=385"},"modified":"2026-03-12T12:14:03","modified_gmt":"2026-03-12T12:14:03","slug":"auslastung-fuer-jagdlich-motivierte-hunde","status":"publish","type":"page","link":"https:\/\/hundehaltertraining.de\/index.php\/auslastung-fuer-jagdlich-motivierte-hunde\/","title":{"rendered":"Auslastung f\u00fcr jagdlich motivierte Hunde"},"content":{"rendered":"\t\t<div data-elementor-type=\"wp-page\" data-elementor-id=\"385\" class=\"elementor elementor-385\">\n\t\t\t\t<div class=\"elementor-element elementor-element-a816f4f e-flex e-con-boxed e-con e-parent\" data-id=\"a816f4f\" data-element_type=\"container\" data-e-type=\"container\">\n\t\t\t\t\t<div class=\"e-con-inner\">\n\t\t\t\t<div class=\"elementor-element elementor-element-f797567 elementor-widget elementor-widget-heading\" data-id=\"f797567\" data-element_type=\"widget\" data-e-type=\"widget\" data-widget_type=\"heading.default\">\n\t\t\t\t\t<h1 class=\"elementor-heading-title elementor-size-default\">Auslastung f\u00fcr jagdlich motivierte Hunde<\/h1>\t\t\t\t<\/div>\n\t\t\t\t<div class=\"elementor-element elementor-element-834d758 elementor-widget elementor-widget-text-editor\" data-id=\"834d758\" data-element_type=\"widget\" data-e-type=\"widget\" data-widget_type=\"text-editor.default\">\n\t\t\t\t\t\t\t\t\t<p>Die meisten von uns haben Hunde, die gerne jagen, sei es indem sie Spuren oder sichtig schnell bewegende Objekte, auch weglaufende Tiere, verfolgen. Jagdverhalten kann nicht wegtrainiert werden. Es ist ein Verhalten, was genetisch angelegt ist und immer wieder auftaucht. Je nach Rasse oder Mischung kann der Ausl\u00f6ser durchaus unterschiedlich sein.\u00a0<u><\/u><u><\/u><\/p><p>Wir k\u00f6nnen mit verschiedenen \u00dcbungen und Spielen, die uns beiden, also Hund und Halter, Spa\u00df machen, diese Motivation auffangen und den Hund dadurch optimal auslasten. Das f\u00fchrt im Nebeneffekt dazu, dass der Hund sein Lieblingsverhalten mit uns aus\u00fcbt und man auch mit kleinen \u00dcbungen auf\u00a0Spazierg\u00e4ngen den Hund besser kontrollieren kann. Das Lesen des Hundes, um denn Beginn des Jagdverhaltens erkennen zu k\u00f6nnen, erarbeiten wird uns im Workshop.\u00a0<u><\/u><u><\/u><\/p><p>In diesem Workshop werden dem Hundhalter daf\u00fcr verschiedene \u00dcbungen und Spiele vermittelt, die er dann auf dem Spaziergang und zu Hause mit dem Hund aus\u00fcben kann.\u00a0<\/p>\t\t\t\t\t\t\t\t<\/div>\n\t\t\t\t<div class=\"elementor-element elementor-element-3878730 elementor-widget elementor-widget-button\" data-id=\"3878730\" data-element_type=\"widget\" data-e-type=\"widget\" data-widget_type=\"button.default\">\n\t\t\t\t\t\t\t\t\t\t<a class=\"elementor-button elementor-button-link elementor-size-sm\" href=\"https:\/\/hundehaltertraining.de\/index.php\/kurse\/\">\n\t\t\t\t\t\t<span class=\"elementor-button-content-wrapper\">\n\t\t\t\t\t\t\t\t\t<span class=\"elementor-button-text\">Zur\u00fcck <\/span>\n\t\t\t\t\t<\/span>\n\t\t\t\t\t<\/a>\n\t\t\t\t\t\t\t\t<\/div>\n\t\t\t\t\t<\/div>\n\t\t\t\t<\/div>\n\t\t\t\t<\/div>\n\t\t","protected":false},"excerpt":{"rendered":"<p>Auslastung f\u00fcr jagdlich motivierte Hunde Die meisten von uns haben Hunde, die gerne jagen, sei es indem sie Spuren oder sichtig schnell bewegende Objekte, auch weglaufende Tiere, verfolgen. Jagdverhalten kann nicht wegtrainiert werden. Es ist ein Verhalten, was genetisch angelegt ist und immer wieder auftaucht. Je nach Rasse oder Mischung kann der Ausl\u00f6ser durchaus unterschiedlich [&hellip;]<\/p>\n","protected":false},"author":2,"featured_media":0,"parent":0,"menu_order":0,"comment_status":"closed","ping_status":"closed","template":"","meta":{"footnotes":""},"class_list":["post-385","page","type-page","status-publish","hentry","wpbf-post"],"_links":{"self":[{"href":"https:\/\/hundehaltertraining.de\/index.php\/wp-json\/wp\/v2\/pages\/385","targetHints":{"allow":["GET"]}}],"collection":[{"href":"https:\/\/hundehaltertraining.de\/index.php\/wp-json\/wp\/v2\/pages"}],"about":[{"href":"https:\/\/hundehaltertraining.de\/index.php\/wp-json\/wp\/v2\/types\/page"}],"author":[{"embeddable":true,"href":"https:\/\/hundehaltertraining.de\/index.php\/wp-json\/wp\/v2\/users\/2"}],"replies":[{"embeddable":true,"href":"https:\/\/hundehaltertraining.de\/index.php\/wp-json\/wp\/v2\/comments?post=385"}],"version-history":[{"count":4,"href":"https:\/\/hundehaltertraining.de\/index.php\/wp-json\/wp\/v2\/pages\/385\/revisions"}],"predecessor-version":[{"id":390,"href":"https:\/\/hundehaltertraining.de\/index.php\/wp-json\/wp\/v2\/pages\/385\/revisions\/390"}],"wp:attachment":[{"href":"https:\/\/hundehaltertraining.de\/index.php\/wp-json\/wp\/v2\/media?parent=385"}],"curies":[{"name":"wp","href":"https:\/\/api.w.org\/{rel}","templated":true}]}}