{"id":397,"date":"2026-03-12T12:17:21","date_gmt":"2026-03-12T12:17:21","guid":{"rendered":"https:\/\/hundehaltertraining.de\/?page_id=397"},"modified":"2026-04-16T20:40:49","modified_gmt":"2026-04-16T20:40:49","slug":"restplatzboerse","status":"publish","type":"page","link":"https:\/\/hundehaltertraining.de\/index.php\/restplatzboerse\/","title":{"rendered":"Restplatzb\u00f6rse"},"content":{"rendered":"\t\t<div data-elementor-type=\"wp-page\" data-elementor-id=\"397\" class=\"elementor elementor-397\">\n\t\t\t\t<div class=\"elementor-element elementor-element-307a6ab e-flex e-con-boxed e-con e-parent\" data-id=\"307a6ab\" data-element_type=\"container\" data-e-type=\"container\">\n\t\t\t\t\t<div class=\"e-con-inner\">\n\t\t\t\t<div class=\"elementor-element elementor-element-e8fb82f elementor-widget elementor-widget-heading\" data-id=\"e8fb82f\" data-element_type=\"widget\" data-e-type=\"widget\" data-widget_type=\"heading.default\">\n\t\t\t\t\t<h2 class=\"elementor-heading-title elementor-size-default\">Restplatzb\u00f6rse<\/h2>\t\t\t\t<\/div>\n\t\t\t\t<div class=\"elementor-element elementor-element-c3e1157 elementor-widget elementor-widget-text-editor\" data-id=\"c3e1157\" data-element_type=\"widget\" data-e-type=\"widget\" data-widget_type=\"text-editor.default\">\n\t\t\t\t\t\t\t\t\t<p>Hier findest Du unsere aktuell freien Pl\u00e4tze in laufenden Kursen:<\/p>\t\t\t\t\t\t\t\t<\/div>\n\t\t\t\t<div class=\"elementor-element elementor-element-479cd44 elementor-widget elementor-widget-heading\" data-id=\"479cd44\" data-element_type=\"widget\" data-e-type=\"widget\" data-widget_type=\"heading.default\">\n\t\t\t\t\t<h4 class=\"elementor-heading-title elementor-size-default\">Montag, 17:00 Uhr Nasenarbeit bei Sabine (3 Pl\u00e4tze)<\/h4>\t\t\t\t<\/div>\n\t\t\t\t<div class=\"elementor-element elementor-element-585f85a elementor-widget elementor-widget-heading\" data-id=\"585f85a\" data-element_type=\"widget\" data-e-type=\"widget\" data-widget_type=\"heading.default\">\n\t\t\t\t\t<h4 class=\"elementor-heading-title elementor-size-default\">Montag, 17:30 Uhr Parkours bei Jule (1 Platz)<\/h4>\t\t\t\t<\/div>\n\t\t\t\t<div class=\"elementor-element elementor-element-a49feea elementor-widget elementor-widget-heading\" data-id=\"a49feea\" data-element_type=\"widget\" data-e-type=\"widget\" data-widget_type=\"heading.default\">\n\t\t\t\t\t<h4 class=\"elementor-heading-title elementor-size-default\"><a href=\"https:\/\/hundehaltertraining.de\/index.php\/kreisarbeit\/\">Mittwoch, 19:00 Uhr Kreis bei Jule (1 Platz)<\/a><\/h4>\t\t\t\t<\/div>\n\t\t\t\t<div class=\"elementor-element elementor-element-e83134d elementor-widget elementor-widget-heading\" data-id=\"e83134d\" data-element_type=\"widget\" data-e-type=\"widget\" data-widget_type=\"heading.default\">\n\t\t\t\t\t<h4 class=\"elementor-heading-title elementor-size-default\"><a href=\"https:\/\/hundehaltertraining.de\/index.php\/kreisarbeit\/\">Donnerstag, 17:00 Uhr Kreis bei Jule (1 Platz)<\/a><\/h4>\t\t\t\t<\/div>\n\t\t\t\t<div class=\"elementor-element elementor-element-66e4306 elementor-widget elementor-widget-heading\" data-id=\"66e4306\" data-element_type=\"widget\" data-e-type=\"widget\" data-widget_type=\"heading.default\">\n\t\t\t\t\t<h4 class=\"elementor-heading-title elementor-size-default\">Freitag, 15:00 Uhr Teamarbeit bei Katrin (2 Pl\u00e4tze)<\/h4>\t\t\t\t<\/div>\n\t\t\t\t<div class=\"elementor-element elementor-element-8613852 elementor-widget elementor-widget-heading\" data-id=\"8613852\" data-element_type=\"widget\" data-e-type=\"widget\" data-widget_type=\"heading.default\">\n\t\t\t\t\t<h4 class=\"elementor-heading-title elementor-size-default\">Freitag, 15:00 Uhr Parcours bei Jule (2 Pl\u00e4tze)<\/h4>\t\t\t\t<\/div>\n\t\t\t\t<div class=\"elementor-element elementor-element-5516167 elementor-widget elementor-widget-heading\" data-id=\"5516167\" data-element_type=\"widget\" data-e-type=\"widget\" data-widget_type=\"heading.default\">\n\t\t\t\t\t<h4 class=\"elementor-heading-title elementor-size-default\">Freitag, 16:15 Uhr Nasenarbeit bei Katrin (3 Pl\u00e4tze)<\/h4>\t\t\t\t<\/div>\n\t\t\t\t<div class=\"elementor-element elementor-element-ac7d6dc elementor-widget elementor-widget-heading\" data-id=\"ac7d6dc\" data-element_type=\"widget\" data-e-type=\"widget\" data-widget_type=\"heading.default\">\n\t\t\t\t\t<h4 class=\"elementor-heading-title elementor-size-default\">Samstag, 12:00 Uhr Parcours bei Jule (2 Pl\u00e4tze)<\/h4>\t\t\t\t<\/div>\n\t\t\t\t<div class=\"elementor-element elementor-element-78fd7ba elementor-widget elementor-widget-text-editor\" data-id=\"78fd7ba\" data-element_type=\"widget\" data-e-type=\"widget\" data-widget_type=\"text-editor.default\">\n\t\t\t\t\t\t\t\t\t<p>Alle Kurse kosten 155\u20ac im Quartal<\/p>\t\t\t\t\t\t\t\t<\/div>\n\t\t\t\t<div class=\"elementor-element elementor-element-b78591f elementor-widget elementor-widget-button\" data-id=\"b78591f\" data-element_type=\"widget\" data-e-type=\"widget\" data-widget_type=\"button.default\">\n\t\t\t\t\t\t\t\t\t\t<a class=\"elementor-button elementor-button-link elementor-size-sm\" href=\"https:\/\/hundehaltertraining.de\/index.php\/anmeldung\/\">\n\t\t\t\t\t\t<span class=\"elementor-button-content-wrapper\">\n\t\t\t\t\t\t\t\t\t<span class=\"elementor-button-text\">Hier klicken zur Anmeldung<\/span>\n\t\t\t\t\t<\/span>\n\t\t\t\t\t<\/a>\n\t\t\t\t\t\t\t\t<\/div>\n\t\t\t\t<div class=\"elementor-element elementor-element-8710e45 elementor-widget elementor-widget-button\" data-id=\"8710e45\" data-element_type=\"widget\" data-e-type=\"widget\" data-widget_type=\"button.default\">\n\t\t\t\t\t\t\t\t\t\t<a class=\"elementor-button elementor-button-link elementor-size-sm\" href=\"https:\/\/hundehaltertraining.de\/index.php\/kurse\/\">\n\t\t\t\t\t\t<span class=\"elementor-button-content-wrapper\">\n\t\t\t\t\t\t\t\t\t<span class=\"elementor-button-text\">Zur\u00fcck <\/span>\n\t\t\t\t\t<\/span>\n\t\t\t\t\t<\/a>\n\t\t\t\t\t\t\t\t<\/div>\n\t\t\t\t\t<\/div>\n\t\t\t\t<\/div>\n\t\t\t\t<\/div>\n\t\t","protected":false},"excerpt":{"rendered":"<p>Restplatzb\u00f6rse Hier findest Du unsere aktuell freien Pl\u00e4tze in laufenden Kursen: Montag, 17:00 Uhr Nasenarbeit bei Sabine (3 Pl\u00e4tze) Montag, 17:30 Uhr Parkours bei Jule (1 Platz) Mittwoch, 19:00 Uhr Kreis bei Jule (1 Platz) Donnerstag, 17:00 Uhr Kreis bei Jule (1 Platz) Freitag, 15:00 Uhr Teamarbeit bei Katrin (2 Pl\u00e4tze) Freitag, 15:00 Uhr Parcours [&hellip;]<\/p>\n","protected":false},"author":2,"featured_media":0,"parent":0,"menu_order":0,"comment_status":"closed","ping_status":"closed","template":"","meta":{"footnotes":""},"class_list":["post-397","page","type-page","status-publish","hentry","wpbf-post"],"_links":{"self":[{"href":"https:\/\/hundehaltertraining.de\/index.php\/wp-json\/wp\/v2\/pages\/397","targetHints":{"allow":["GET"]}}],"collection":[{"href":"https:\/\/hundehaltertraining.de\/index.php\/wp-json\/wp\/v2\/pages"}],"about":[{"href":"https:\/\/hundehaltertraining.de\/index.php\/wp-json\/wp\/v2\/types\/page"}],"author":[{"embeddable":true,"href":"https:\/\/hundehaltertraining.de\/index.php\/wp-json\/wp\/v2\/users\/2"}],"replies":[{"embeddable":true,"href":"https:\/\/hundehaltertraining.de\/index.php\/wp-json\/wp\/v2\/comments?post=397"}],"version-history":[{"count":22,"href":"https:\/\/hundehaltertraining.de\/index.php\/wp-json\/wp\/v2\/pages\/397\/revisions"}],"predecessor-version":[{"id":776,"href":"https:\/\/hundehaltertraining.de\/index.php\/wp-json\/wp\/v2\/pages\/397\/revisions\/776"}],"wp:attachment":[{"href":"https:\/\/hundehaltertraining.de\/index.php\/wp-json\/wp\/v2\/media?parent=397"}],"curies":[{"name":"wp","href":"https:\/\/api.w.org\/{rel}","templated":true}]}}