{"id":414,"date":"2026-03-12T12:28:48","date_gmt":"2026-03-12T12:28:48","guid":{"rendered":"https:\/\/hundehaltertraining.de\/?page_id=414"},"modified":"2026-03-12T12:29:42","modified_gmt":"2026-03-12T12:29:42","slug":"hoopers","status":"publish","type":"page","link":"https:\/\/hundehaltertraining.de\/index.php\/hoopers\/","title":{"rendered":"Hoopers\u00a0"},"content":{"rendered":"\t\t<div data-elementor-type=\"wp-page\" data-elementor-id=\"414\" class=\"elementor elementor-414\">\n\t\t\t\t<div class=\"elementor-element elementor-element-a0518d0 e-flex e-con-boxed e-con e-parent\" data-id=\"a0518d0\" data-element_type=\"container\" data-e-type=\"container\">\n\t\t\t\t\t<div class=\"e-con-inner\">\n\t\t\t\t<div class=\"elementor-element elementor-element-4ec158c elementor-widget elementor-widget-heading\" data-id=\"4ec158c\" data-element_type=\"widget\" data-e-type=\"widget\" data-widget_type=\"heading.default\">\n\t\t\t\t\t<h1 class=\"elementor-heading-title elementor-size-default\">Hoopers <\/h1>\t\t\t\t<\/div>\n\t\t\t\t<div class=\"elementor-element elementor-element-07db937 elementor-widget elementor-widget-text-editor\" data-id=\"07db937\" data-element_type=\"widget\" data-e-type=\"widget\" data-widget_type=\"text-editor.default\">\n\t\t\t\t\t\t\t\t\t<p>Hoopers ist ein Hundesport aus Amerika, der Europa mittlerweile komplett erobert hat. Die Hunde bewegen sich durch einen Parcours ohne Spr\u00fcnge, bestehend aus Hoopers (B\u00f6gen, die durchlaufen werden), Tunneln und Wendeger\u00e4ten wie Tonnen oder kleine Gatter (Gates). F\u00fcr den Hundef\u00fchrer ist dabei interessant, dass er sich nicht parallel mit dem Hund bewegt, sondern an einer vorher definierten Stelle im Parcours steht und den Hund mit Wort- und K\u00f6rpersignalen dirigiert. Durch immer neue Parcours-Varianten wird der Kopf von Hund und Halter gut ausgelastet, vergleichbar mit einem Agility-Parcours.\u00a0<u><\/u><u><\/u><\/p><p>Er ist f\u00fcr alle Rassen geeignet, die gerne mitarbeiten. Bei k\u00f6rperlichen Einschr\u00e4nkungen des Hundes sollten wir individuell dar\u00fcber sprechen.\u00a0<\/p>\t\t\t\t\t\t\t\t<\/div>\n\t\t\t\t<div class=\"elementor-element elementor-element-52aaf33 elementor-widget elementor-widget-button\" data-id=\"52aaf33\" data-element_type=\"widget\" data-e-type=\"widget\" data-widget_type=\"button.default\">\n\t\t\t\t\t\t\t\t\t\t<a class=\"elementor-button elementor-button-link elementor-size-sm\" href=\"https:\/\/hundehaltertraining.de\/index.php\/kurse\/\">\n\t\t\t\t\t\t<span class=\"elementor-button-content-wrapper\">\n\t\t\t\t\t\t\t\t\t<span class=\"elementor-button-text\">Zur\u00fcck<\/span>\n\t\t\t\t\t<\/span>\n\t\t\t\t\t<\/a>\n\t\t\t\t\t\t\t\t<\/div>\n\t\t\t\t\t<\/div>\n\t\t\t\t<\/div>\n\t\t\t\t<\/div>\n\t\t","protected":false},"excerpt":{"rendered":"<p>Hoopers Hoopers ist ein Hundesport aus Amerika, der Europa mittlerweile komplett erobert hat. Die Hunde bewegen sich durch einen Parcours ohne Spr\u00fcnge, bestehend aus Hoopers (B\u00f6gen, die durchlaufen werden), Tunneln und Wendeger\u00e4ten wie Tonnen oder kleine Gatter (Gates). F\u00fcr den Hundef\u00fchrer ist dabei interessant, dass er sich nicht parallel mit dem Hund bewegt, sondern an [&hellip;]<\/p>\n","protected":false},"author":2,"featured_media":0,"parent":0,"menu_order":0,"comment_status":"closed","ping_status":"closed","template":"","meta":{"footnotes":""},"class_list":["post-414","page","type-page","status-publish","hentry","wpbf-post"],"_links":{"self":[{"href":"https:\/\/hundehaltertraining.de\/index.php\/wp-json\/wp\/v2\/pages\/414","targetHints":{"allow":["GET"]}}],"collection":[{"href":"https:\/\/hundehaltertraining.de\/index.php\/wp-json\/wp\/v2\/pages"}],"about":[{"href":"https:\/\/hundehaltertraining.de\/index.php\/wp-json\/wp\/v2\/types\/page"}],"author":[{"embeddable":true,"href":"https:\/\/hundehaltertraining.de\/index.php\/wp-json\/wp\/v2\/users\/2"}],"replies":[{"embeddable":true,"href":"https:\/\/hundehaltertraining.de\/index.php\/wp-json\/wp\/v2\/comments?post=414"}],"version-history":[{"count":4,"href":"https:\/\/hundehaltertraining.de\/index.php\/wp-json\/wp\/v2\/pages\/414\/revisions"}],"predecessor-version":[{"id":419,"href":"https:\/\/hundehaltertraining.de\/index.php\/wp-json\/wp\/v2\/pages\/414\/revisions\/419"}],"wp:attachment":[{"href":"https:\/\/hundehaltertraining.de\/index.php\/wp-json\/wp\/v2\/media?parent=414"}],"curies":[{"name":"wp","href":"https:\/\/api.w.org\/{rel}","templated":true}]}}