{"id":420,"date":"2026-03-12T12:30:07","date_gmt":"2026-03-12T12:30:07","guid":{"rendered":"https:\/\/hundehaltertraining.de\/?page_id=420"},"modified":"2026-03-12T12:31:30","modified_gmt":"2026-03-12T12:31:30","slug":"handicap-entschleunigung","status":"publish","type":"page","link":"https:\/\/hundehaltertraining.de\/index.php\/handicap-entschleunigung\/","title":{"rendered":"Handicap\/Entschleunigung"},"content":{"rendered":"\t\t<div data-elementor-type=\"wp-page\" data-elementor-id=\"420\" class=\"elementor elementor-420\">\n\t\t\t\t<div class=\"elementor-element elementor-element-33a159e e-flex e-con-boxed e-con e-parent\" data-id=\"33a159e\" data-element_type=\"container\" data-e-type=\"container\">\n\t\t\t\t\t<div class=\"e-con-inner\">\n\t\t\t\t<div class=\"elementor-element elementor-element-bb9a9e5 elementor-widget elementor-widget-heading\" data-id=\"bb9a9e5\" data-element_type=\"widget\" data-e-type=\"widget\" data-widget_type=\"heading.default\">\n\t\t\t\t\t<h1 class=\"elementor-heading-title elementor-size-default\">Handicap \/ Entschleunigung<\/h1>\t\t\t\t<\/div>\n\t\t\t\t<div class=\"elementor-element elementor-element-6f67ed0 elementor-widget elementor-widget-text-editor\" data-id=\"6f67ed0\" data-element_type=\"widget\" data-e-type=\"widget\" data-widget_type=\"text-editor.default\">\n\t\t\t\t\t\t\t\t\t<p>Handicap\/Entschleunigung ist ein Trainingsangebot f\u00fcr \u00e4ltere oder eingeschr\u00e4nkte Hunde und Halter. Wie in einer Teamarbeit gleicht keine Stunde genau der anderen, es werden unterschiedliche Besch\u00e4ftigungsm\u00f6glichkeiten aus der Nasenabeit, geeignetem Parourstraining, Gymnastricks und Cavalettitraining zusammengestellt und der Witterung und den Hunden angepasst. Gerade bei Seniorenhunden, die aufgrund nachlassender k\u00f6rperlicher Kr\u00e4fte und Sinne oft etwas unsicher werden,\u00a0 f\u00fchrt das Training zu neuer Energie und besserem Selbstwertgef\u00fchl. Auf gen\u00fcgend Abstand und dadurch auch das psychische Wohlbefinden wird Wert gelegt.\u00a0<u><\/u><u><\/u><\/p><p>Aber auch sensible verunsicherte Tierschutzhunde und hyperaktive (Arbeits-)Hunde haben von diesem Training bereits profitiert und damit den Weg ins t\u00e4gliche Hier und Jetzt gefunden.\u00a0<u><\/u><u><\/u><\/p><p>Diese Stunde ist auf Dauer angelegt, ein Einstieg ist jederzeit m\u00f6glich, wenn Pl\u00e4tze frei werden. Schaut immer mal wieder in die <a href=\"https:\/\/hundehaltertraining.de\/index.php\/restplatzboerse\/\">Restplatzb\u00f6rse<\/a>.\u00a0<\/p>\t\t\t\t\t\t\t\t<\/div>\n\t\t\t\t<div class=\"elementor-element elementor-element-3638fad elementor-widget elementor-widget-button\" data-id=\"3638fad\" data-element_type=\"widget\" data-e-type=\"widget\" data-widget_type=\"button.default\">\n\t\t\t\t\t\t\t\t\t\t<a class=\"elementor-button elementor-button-link elementor-size-sm\" href=\"https:\/\/hundehaltertraining.de\/index.php\/kurse\/\">\n\t\t\t\t\t\t<span class=\"elementor-button-content-wrapper\">\n\t\t\t\t\t\t\t\t\t<span class=\"elementor-button-text\">Zur\u00fcck <\/span>\n\t\t\t\t\t<\/span>\n\t\t\t\t\t<\/a>\n\t\t\t\t\t\t\t\t<\/div>\n\t\t\t\t\t<\/div>\n\t\t\t\t<\/div>\n\t\t\t\t<\/div>\n\t\t","protected":false},"excerpt":{"rendered":"<p>Handicap \/ Entschleunigung Handicap\/Entschleunigung ist ein Trainingsangebot f\u00fcr \u00e4ltere oder eingeschr\u00e4nkte Hunde und Halter. Wie in einer Teamarbeit gleicht keine Stunde genau der anderen, es werden unterschiedliche Besch\u00e4ftigungsm\u00f6glichkeiten aus der Nasenabeit, geeignetem Parourstraining, Gymnastricks und Cavalettitraining zusammengestellt und der Witterung und den Hunden angepasst. Gerade bei Seniorenhunden, die aufgrund nachlassender k\u00f6rperlicher Kr\u00e4fte und Sinne oft [&hellip;]<\/p>\n","protected":false},"author":2,"featured_media":0,"parent":0,"menu_order":0,"comment_status":"closed","ping_status":"closed","template":"","meta":{"footnotes":""},"class_list":["post-420","page","type-page","status-publish","hentry","wpbf-post"],"_links":{"self":[{"href":"https:\/\/hundehaltertraining.de\/index.php\/wp-json\/wp\/v2\/pages\/420","targetHints":{"allow":["GET"]}}],"collection":[{"href":"https:\/\/hundehaltertraining.de\/index.php\/wp-json\/wp\/v2\/pages"}],"about":[{"href":"https:\/\/hundehaltertraining.de\/index.php\/wp-json\/wp\/v2\/types\/page"}],"author":[{"embeddable":true,"href":"https:\/\/hundehaltertraining.de\/index.php\/wp-json\/wp\/v2\/users\/2"}],"replies":[{"embeddable":true,"href":"https:\/\/hundehaltertraining.de\/index.php\/wp-json\/wp\/v2\/comments?post=420"}],"version-history":[{"count":4,"href":"https:\/\/hundehaltertraining.de\/index.php\/wp-json\/wp\/v2\/pages\/420\/revisions"}],"predecessor-version":[{"id":425,"href":"https:\/\/hundehaltertraining.de\/index.php\/wp-json\/wp\/v2\/pages\/420\/revisions\/425"}],"wp:attachment":[{"href":"https:\/\/hundehaltertraining.de\/index.php\/wp-json\/wp\/v2\/media?parent=420"}],"curies":[{"name":"wp","href":"https:\/\/api.w.org\/{rel}","templated":true}]}}