{"id":505,"date":"2026-03-13T07:00:08","date_gmt":"2026-03-13T07:00:08","guid":{"rendered":"https:\/\/hundehaltertraining.de\/?page_id=505"},"modified":"2026-03-13T10:36:19","modified_gmt":"2026-03-13T10:36:19","slug":"erziehung","status":"publish","type":"page","link":"https:\/\/hundehaltertraining.de\/index.php\/erziehung\/","title":{"rendered":"Erziehung"},"content":{"rendered":"\t\t<div data-elementor-type=\"wp-page\" data-elementor-id=\"505\" class=\"elementor elementor-505\">\n\t\t\t\t<div class=\"elementor-element elementor-element-55e6623 e-flex e-con-boxed e-con e-parent\" data-id=\"55e6623\" data-element_type=\"container\" data-e-type=\"container\">\n\t\t\t\t\t<div class=\"e-con-inner\">\n\t\t\t\t<div class=\"elementor-element elementor-element-c5140ad elementor-widget elementor-widget-heading\" data-id=\"c5140ad\" data-element_type=\"widget\" data-e-type=\"widget\" data-widget_type=\"heading.default\">\n\t\t\t\t\t<h2 class=\"elementor-heading-title elementor-size-default\">Erziehung<\/h2>\t\t\t\t<\/div>\n\t\t\t\t<div class=\"elementor-element elementor-element-1950c5f elementor-widget elementor-widget-text-editor\" data-id=\"1950c5f\" data-element_type=\"widget\" data-e-type=\"widget\" data-widget_type=\"text-editor.default\">\n\t\t\t\t\t\t\t\t\t<p>Du w\u00fcnschst dir ein harmonisches Zusammenleben mit deinem Hund, m\u00f6chtest ihn im Alltag entspannt und sicher f\u00fchren und ihm m\u00f6glichst viele Freiheiten erlauben k\u00f6nnen. Hier im Erziehungskurs bist du richtig! Ihr lernt nicht nur die Klassiker Sitz, Platz, Fu\u00df, R\u00fcckruf und Lockere Leine, sondern auch Kommunikations-, Entspannungs- und Konzentrations\u00fcbungen. Impulskontrolle, Aufmerksamkeits\u00fcbungen sowie viele kleine Tipps f\u00fcr den Alltag runden den Kurs ab.<\/p><p>Der genaue Kursinhalt wird auf die Teilnehmenden abgestimmt. Auch \u00e4ltere Hunde sind hier richtig, denn Lernen geht in jedem Alter.<\/p>\t\t\t\t\t\t\t\t<\/div>\n\t\t\t\t<div class=\"elementor-element elementor-element-5095969 elementor-widget elementor-widget-button\" data-id=\"5095969\" data-element_type=\"widget\" data-e-type=\"widget\" data-widget_type=\"button.default\">\n\t\t\t\t\t\t\t\t\t\t<a class=\"elementor-button elementor-button-link elementor-size-sm\" href=\"https:\/\/hundehaltertraining.de\/index.php\/anmeldung\/\">\n\t\t\t\t\t\t<span class=\"elementor-button-content-wrapper\">\n\t\t\t\t\t\t\t\t\t<span class=\"elementor-button-text\">Hier geht's zur Anmeldung<\/span>\n\t\t\t\t\t<\/span>\n\t\t\t\t\t<\/a>\n\t\t\t\t\t\t\t\t<\/div>\n\t\t\t\t<div class=\"elementor-element elementor-element-d2530b0 elementor-widget elementor-widget-button\" data-id=\"d2530b0\" data-element_type=\"widget\" data-e-type=\"widget\" data-widget_type=\"button.default\">\n\t\t\t\t\t\t\t\t\t\t<a class=\"elementor-button elementor-button-link elementor-size-sm\" href=\"https:\/\/hundehaltertraining.de\/index.php\/kurse\/\">\n\t\t\t\t\t\t<span class=\"elementor-button-content-wrapper\">\n\t\t\t\t\t\t\t\t\t<span class=\"elementor-button-text\">Zur\u00fcck <\/span>\n\t\t\t\t\t<\/span>\n\t\t\t\t\t<\/a>\n\t\t\t\t\t\t\t\t<\/div>\n\t\t\t\t\t<\/div>\n\t\t\t\t<\/div>\n\t\t\t\t<\/div>\n\t\t","protected":false},"excerpt":{"rendered":"<p>Erziehung Du w\u00fcnschst dir ein harmonisches Zusammenleben mit deinem Hund, m\u00f6chtest ihn im Alltag entspannt und sicher f\u00fchren und ihm m\u00f6glichst viele Freiheiten erlauben k\u00f6nnen. Hier im Erziehungskurs bist du richtig! Ihr lernt nicht nur die Klassiker Sitz, Platz, Fu\u00df, R\u00fcckruf und Lockere Leine, sondern auch Kommunikations-, Entspannungs- und Konzentrations\u00fcbungen. Impulskontrolle, Aufmerksamkeits\u00fcbungen sowie viele kleine [&hellip;]<\/p>\n","protected":false},"author":2,"featured_media":0,"parent":0,"menu_order":0,"comment_status":"closed","ping_status":"closed","template":"","meta":{"footnotes":""},"class_list":["post-505","page","type-page","status-publish","hentry","wpbf-post"],"_links":{"self":[{"href":"https:\/\/hundehaltertraining.de\/index.php\/wp-json\/wp\/v2\/pages\/505","targetHints":{"allow":["GET"]}}],"collection":[{"href":"https:\/\/hundehaltertraining.de\/index.php\/wp-json\/wp\/v2\/pages"}],"about":[{"href":"https:\/\/hundehaltertraining.de\/index.php\/wp-json\/wp\/v2\/types\/page"}],"author":[{"embeddable":true,"href":"https:\/\/hundehaltertraining.de\/index.php\/wp-json\/wp\/v2\/users\/2"}],"replies":[{"embeddable":true,"href":"https:\/\/hundehaltertraining.de\/index.php\/wp-json\/wp\/v2\/comments?post=505"}],"version-history":[{"count":7,"href":"https:\/\/hundehaltertraining.de\/index.php\/wp-json\/wp\/v2\/pages\/505\/revisions"}],"predecessor-version":[{"id":608,"href":"https:\/\/hundehaltertraining.de\/index.php\/wp-json\/wp\/v2\/pages\/505\/revisions\/608"}],"wp:attachment":[{"href":"https:\/\/hundehaltertraining.de\/index.php\/wp-json\/wp\/v2\/media?parent=505"}],"curies":[{"name":"wp","href":"https:\/\/api.w.org\/{rel}","templated":true}]}}