{"id":511,"date":"2026-03-13T07:02:07","date_gmt":"2026-03-13T07:02:07","guid":{"rendered":"https:\/\/hundehaltertraining.de\/?page_id=511"},"modified":"2026-03-13T07:03:29","modified_gmt":"2026-03-13T07:03:29","slug":"teamarbeit","status":"publish","type":"page","link":"https:\/\/hundehaltertraining.de\/index.php\/teamarbeit\/","title":{"rendered":"Teamarbeit"},"content":{"rendered":"\t\t<div data-elementor-type=\"wp-page\" data-elementor-id=\"511\" class=\"elementor elementor-511\">\n\t\t\t\t<div class=\"elementor-element elementor-element-e9ae1f3 e-flex e-con-boxed e-con e-parent\" data-id=\"e9ae1f3\" data-element_type=\"container\" data-e-type=\"container\">\n\t\t\t\t\t<div class=\"e-con-inner\">\n\t\t\t\t<div class=\"elementor-element elementor-element-a7920fb elementor-widget elementor-widget-heading\" data-id=\"a7920fb\" data-element_type=\"widget\" data-e-type=\"widget\" data-widget_type=\"heading.default\">\n\t\t\t\t\t<h2 class=\"elementor-heading-title elementor-size-default\">Teamarbeit<\/h2>\t\t\t\t<\/div>\n\t\t\t\t<div class=\"elementor-element elementor-element-3cd9235 elementor-widget elementor-widget-text-editor\" data-id=\"3cd9235\" data-element_type=\"widget\" data-e-type=\"widget\" data-widget_type=\"text-editor.default\">\n\t\t\t\t\t\t\t\t\t<p>Bei der Teamarbeit steht das vertrauensvolle Zusammenspiel von Mensch und Hund im Mittelpunkt. Hier erwartet dich ein bunter Mix aus Besch\u00e4ftigungsm\u00f6glichkeiten, die deinen Hund sowohl k\u00f6rperlich als auch geistig auslasten. Mit einer klaren Kommunikation durch Wortsignale und K\u00f6rpersprache geht ihr die verschiedenen Aufgaben aus den Bereichen Parcours, Hoopers, Cavaletti, Tricktraining, Nasenarbeit usw. an. Und auch ein bisschen Erziehung ist bei jeder Teamarbeit automatisch dabei.<\/p><p>\u00a0<\/p>\t\t\t\t\t\t\t\t<\/div>\n\t\t\t\t<div class=\"elementor-element elementor-element-faf339b elementor-widget elementor-widget-button\" data-id=\"faf339b\" data-element_type=\"widget\" data-e-type=\"widget\" data-widget_type=\"button.default\">\n\t\t\t\t\t\t\t\t\t\t<a class=\"elementor-button elementor-button-link elementor-size-sm\" href=\"https:\/\/hundehaltertraining.de\/index.php\/anmeldung\/\">\n\t\t\t\t\t\t<span class=\"elementor-button-content-wrapper\">\n\t\t\t\t\t\t\t\t\t<span class=\"elementor-button-text\">Hier geht's zur Anmeldung<\/span>\n\t\t\t\t\t<\/span>\n\t\t\t\t\t<\/a>\n\t\t\t\t\t\t\t\t<\/div>\n\t\t\t\t<div class=\"elementor-element elementor-element-855c820 elementor-widget elementor-widget-button\" data-id=\"855c820\" data-element_type=\"widget\" data-e-type=\"widget\" data-widget_type=\"button.default\">\n\t\t\t\t\t\t\t\t\t\t<a class=\"elementor-button elementor-button-link elementor-size-sm\" href=\"https:\/\/hundehaltertraining.de\/index.php\/kurse\/\">\n\t\t\t\t\t\t<span class=\"elementor-button-content-wrapper\">\n\t\t\t\t\t\t\t\t\t<span class=\"elementor-button-text\">Zur\u00fcck <\/span>\n\t\t\t\t\t<\/span>\n\t\t\t\t\t<\/a>\n\t\t\t\t\t\t\t\t<\/div>\n\t\t\t\t\t<\/div>\n\t\t\t\t<\/div>\n\t\t\t\t<\/div>\n\t\t","protected":false},"excerpt":{"rendered":"<p>Teamarbeit Bei der Teamarbeit steht das vertrauensvolle Zusammenspiel von Mensch und Hund im Mittelpunkt. Hier erwartet dich ein bunter Mix aus Besch\u00e4ftigungsm\u00f6glichkeiten, die deinen Hund sowohl k\u00f6rperlich als auch geistig auslasten. Mit einer klaren Kommunikation durch Wortsignale und K\u00f6rpersprache geht ihr die verschiedenen Aufgaben aus den Bereichen Parcours, Hoopers, Cavaletti, Tricktraining, Nasenarbeit usw. an. Und [&hellip;]<\/p>\n","protected":false},"author":2,"featured_media":0,"parent":0,"menu_order":0,"comment_status":"closed","ping_status":"closed","template":"","meta":{"footnotes":""},"class_list":["post-511","page","type-page","status-publish","hentry","wpbf-post"],"_links":{"self":[{"href":"https:\/\/hundehaltertraining.de\/index.php\/wp-json\/wp\/v2\/pages\/511","targetHints":{"allow":["GET"]}}],"collection":[{"href":"https:\/\/hundehaltertraining.de\/index.php\/wp-json\/wp\/v2\/pages"}],"about":[{"href":"https:\/\/hundehaltertraining.de\/index.php\/wp-json\/wp\/v2\/types\/page"}],"author":[{"embeddable":true,"href":"https:\/\/hundehaltertraining.de\/index.php\/wp-json\/wp\/v2\/users\/2"}],"replies":[{"embeddable":true,"href":"https:\/\/hundehaltertraining.de\/index.php\/wp-json\/wp\/v2\/comments?post=511"}],"version-history":[{"count":4,"href":"https:\/\/hundehaltertraining.de\/index.php\/wp-json\/wp\/v2\/pages\/511\/revisions"}],"predecessor-version":[{"id":516,"href":"https:\/\/hundehaltertraining.de\/index.php\/wp-json\/wp\/v2\/pages\/511\/revisions\/516"}],"wp:attachment":[{"href":"https:\/\/hundehaltertraining.de\/index.php\/wp-json\/wp\/v2\/media?parent=511"}],"curies":[{"name":"wp","href":"https:\/\/api.w.org\/{rel}","templated":true}]}}