{"id":517,"date":"2026-03-13T07:03:57","date_gmt":"2026-03-13T07:03:57","guid":{"rendered":"https:\/\/hundehaltertraining.de\/?page_id=517"},"modified":"2026-03-13T07:05:29","modified_gmt":"2026-03-13T07:05:29","slug":"nasenarbeit","status":"publish","type":"page","link":"https:\/\/hundehaltertraining.de\/index.php\/nasenarbeit\/","title":{"rendered":"Nasenarbeit"},"content":{"rendered":"\t\t<div data-elementor-type=\"wp-page\" data-elementor-id=\"517\" class=\"elementor elementor-517\">\n\t\t\t\t<div class=\"elementor-element elementor-element-9ec0f42 e-flex e-con-boxed e-con e-parent\" data-id=\"9ec0f42\" data-element_type=\"container\" data-e-type=\"container\">\n\t\t\t\t\t<div class=\"e-con-inner\">\n\t\t\t\t<div class=\"elementor-element elementor-element-f1a317a elementor-widget elementor-widget-heading\" data-id=\"f1a317a\" data-element_type=\"widget\" data-e-type=\"widget\" data-widget_type=\"heading.default\">\n\t\t\t\t\t<h2 class=\"elementor-heading-title elementor-size-default\">Nasenarbeit<\/h2>\t\t\t\t<\/div>\n\t\t\t\t<div class=\"elementor-element elementor-element-7fe8132 elementor-widget elementor-widget-text-editor\" data-id=\"7fe8132\" data-element_type=\"widget\" data-e-type=\"widget\" data-widget_type=\"text-editor.default\">\n\t\t\t\t\t\t\t\t\t<p>Nasenarbeit ist eine besonders artgerechte Auslastung und macht daher Hunde sehr zufrieden. Der Geruchssinn ist das Hauptsinnesorgan unserer Hunde und sie leisten damit Erstaunliches. Im Vergleich zum Menschen riechen Hunde bis zu 100000 mal besser.<\/p><p>Im Kurs nutzen wir diese wunderbare F\u00e4higkeit und trainieren viele interessante Schn\u00fcffelaufgaben wie F\u00e4hrte, Eigengeruchsuche, Fl\u00e4chensuche, Geruchsunterscheidung, Gegenstandsuche usw.<\/p><p>Die Nasenarbeit f\u00f6rdert Ruhe, Konzentration und Kooperation mit dem Menschen, und ist f\u00fcr alle Hunde geeignet. Hibbelige Hunde finden Ruhe, jagdlich motivierte lernen mit dem Menschen gemeinsam Spuren zu suchen, Senioren (auch wenn sie schon taub oder blind sind) k\u00f6nnen auch teilnehmen.<\/p>\t\t\t\t\t\t\t\t<\/div>\n\t\t\t\t<div class=\"elementor-element elementor-element-39249c2 elementor-widget elementor-widget-button\" data-id=\"39249c2\" data-element_type=\"widget\" data-e-type=\"widget\" data-widget_type=\"button.default\">\n\t\t\t\t\t\t\t\t\t\t<a class=\"elementor-button elementor-button-link elementor-size-sm\" href=\"https:\/\/hundehaltertraining.de\/index.php\/anmeldung\/\">\n\t\t\t\t\t\t<span class=\"elementor-button-content-wrapper\">\n\t\t\t\t\t\t\t\t\t<span class=\"elementor-button-text\">Hier geht's zur Anmeldung <\/span>\n\t\t\t\t\t<\/span>\n\t\t\t\t\t<\/a>\n\t\t\t\t\t\t\t\t<\/div>\n\t\t\t\t<div class=\"elementor-element elementor-element-48f3688 elementor-widget elementor-widget-button\" data-id=\"48f3688\" data-element_type=\"widget\" data-e-type=\"widget\" data-widget_type=\"button.default\">\n\t\t\t\t\t\t\t\t\t\t<a class=\"elementor-button elementor-button-link elementor-size-sm\" href=\"https:\/\/hundehaltertraining.de\/index.php\/kurse\/\">\n\t\t\t\t\t\t<span class=\"elementor-button-content-wrapper\">\n\t\t\t\t\t\t\t\t\t<span class=\"elementor-button-text\">Zur\u00fcck <\/span>\n\t\t\t\t\t<\/span>\n\t\t\t\t\t<\/a>\n\t\t\t\t\t\t\t\t<\/div>\n\t\t\t\t\t<\/div>\n\t\t\t\t<\/div>\n\t\t\t\t<\/div>\n\t\t","protected":false},"excerpt":{"rendered":"<p>Nasenarbeit Nasenarbeit ist eine besonders artgerechte Auslastung und macht daher Hunde sehr zufrieden. Der Geruchssinn ist das Hauptsinnesorgan unserer Hunde und sie leisten damit Erstaunliches. Im Vergleich zum Menschen riechen Hunde bis zu 100000 mal besser. Im Kurs nutzen wir diese wunderbare F\u00e4higkeit und trainieren viele interessante Schn\u00fcffelaufgaben wie F\u00e4hrte, Eigengeruchsuche, Fl\u00e4chensuche, Geruchsunterscheidung, Gegenstandsuche usw. [&hellip;]<\/p>\n","protected":false},"author":2,"featured_media":0,"parent":0,"menu_order":0,"comment_status":"closed","ping_status":"closed","template":"","meta":{"footnotes":""},"class_list":["post-517","page","type-page","status-publish","hentry","wpbf-post"],"_links":{"self":[{"href":"https:\/\/hundehaltertraining.de\/index.php\/wp-json\/wp\/v2\/pages\/517","targetHints":{"allow":["GET"]}}],"collection":[{"href":"https:\/\/hundehaltertraining.de\/index.php\/wp-json\/wp\/v2\/pages"}],"about":[{"href":"https:\/\/hundehaltertraining.de\/index.php\/wp-json\/wp\/v2\/types\/page"}],"author":[{"embeddable":true,"href":"https:\/\/hundehaltertraining.de\/index.php\/wp-json\/wp\/v2\/users\/2"}],"replies":[{"embeddable":true,"href":"https:\/\/hundehaltertraining.de\/index.php\/wp-json\/wp\/v2\/comments?post=517"}],"version-history":[{"count":4,"href":"https:\/\/hundehaltertraining.de\/index.php\/wp-json\/wp\/v2\/pages\/517\/revisions"}],"predecessor-version":[{"id":522,"href":"https:\/\/hundehaltertraining.de\/index.php\/wp-json\/wp\/v2\/pages\/517\/revisions\/522"}],"wp:attachment":[{"href":"https:\/\/hundehaltertraining.de\/index.php\/wp-json\/wp\/v2\/media?parent=517"}],"curies":[{"name":"wp","href":"https:\/\/api.w.org\/{rel}","templated":true}]}}