{"id":541,"date":"2026-03-13T07:16:40","date_gmt":"2026-03-13T07:16:40","guid":{"rendered":"https:\/\/hundehaltertraining.de\/?page_id=541"},"modified":"2026-03-13T07:17:59","modified_gmt":"2026-03-13T07:17:59","slug":"nasenarbeit-verlorensuche","status":"publish","type":"page","link":"https:\/\/hundehaltertraining.de\/index.php\/nasenarbeit-verlorensuche\/","title":{"rendered":"Nasenarbeit &#8211; Verlorensuche"},"content":{"rendered":"\t\t<div data-elementor-type=\"wp-page\" data-elementor-id=\"541\" class=\"elementor elementor-541\">\n\t\t\t\t<div class=\"elementor-element elementor-element-906c89a e-flex e-con-boxed e-con e-parent\" data-id=\"906c89a\" data-element_type=\"container\" data-e-type=\"container\">\n\t\t\t\t\t<div class=\"e-con-inner\">\n\t\t\t\t<div class=\"elementor-element elementor-element-fdcdaba elementor-widget elementor-widget-heading\" data-id=\"fdcdaba\" data-element_type=\"widget\" data-e-type=\"widget\" data-widget_type=\"heading.default\">\n\t\t\t\t\t<h2 class=\"elementor-heading-title elementor-size-default\">Nasenarbeit - Verlorensuche<\/h2>\t\t\t\t<\/div>\n\t\t\t\t<div class=\"elementor-element elementor-element-390508b elementor-widget elementor-widget-text-editor\" data-id=\"390508b\" data-element_type=\"widget\" data-e-type=\"widget\" data-widget_type=\"text-editor.default\">\n\t\t\t\t\t\t\t\t\t<p>Euer Hund lernt einen verlorenen Gegenstand zu suchen und anzuzeigen.<\/p><p>Eine sch\u00f6ne Besch\u00e4ftigung, die zudem die Bindung st\u00e4rkt und die Kommunikation zw. euch und eurem Hund f\u00f6rdert.<\/p><p>Geeignet f\u00fcr jedes Alter und alle Rassen. Kleine Gruppe von max. 4 Teilnehmern<\/p>\t\t\t\t\t\t\t\t<\/div>\n\t\t\t\t<div class=\"elementor-element elementor-element-3817fb8 elementor-widget elementor-widget-button\" data-id=\"3817fb8\" data-element_type=\"widget\" data-e-type=\"widget\" data-widget_type=\"button.default\">\n\t\t\t\t\t\t\t\t\t\t<a class=\"elementor-button elementor-button-link elementor-size-sm\" href=\"https:\/\/hundehaltertraining.de\/index.php\/anmeldung\/\">\n\t\t\t\t\t\t<span class=\"elementor-button-content-wrapper\">\n\t\t\t\t\t\t\t\t\t<span class=\"elementor-button-text\">Hier geht's zur Anmeldung<\/span>\n\t\t\t\t\t<\/span>\n\t\t\t\t\t<\/a>\n\t\t\t\t\t\t\t\t<\/div>\n\t\t\t\t<div class=\"elementor-element elementor-element-ebd4c95 elementor-widget elementor-widget-button\" data-id=\"ebd4c95\" data-element_type=\"widget\" data-e-type=\"widget\" data-widget_type=\"button.default\">\n\t\t\t\t\t\t\t\t\t\t<a class=\"elementor-button elementor-button-link elementor-size-sm\" href=\"https:\/\/hundehaltertraining.de\/index.php\/kurse\/\">\n\t\t\t\t\t\t<span class=\"elementor-button-content-wrapper\">\n\t\t\t\t\t\t\t\t\t<span class=\"elementor-button-text\">Zur\u00fcck <\/span>\n\t\t\t\t\t<\/span>\n\t\t\t\t\t<\/a>\n\t\t\t\t\t\t\t\t<\/div>\n\t\t\t\t\t<\/div>\n\t\t\t\t<\/div>\n\t\t\t\t<\/div>\n\t\t","protected":false},"excerpt":{"rendered":"<p>Nasenarbeit &#8211; Verlorensuche Euer Hund lernt einen verlorenen Gegenstand zu suchen und anzuzeigen. Eine sch\u00f6ne Besch\u00e4ftigung, die zudem die Bindung st\u00e4rkt und die Kommunikation zw. euch und eurem Hund f\u00f6rdert. Geeignet f\u00fcr jedes Alter und alle Rassen. Kleine Gruppe von max. 4 Teilnehmern Hier geht&#8217;s zur Anmeldung Zur\u00fcck<\/p>\n","protected":false},"author":2,"featured_media":0,"parent":0,"menu_order":0,"comment_status":"closed","ping_status":"closed","template":"","meta":{"footnotes":""},"class_list":["post-541","page","type-page","status-publish","hentry","wpbf-post"],"_links":{"self":[{"href":"https:\/\/hundehaltertraining.de\/index.php\/wp-json\/wp\/v2\/pages\/541","targetHints":{"allow":["GET"]}}],"collection":[{"href":"https:\/\/hundehaltertraining.de\/index.php\/wp-json\/wp\/v2\/pages"}],"about":[{"href":"https:\/\/hundehaltertraining.de\/index.php\/wp-json\/wp\/v2\/types\/page"}],"author":[{"embeddable":true,"href":"https:\/\/hundehaltertraining.de\/index.php\/wp-json\/wp\/v2\/users\/2"}],"replies":[{"embeddable":true,"href":"https:\/\/hundehaltertraining.de\/index.php\/wp-json\/wp\/v2\/comments?post=541"}],"version-history":[{"count":4,"href":"https:\/\/hundehaltertraining.de\/index.php\/wp-json\/wp\/v2\/pages\/541\/revisions"}],"predecessor-version":[{"id":546,"href":"https:\/\/hundehaltertraining.de\/index.php\/wp-json\/wp\/v2\/pages\/541\/revisions\/546"}],"wp:attachment":[{"href":"https:\/\/hundehaltertraining.de\/index.php\/wp-json\/wp\/v2\/media?parent=541"}],"curies":[{"name":"wp","href":"https:\/\/api.w.org\/{rel}","templated":true}]}}