{"id":553,"date":"2026-03-13T07:20:36","date_gmt":"2026-03-13T07:20:36","guid":{"rendered":"https:\/\/hundehaltertraining.de\/?page_id=553"},"modified":"2026-03-13T07:21:47","modified_gmt":"2026-03-13T07:21:47","slug":"nasenarbeit-objektsuche","status":"publish","type":"page","link":"https:\/\/hundehaltertraining.de\/index.php\/nasenarbeit-objektsuche\/","title":{"rendered":"Nasenarbeit \u2013 Objektsuche"},"content":{"rendered":"\t\t<div data-elementor-type=\"wp-page\" data-elementor-id=\"553\" class=\"elementor elementor-553\">\n\t\t\t\t<div class=\"elementor-element elementor-element-a4fa9df e-flex e-con-boxed e-con e-parent\" data-id=\"a4fa9df\" data-element_type=\"container\" data-e-type=\"container\">\n\t\t\t\t\t<div class=\"e-con-inner\">\n\t\t\t\t<div class=\"elementor-element elementor-element-952c87a elementor-widget elementor-widget-heading\" data-id=\"952c87a\" data-element_type=\"widget\" data-e-type=\"widget\" data-widget_type=\"heading.default\">\n\t\t\t\t\t<h2 class=\"elementor-heading-title elementor-size-default\">Nasenarbeit \u2013 Objektsuche<\/h2>\t\t\t\t<\/div>\n\t\t\t\t<div class=\"elementor-element elementor-element-d25ad3d elementor-widget elementor-widget-text-editor\" data-id=\"d25ad3d\" data-element_type=\"widget\" data-e-type=\"widget\" data-widget_type=\"text-editor.default\">\n\t\t\t\t\t\t\t\t\t<p>Bringt euren Hunden bei, kleinste Gegenst\u00e4nde gezielt zu suchen und anzuzeigen. Die perfekte, kreative Besch\u00e4ftigung f\u00fcr drinnen \u2013 ideal f\u00fcr verregnete Tage!<\/p><p>Geeignet f\u00fcr jedes Alter und alle Rassen. Kleine Gruppe von max. 4 Teilnehmern<\/p>\t\t\t\t\t\t\t\t<\/div>\n\t\t\t\t<div class=\"elementor-element elementor-element-344a872 elementor-widget elementor-widget-button\" data-id=\"344a872\" data-element_type=\"widget\" data-e-type=\"widget\" data-widget_type=\"button.default\">\n\t\t\t\t\t\t\t\t\t\t<a class=\"elementor-button elementor-button-link elementor-size-sm\" href=\"https:\/\/hundehaltertraining.de\/index.php\/anmeldung\/\">\n\t\t\t\t\t\t<span class=\"elementor-button-content-wrapper\">\n\t\t\t\t\t\t\t\t\t<span class=\"elementor-button-text\">Hier geht's zur Anmeldung<\/span>\n\t\t\t\t\t<\/span>\n\t\t\t\t\t<\/a>\n\t\t\t\t\t\t\t\t<\/div>\n\t\t\t\t<div class=\"elementor-element elementor-element-89f63d9 elementor-widget elementor-widget-button\" data-id=\"89f63d9\" data-element_type=\"widget\" data-e-type=\"widget\" data-widget_type=\"button.default\">\n\t\t\t\t\t\t\t\t\t\t<a class=\"elementor-button elementor-button-link elementor-size-sm\" href=\"https:\/\/hundehaltertraining.de\/index.php\/kurse\/\">\n\t\t\t\t\t\t<span class=\"elementor-button-content-wrapper\">\n\t\t\t\t\t\t\t\t\t<span class=\"elementor-button-text\">Zur\u00fcck <\/span>\n\t\t\t\t\t<\/span>\n\t\t\t\t\t<\/a>\n\t\t\t\t\t\t\t\t<\/div>\n\t\t\t\t\t<\/div>\n\t\t\t\t<\/div>\n\t\t\t\t<\/div>\n\t\t","protected":false},"excerpt":{"rendered":"<p>Nasenarbeit \u2013 Objektsuche Bringt euren Hunden bei, kleinste Gegenst\u00e4nde gezielt zu suchen und anzuzeigen. Die perfekte, kreative Besch\u00e4ftigung f\u00fcr drinnen \u2013 ideal f\u00fcr verregnete Tage! Geeignet f\u00fcr jedes Alter und alle Rassen. Kleine Gruppe von max. 4 Teilnehmern Hier geht&#8217;s zur Anmeldung Zur\u00fcck<\/p>\n","protected":false},"author":2,"featured_media":0,"parent":0,"menu_order":0,"comment_status":"closed","ping_status":"closed","template":"","meta":{"footnotes":""},"class_list":["post-553","page","type-page","status-publish","hentry","wpbf-post"],"_links":{"self":[{"href":"https:\/\/hundehaltertraining.de\/index.php\/wp-json\/wp\/v2\/pages\/553","targetHints":{"allow":["GET"]}}],"collection":[{"href":"https:\/\/hundehaltertraining.de\/index.php\/wp-json\/wp\/v2\/pages"}],"about":[{"href":"https:\/\/hundehaltertraining.de\/index.php\/wp-json\/wp\/v2\/types\/page"}],"author":[{"embeddable":true,"href":"https:\/\/hundehaltertraining.de\/index.php\/wp-json\/wp\/v2\/users\/2"}],"replies":[{"embeddable":true,"href":"https:\/\/hundehaltertraining.de\/index.php\/wp-json\/wp\/v2\/comments?post=553"}],"version-history":[{"count":4,"href":"https:\/\/hundehaltertraining.de\/index.php\/wp-json\/wp\/v2\/pages\/553\/revisions"}],"predecessor-version":[{"id":558,"href":"https:\/\/hundehaltertraining.de\/index.php\/wp-json\/wp\/v2\/pages\/553\/revisions\/558"}],"wp:attachment":[{"href":"https:\/\/hundehaltertraining.de\/index.php\/wp-json\/wp\/v2\/media?parent=553"}],"curies":[{"name":"wp","href":"https:\/\/api.w.org\/{rel}","templated":true}]}}