{"id":7,"date":"2026-02-22T11:48:46","date_gmt":"2026-02-22T11:48:46","guid":{"rendered":"https:\/\/hundehaltertraining.de\/?page_id=7"},"modified":"2026-04-16T20:33:51","modified_gmt":"2026-04-16T20:33:51","slug":"hundehaltertraining-anette-knobloch-partnerinnen","status":"publish","type":"page","link":"https:\/\/hundehaltertraining.de\/","title":{"rendered":"Aktuelles"},"content":{"rendered":"\t\t<div data-elementor-type=\"wp-page\" data-elementor-id=\"7\" class=\"elementor elementor-7\">\n\t\t\t\t<div class=\"elementor-element elementor-element-b68f29d e-flex e-con-boxed e-con e-parent\" data-id=\"b68f29d\" data-element_type=\"container\" data-e-type=\"container\">\n\t\t\t\t\t<div class=\"e-con-inner\">\n\t\t\t\t<div class=\"elementor-element elementor-element-7924814 elementor-widget elementor-widget-heading\" data-id=\"7924814\" data-element_type=\"widget\" data-e-type=\"widget\" data-widget_type=\"heading.default\">\n\t\t\t\t\t<h2 class=\"elementor-heading-title elementor-size-default\">Ab dem 01.04. starten wir in Engelskirchen \u2013 Haus Alsbach.<\/h2>\t\t\t\t<\/div>\n\t\t<div class=\"elementor-element elementor-element-d0d3e83 e-grid e-con-full e-con e-child\" data-id=\"d0d3e83\" data-element_type=\"container\" data-e-type=\"container\">\n\t\t\t\t<div class=\"elementor-element elementor-element-1aabc06 elementor-widget elementor-widget-image\" data-id=\"1aabc06\" data-element_type=\"widget\" data-e-type=\"widget\" data-widget_type=\"image.default\">\n\t\t\t\t\t\t\t\t\t\t\t\t\t\t\t<img fetchpriority=\"high\" decoding=\"async\" width=\"300\" height=\"225\" src=\"https:\/\/hundehaltertraining.de\/wp-content\/uploads\/2026\/04\/Hundehaltertraining-haus-Alsbach-Ansicht-300x225.jpeg\" class=\"attachment-medium size-medium wp-image-745\" alt=\"\" srcset=\"https:\/\/hundehaltertraining.de\/wp-content\/uploads\/2026\/04\/Hundehaltertraining-haus-Alsbach-Ansicht-300x225.jpeg 300w, https:\/\/hundehaltertraining.de\/wp-content\/uploads\/2026\/04\/Hundehaltertraining-haus-Alsbach-Ansicht-1024x768.jpeg 1024w, https:\/\/hundehaltertraining.de\/wp-content\/uploads\/2026\/04\/Hundehaltertraining-haus-Alsbach-Ansicht-768x576.jpeg 768w, https:\/\/hundehaltertraining.de\/wp-content\/uploads\/2026\/04\/Hundehaltertraining-haus-Alsbach-Ansicht-1536x1152.jpeg 1536w, https:\/\/hundehaltertraining.de\/wp-content\/uploads\/2026\/04\/Hundehaltertraining-haus-Alsbach-Ansicht.jpeg 1600w\" sizes=\"(max-width: 300px) 100vw, 300px\" \/>\t\t\t\t\t\t\t\t\t\t\t\t\t\t\t<\/div>\n\t\t\t\t<div class=\"elementor-element elementor-element-28318b1 elementor-widget elementor-widget-image\" data-id=\"28318b1\" data-element_type=\"widget\" data-e-type=\"widget\" data-widget_type=\"image.default\">\n\t\t\t\t\t\t\t\t\t\t\t\t\t\t\t<img decoding=\"async\" width=\"300\" height=\"225\" src=\"https:\/\/hundehaltertraining.de\/wp-content\/uploads\/2026\/04\/Hundehaltertraining-Haus-Alsbach-Parcourplatz-und-Teppichscheune-300x225.jpeg\" class=\"attachment-medium size-medium wp-image-749\" alt=\"\" srcset=\"https:\/\/hundehaltertraining.de\/wp-content\/uploads\/2026\/04\/Hundehaltertraining-Haus-Alsbach-Parcourplatz-und-Teppichscheune-300x225.jpeg 300w, https:\/\/hundehaltertraining.de\/wp-content\/uploads\/2026\/04\/Hundehaltertraining-Haus-Alsbach-Parcourplatz-und-Teppichscheune-1024x768.jpeg 1024w, https:\/\/hundehaltertraining.de\/wp-content\/uploads\/2026\/04\/Hundehaltertraining-Haus-Alsbach-Parcourplatz-und-Teppichscheune-768x576.jpeg 768w, https:\/\/hundehaltertraining.de\/wp-content\/uploads\/2026\/04\/Hundehaltertraining-Haus-Alsbach-Parcourplatz-und-Teppichscheune-1536x1152.jpeg 1536w, https:\/\/hundehaltertraining.de\/wp-content\/uploads\/2026\/04\/Hundehaltertraining-Haus-Alsbach-Parcourplatz-und-Teppichscheune.jpeg 1600w\" sizes=\"(max-width: 300px) 100vw, 300px\" \/>\t\t\t\t\t\t\t\t\t\t\t\t\t\t\t<\/div>\n\t\t\t\t<div class=\"elementor-element elementor-element-501d025 elementor-widget elementor-widget-image\" data-id=\"501d025\" data-element_type=\"widget\" data-e-type=\"widget\" data-widget_type=\"image.default\">\n\t\t\t\t\t\t\t\t\t\t\t\t\t\t\t<img decoding=\"async\" width=\"300\" height=\"225\" src=\"https:\/\/hundehaltertraining.de\/wp-content\/uploads\/2026\/04\/Hundehaltertraining-Haus-Alsbach-Sandscheune-innen-300x225.jpeg\" class=\"attachment-medium size-medium wp-image-751\" alt=\"\" srcset=\"https:\/\/hundehaltertraining.de\/wp-content\/uploads\/2026\/04\/Hundehaltertraining-Haus-Alsbach-Sandscheune-innen-300x225.jpeg 300w, https:\/\/hundehaltertraining.de\/wp-content\/uploads\/2026\/04\/Hundehaltertraining-Haus-Alsbach-Sandscheune-innen-1024x768.jpeg 1024w, https:\/\/hundehaltertraining.de\/wp-content\/uploads\/2026\/04\/Hundehaltertraining-Haus-Alsbach-Sandscheune-innen-768x576.jpeg 768w, https:\/\/hundehaltertraining.de\/wp-content\/uploads\/2026\/04\/Hundehaltertraining-Haus-Alsbach-Sandscheune-innen-1536x1152.jpeg 1536w, https:\/\/hundehaltertraining.de\/wp-content\/uploads\/2026\/04\/Hundehaltertraining-Haus-Alsbach-Sandscheune-innen.jpeg 1600w\" sizes=\"(max-width: 300px) 100vw, 300px\" \/>\t\t\t\t\t\t\t\t\t\t\t\t\t\t\t<\/div>\n\t\t\t\t<\/div>\n\t\t\t\t<div class=\"elementor-element elementor-element-4bff86b elementor-widget elementor-widget-text-editor\" data-id=\"4bff86b\" data-element_type=\"widget\" data-e-type=\"widget\" data-widget_type=\"text-editor.default\">\n\t\t\t\t\t\t\t\t\t<p>Unser Trainigsgel\u00e4nde bietet ideale Bedingungen, um in entspannter Atmosph\u00e4re zu lernen, zu \u00fcben und gemeinsam zu wachsen. Erfahre hier mehr \u00fcber unser Trainingsgel\u00e4nde.<\/p>\t\t\t\t\t\t\t\t<\/div>\n\t\t\t\t<div class=\"elementor-element elementor-element-e836e6c elementor-widget elementor-widget-button\" data-id=\"e836e6c\" data-element_type=\"widget\" data-e-type=\"widget\" data-widget_type=\"button.default\">\n\t\t\t\t\t\t\t\t\t\t<a class=\"elementor-button elementor-button-link elementor-size-sm\" href=\"https:\/\/hundehaltertraining.de\/index.php\/trainingsgelaende\/\">\n\t\t\t\t\t\t<span class=\"elementor-button-content-wrapper\">\n\t\t\t\t\t\t\t\t\t<span class=\"elementor-button-text\">Zum Trainingsgel\u00e4nde<\/span>\n\t\t\t\t\t<\/span>\n\t\t\t\t\t<\/a>\n\t\t\t\t\t\t\t\t<\/div>\n\t\t<div class=\"elementor-element elementor-element-a457946 e-con-full e-flex e-con e-child\" data-id=\"a457946\" data-element_type=\"container\" data-e-type=\"container\">\n\t\t\t\t<div class=\"elementor-element elementor-element-e86c518 elementor-widget elementor-widget-heading\" data-id=\"e86c518\" data-element_type=\"widget\" data-e-type=\"widget\" data-widget_type=\"heading.default\">\n\t\t\t\t\t<h2 class=\"elementor-heading-title elementor-size-default\">Unsere neu startenden Kurse<\/h2>\t\t\t\t<\/div>\n\t\t<div class=\"elementor-element elementor-element-fb216fa e-grid e-con-full e-con e-child\" data-id=\"fb216fa\" data-element_type=\"container\" data-e-type=\"container\">\n\t\t\t\t<div class=\"elementor-element elementor-element-263d7ae elementor-widget elementor-widget-image\" data-id=\"263d7ae\" data-element_type=\"widget\" data-e-type=\"widget\" data-widget_type=\"image.default\">\n\t\t\t\t\t\t\t\t\t\t\t\t<figure class=\"wp-caption\">\n\t\t\t\t\t\t\t\t\t\t\t<a href=\"https:\/\/hundehaltertraining.de\/index.php\/erziehung\/\">\n\t\t\t\t\t\t\t<img loading=\"lazy\" decoding=\"async\" width=\"300\" height=\"300\" src=\"https:\/\/hundehaltertraining.de\/wp-content\/uploads\/2026\/03\/Erziehungskurs-Instagram-Post.png\" class=\"attachment-medium size-medium wp-image-612\" alt=\"\" srcset=\"https:\/\/hundehaltertraining.de\/wp-content\/uploads\/2026\/03\/Erziehungskurs-Instagram-Post.png 300w, https:\/\/hundehaltertraining.de\/wp-content\/uploads\/2026\/03\/Erziehungskurs-Instagram-Post-150x150.png 150w\" sizes=\"(max-width: 300px) 100vw, 300px\" \/>\t\t\t\t\t\t\t\t<\/a>\n\t\t\t\t\t\t\t\t\t\t\t<figcaption class=\"widget-image-caption wp-caption-text\">Neuer Erziehungskurs ab 07.04.2026 mit Sabine<\/figcaption>\n\t\t\t\t\t\t\t\t\t\t<\/figure>\n\t\t\t\t\t\t\t\t\t<\/div>\n\t\t\t\t<div class=\"elementor-element elementor-element-9b4fde5 elementor-widget elementor-widget-image\" data-id=\"9b4fde5\" data-element_type=\"widget\" data-e-type=\"widget\" data-widget_type=\"image.default\">\n\t\t\t\t\t\t\t\t\t\t\t\t<figure class=\"wp-caption\">\n\t\t\t\t\t\t\t\t\t\t\t<a href=\"https:\/\/hundehaltertraining.de\/index.php\/nasenarbeit\/\">\n\t\t\t\t\t\t\t<img loading=\"lazy\" decoding=\"async\" width=\"300\" height=\"300\" src=\"https:\/\/hundehaltertraining.de\/wp-content\/uploads\/2026\/03\/Nasenarbeit-Instagram-Post.png\" class=\"attachment-medium size-medium wp-image-669\" alt=\"\" srcset=\"https:\/\/hundehaltertraining.de\/wp-content\/uploads\/2026\/03\/Nasenarbeit-Instagram-Post.png 300w, https:\/\/hundehaltertraining.de\/wp-content\/uploads\/2026\/03\/Nasenarbeit-Instagram-Post-150x150.png 150w\" sizes=\"(max-width: 300px) 100vw, 300px\" \/>\t\t\t\t\t\t\t\t<\/a>\n\t\t\t\t\t\t\t\t\t\t\t<figcaption class=\"widget-image-caption wp-caption-text\">Neuer Nasenarbeit Kurs ab 10.04.2026 mit Katrin<\/figcaption>\n\t\t\t\t\t\t\t\t\t\t<\/figure>\n\t\t\t\t\t\t\t\t\t<\/div>\n\t\t\t\t<div class=\"elementor-element elementor-element-ef5b159 elementor-widget elementor-widget-image\" data-id=\"ef5b159\" data-element_type=\"widget\" data-e-type=\"widget\" data-widget_type=\"image.default\">\n\t\t\t\t\t\t\t\t\t\t\t\t<figure class=\"wp-caption\">\n\t\t\t\t\t\t\t\t\t\t\t<a href=\"https:\/\/hundehaltertraining.de\/index.php\/teamarbeit\/\">\n\t\t\t\t\t\t\t<img loading=\"lazy\" decoding=\"async\" width=\"300\" height=\"300\" src=\"https:\/\/hundehaltertraining.de\/wp-content\/uploads\/2026\/03\/Teamarbeit-Instagram-Post-1.png\" class=\"attachment-medium size-medium wp-image-659\" alt=\"\" srcset=\"https:\/\/hundehaltertraining.de\/wp-content\/uploads\/2026\/03\/Teamarbeit-Instagram-Post-1.png 300w, https:\/\/hundehaltertraining.de\/wp-content\/uploads\/2026\/03\/Teamarbeit-Instagram-Post-1-150x150.png 150w\" sizes=\"(max-width: 300px) 100vw, 300px\" \/>\t\t\t\t\t\t\t\t<\/a>\n\t\t\t\t\t\t\t\t\t\t\t<figcaption class=\"widget-image-caption wp-caption-text\">Neuer Kurs Teamarbeit ab 13.04.2026 mit Jule<\/figcaption>\n\t\t\t\t\t\t\t\t\t\t<\/figure>\n\t\t\t\t\t\t\t\t\t<\/div>\n\t\t\t\t<div class=\"elementor-element elementor-element-8cb210e elementor-widget elementor-widget-image\" data-id=\"8cb210e\" data-element_type=\"widget\" data-e-type=\"widget\" data-widget_type=\"image.default\">\n\t\t\t\t\t\t\t\t\t\t\t\t<figure class=\"wp-caption\">\n\t\t\t\t\t\t\t\t\t\t\t<a href=\"https:\/\/hundehaltertraining.de\/index.php\/welpen-raudigruppen\/\">\n\t\t\t\t\t\t\t<img loading=\"lazy\" decoding=\"async\" width=\"300\" height=\"300\" src=\"https:\/\/hundehaltertraining.de\/wp-content\/uploads\/2026\/03\/Welpenkurs-Instagram-Post.png\" class=\"attachment-medium size-medium wp-image-600\" alt=\"\" srcset=\"https:\/\/hundehaltertraining.de\/wp-content\/uploads\/2026\/03\/Welpenkurs-Instagram-Post.png 300w, https:\/\/hundehaltertraining.de\/wp-content\/uploads\/2026\/03\/Welpenkurs-Instagram-Post-150x150.png 150w\" sizes=\"(max-width: 300px) 100vw, 300px\" \/>\t\t\t\t\t\t\t\t<\/a>\n\t\t\t\t\t\t\t\t\t\t\t<figcaption class=\"widget-image-caption wp-caption-text\"> Neuer Welpenkurs ab 15.04.2026 mit Katrin<\/figcaption>\n\t\t\t\t\t\t\t\t\t\t<\/figure>\n\t\t\t\t\t\t\t\t\t<\/div>\n\t\t\t\t<div class=\"elementor-element elementor-element-aee8462 elementor-widget elementor-widget-image\" data-id=\"aee8462\" data-element_type=\"widget\" data-e-type=\"widget\" data-widget_type=\"image.default\">\n\t\t\t\t\t\t\t\t\t\t\t\t<figure class=\"wp-caption\">\n\t\t\t\t\t\t\t\t\t\t<img loading=\"lazy\" decoding=\"async\" width=\"300\" height=\"300\" src=\"https:\/\/hundehaltertraining.de\/wp-content\/uploads\/2026\/03\/Trick-und-Klick-Instagram-Post.png\" class=\"attachment-medium size-medium wp-image-651\" alt=\"\" srcset=\"https:\/\/hundehaltertraining.de\/wp-content\/uploads\/2026\/03\/Trick-und-Klick-Instagram-Post.png 300w, https:\/\/hundehaltertraining.de\/wp-content\/uploads\/2026\/03\/Trick-und-Klick-Instagram-Post-150x150.png 150w\" sizes=\"(max-width: 300px) 100vw, 300px\" \/>\t\t\t\t\t\t\t\t\t\t\t<figcaption class=\"widget-image-caption wp-caption-text\">Neuer Kurs Trick und Klick ab 13.04.2026 mit Sabine<\/figcaption>\n\t\t\t\t\t\t\t\t\t\t<\/figure>\n\t\t\t\t\t\t\t\t\t<\/div>\n\t\t\t\t<div class=\"elementor-element elementor-element-85172a0 elementor-widget elementor-widget-image\" data-id=\"85172a0\" data-element_type=\"widget\" data-e-type=\"widget\" data-widget_type=\"image.default\">\n\t\t\t\t\t\t\t\t\t\t\t\t<figure class=\"wp-caption\">\n\t\t\t\t\t\t\t\t\t\t\t<a href=\"https:\/\/hundehaltertraining.de\/index.php\/erziehung\/\">\n\t\t\t\t\t\t\t<img loading=\"lazy\" decoding=\"async\" width=\"300\" height=\"300\" src=\"https:\/\/hundehaltertraining.de\/wp-content\/uploads\/2026\/03\/Erziehungskurs-Katrin-Instagram-Post-1.png\" class=\"attachment-medium size-medium wp-image-628\" alt=\"\" srcset=\"https:\/\/hundehaltertraining.de\/wp-content\/uploads\/2026\/03\/Erziehungskurs-Katrin-Instagram-Post-1.png 300w, https:\/\/hundehaltertraining.de\/wp-content\/uploads\/2026\/03\/Erziehungskurs-Katrin-Instagram-Post-1-150x150.png 150w\" sizes=\"(max-width: 300px) 100vw, 300px\" \/>\t\t\t\t\t\t\t\t<\/a>\n\t\t\t\t\t\t\t\t\t\t\t<figcaption class=\"widget-image-caption wp-caption-text\">Neuer Erziehungskurs ab 15.04.2026 mit Katrin<\/figcaption>\n\t\t\t\t\t\t\t\t\t\t<\/figure>\n\t\t\t\t\t\t\t\t\t<\/div>\n\t\t\t\t<div class=\"elementor-element elementor-element-cd61995 elementor-widget elementor-widget-image\" data-id=\"cd61995\" data-element_type=\"widget\" data-e-type=\"widget\" data-widget_type=\"image.default\">\n\t\t\t\t\t\t\t\t\t\t\t\t<figure class=\"wp-caption\">\n\t\t\t\t\t\t\t\t\t\t\t<a href=\"https:\/\/hundehaltertraining.de\/index.php\/welpen-raudigruppen\/\">\n\t\t\t\t\t\t\t<img loading=\"lazy\" decoding=\"async\" width=\"300\" height=\"300\" src=\"https:\/\/hundehaltertraining.de\/wp-content\/uploads\/2026\/03\/Welpenkurs-Anette-Instagram-Post.png\" class=\"attachment-medium size-medium wp-image-602\" alt=\"\" srcset=\"https:\/\/hundehaltertraining.de\/wp-content\/uploads\/2026\/03\/Welpenkurs-Anette-Instagram-Post.png 300w, https:\/\/hundehaltertraining.de\/wp-content\/uploads\/2026\/03\/Welpenkurs-Anette-Instagram-Post-150x150.png 150w\" sizes=\"(max-width: 300px) 100vw, 300px\" \/>\t\t\t\t\t\t\t\t<\/a>\n\t\t\t\t\t\t\t\t\t\t\t<figcaption class=\"widget-image-caption wp-caption-text\"> Neuer Welpenkurs ab 18.04.2026 mit Anette<\/figcaption>\n\t\t\t\t\t\t\t\t\t\t<\/figure>\n\t\t\t\t\t\t\t\t\t<\/div>\n\t\t\t\t<div class=\"elementor-element elementor-element-4c651bc elementor-widget elementor-widget-image\" data-id=\"4c651bc\" data-element_type=\"widget\" data-e-type=\"widget\" data-widget_type=\"image.default\">\n\t\t\t\t\t\t\t\t\t\t\t\t<figure class=\"wp-caption\">\n\t\t\t\t\t\t\t\t\t\t\t<a href=\"https:\/\/hundehaltertraining.de\/index.php\/hundefuehrerschein-2\/\">\n\t\t\t\t\t\t\t<img loading=\"lazy\" decoding=\"async\" width=\"300\" height=\"300\" src=\"https:\/\/hundehaltertraining.de\/wp-content\/uploads\/2026\/03\/Hundefuehrerschein-Instagram-Post-1.png\" class=\"attachment-medium size-medium wp-image-655\" alt=\"\" srcset=\"https:\/\/hundehaltertraining.de\/wp-content\/uploads\/2026\/03\/Hundefuehrerschein-Instagram-Post-1.png 300w, https:\/\/hundehaltertraining.de\/wp-content\/uploads\/2026\/03\/Hundefuehrerschein-Instagram-Post-1-150x150.png 150w\" sizes=\"(max-width: 300px) 100vw, 300px\" \/>\t\t\t\t\t\t\t\t<\/a>\n\t\t\t\t\t\t\t\t\t\t\t<figcaption class=\"widget-image-caption wp-caption-text\">Neuer Vorbereitungskurs Hundef\u00fchrerschein ab 29.04.2026 mit Ulli<\/figcaption>\n\t\t\t\t\t\t\t\t\t\t<\/figure>\n\t\t\t\t\t\t\t\t\t<\/div>\n\t\t\t\t<\/div>\n\t\t\t\t<\/div>\n\t\t\t\t<div class=\"elementor-element elementor-element-6d5ec52 elementor-widget-divider--view-line elementor-widget elementor-widget-divider\" data-id=\"6d5ec52\" data-element_type=\"widget\" data-e-type=\"widget\" data-widget_type=\"divider.default\">\n\t\t\t\t\t\t\t<div class=\"elementor-divider\">\n\t\t\t<span class=\"elementor-divider-separator\">\n\t\t\t\t\t\t<\/span>\n\t\t<\/div>\n\t\t\t\t\t\t<\/div>\n\t\t\t\t<div class=\"elementor-element elementor-element-282d039 elementor-widget elementor-widget-heading\" data-id=\"282d039\" data-element_type=\"widget\" data-e-type=\"widget\" data-widget_type=\"heading.default\">\n\t\t\t\t\t<h2 class=\"elementor-heading-title elementor-size-default\"><a href=\"https:\/\/hundehaltertraining.de\/index.php\/intensivtraining\/\">Neue Intensivkurse<\/a><\/h2>\t\t\t\t<\/div>\n\t\t<div class=\"elementor-element elementor-element-612b453 e-grid e-con-full e-con e-child\" data-id=\"612b453\" data-element_type=\"container\" data-e-type=\"container\">\n\t\t\t\t<div class=\"elementor-element elementor-element-2b243a5 elementor-widget elementor-widget-image\" data-id=\"2b243a5\" data-element_type=\"widget\" data-e-type=\"widget\" data-widget_type=\"image.default\">\n\t\t\t\t\t\t\t\t\t\t\t\t<figure class=\"wp-caption\">\n\t\t\t\t\t\t\t\t\t\t\t<a href=\"https:\/\/hundehaltertraining.de\/index.php\/lockere-leine\/\">\n\t\t\t\t\t\t\t<img loading=\"lazy\" decoding=\"async\" width=\"300\" height=\"300\" src=\"https:\/\/hundehaltertraining.de\/wp-content\/uploads\/2026\/03\/Lockere-Leine-Homepage.png\" class=\"attachment-medium size-medium wp-image-700\" alt=\"\" srcset=\"https:\/\/hundehaltertraining.de\/wp-content\/uploads\/2026\/03\/Lockere-Leine-Homepage.png 300w, https:\/\/hundehaltertraining.de\/wp-content\/uploads\/2026\/03\/Lockere-Leine-Homepage-150x150.png 150w\" sizes=\"(max-width: 300px) 100vw, 300px\" \/>\t\t\t\t\t\t\t\t<\/a>\n\t\t\t\t\t\t\t\t\t\t\t<figcaption class=\"widget-image-caption wp-caption-text\">Intensivkurs Lockere Leine ab 07.04.2026 bei Sabine<\/figcaption>\n\t\t\t\t\t\t\t\t\t\t<\/figure>\n\t\t\t\t\t\t\t\t\t<\/div>\n\t\t\t\t<div class=\"elementor-element elementor-element-6779e20 elementor-widget elementor-widget-image\" data-id=\"6779e20\" data-element_type=\"widget\" data-e-type=\"widget\" data-widget_type=\"image.default\">\n\t\t\t\t\t\t\t\t\t\t\t\t<figure class=\"wp-caption\">\n\t\t\t\t\t\t\t\t\t\t\t<a href=\"https:\/\/hundehaltertraining.de\/index.php\/jagdkontrolle\/\">\n\t\t\t\t\t\t\t<img loading=\"lazy\" decoding=\"async\" width=\"300\" height=\"300\" src=\"https:\/\/hundehaltertraining.de\/wp-content\/uploads\/2026\/03\/Jagdkontrolle-Homepage-1.png\" class=\"attachment-medium size-medium wp-image-717\" alt=\"\" srcset=\"https:\/\/hundehaltertraining.de\/wp-content\/uploads\/2026\/03\/Jagdkontrolle-Homepage-1.png 300w, https:\/\/hundehaltertraining.de\/wp-content\/uploads\/2026\/03\/Jagdkontrolle-Homepage-1-150x150.png 150w\" sizes=\"(max-width: 300px) 100vw, 300px\" \/>\t\t\t\t\t\t\t\t<\/a>\n\t\t\t\t\t\t\t\t\t\t\t<figcaption class=\"widget-image-caption wp-caption-text\">Intensivkurs Jagdkontrolle ab 07.04.2026 bei Sabine<\/figcaption>\n\t\t\t\t\t\t\t\t\t\t<\/figure>\n\t\t\t\t\t\t\t\t\t<\/div>\n\t\t\t\t<div class=\"elementor-element elementor-element-58078a0 elementor-widget elementor-widget-image\" data-id=\"58078a0\" data-element_type=\"widget\" data-e-type=\"widget\" data-widget_type=\"image.default\">\n\t\t\t\t\t\t\t\t\t\t\t\t<figure class=\"wp-caption\">\n\t\t\t\t\t\t\t\t\t\t\t<a href=\"https:\/\/hundehaltertraining.de\/index.php\/welpen-und-rauditag\/\">\n\t\t\t\t\t\t\t<img loading=\"lazy\" decoding=\"async\" width=\"300\" height=\"300\" src=\"https:\/\/hundehaltertraining.de\/wp-content\/uploads\/2026\/03\/Welpen-und-Rauditag-WebPost.png\" class=\"attachment-medium size-medium wp-image-474\" alt=\"\" srcset=\"https:\/\/hundehaltertraining.de\/wp-content\/uploads\/2026\/03\/Welpen-und-Rauditag-WebPost.png 300w, https:\/\/hundehaltertraining.de\/wp-content\/uploads\/2026\/03\/Welpen-und-Rauditag-WebPost-150x150.png 150w\" sizes=\"(max-width: 300px) 100vw, 300px\" \/>\t\t\t\t\t\t\t\t<\/a>\n\t\t\t\t\t\t\t\t\t\t\t<figcaption class=\"widget-image-caption wp-caption-text\">Welpen und Rauditag am 11.04.2026<\/figcaption>\n\t\t\t\t\t\t\t\t\t\t<\/figure>\n\t\t\t\t\t\t\t\t\t<\/div>\n\t\t\t\t<\/div>\n\t\t\t\t<div class=\"elementor-element elementor-element-c6a71b6 elementor-widget-divider--view-line elementor-widget elementor-widget-divider\" data-id=\"c6a71b6\" data-element_type=\"widget\" data-e-type=\"widget\" data-widget_type=\"divider.default\">\n\t\t\t\t\t\t\t<div class=\"elementor-divider\">\n\t\t\t<span class=\"elementor-divider-separator\">\n\t\t\t\t\t\t<\/span>\n\t\t<\/div>\n\t\t\t\t\t\t<\/div>\n\t\t\t\t<div class=\"elementor-element elementor-element-05eab1d elementor-widget elementor-widget-heading\" data-id=\"05eab1d\" data-element_type=\"widget\" data-e-type=\"widget\" data-widget_type=\"heading.default\">\n\t\t\t\t\t<h2 class=\"elementor-heading-title elementor-size-default\">Fortlaufende Kurse \u2013 Einstieg jederzeit m\u00f6glich<\/h2>\t\t\t\t<\/div>\n\t\t\t\t<div class=\"elementor-element elementor-element-ec452bf elementor-widget elementor-widget-text-editor\" data-id=\"ec452bf\" data-element_type=\"widget\" data-e-type=\"widget\" data-widget_type=\"text-editor.default\">\n\t\t\t\t\t\t\t\t\t<p>Freitags 17:30 Uhr <a href=\"https:\/\/hundehaltertraining.de\/index.php\/pubertiere-und-andere-chaoten\/\">Pubertiere und andere Chaoten<\/a> bei Jule und Katrin \u2013 <a href=\"https:\/\/hundehaltertraining.de\/index.php\/pubertiere-und-andere-chaoten\/\">hier geht&#8217;s zum Kurs&nbsp;<\/a><\/p>\t\t\t\t\t\t\t\t<\/div>\n\t\t\t\t<div class=\"elementor-element elementor-element-0100165 elementor-widget-divider--view-line elementor-widget elementor-widget-divider\" data-id=\"0100165\" data-element_type=\"widget\" data-e-type=\"widget\" data-widget_type=\"divider.default\">\n\t\t\t\t\t\t\t<div class=\"elementor-divider\">\n\t\t\t<span class=\"elementor-divider-separator\">\n\t\t\t\t\t\t<\/span>\n\t\t<\/div>\n\t\t\t\t\t\t<\/div>\n\t\t\t\t<div class=\"elementor-element elementor-element-946e98a elementor-widget elementor-widget-heading\" data-id=\"946e98a\" data-element_type=\"widget\" data-e-type=\"widget\" data-widget_type=\"heading.default\">\n\t\t\t\t\t<h2 class=\"elementor-heading-title elementor-size-default\"><a href=\"https:\/\/hundehaltertraining.de\/index.php\/restplatzboerse\/\">Restplatzb\u00f6rse<\/a><\/h2>\t\t\t\t<\/div>\n\t\t\t\t<div class=\"elementor-element elementor-element-6c4d5ce elementor-widget elementor-widget-text-editor\" data-id=\"6c4d5ce\" data-element_type=\"widget\" data-e-type=\"widget\" data-widget_type=\"text-editor.default\">\n\t\t\t\t\t\t\t\t\t<p><a href=\"https:\/\/hundehaltertraining.de\/index.php\/hundehaltertraining-anette-knobloch-partnerinnen\/restplatzboerse-2\/\"><img loading=\"lazy\" decoding=\"async\" class=\"alignleft wp-image-593 size-medium\" src=\"https:\/\/hundehaltertraining.de\/wp-content\/uploads\/2026\/03\/Restplatzboerse-240x300.png\" alt=\"\" width=\"240\" height=\"300\" srcset=\"https:\/\/hundehaltertraining.de\/wp-content\/uploads\/2026\/03\/Restplatzboerse-240x300.png 240w, https:\/\/hundehaltertraining.de\/wp-content\/uploads\/2026\/03\/Restplatzboerse-819x1024.png 819w, https:\/\/hundehaltertraining.de\/wp-content\/uploads\/2026\/03\/Restplatzboerse-768x960.png 768w, https:\/\/hundehaltertraining.de\/wp-content\/uploads\/2026\/03\/Restplatzboerse.png 1080w\" sizes=\"(max-width: 240px) 100vw, 240px\" \/><\/a>Kennt Ihr schon unsere <a href=\"https:\/\/hundehaltertraining.de\/index.php\/restplatzboerse\/\">Restplatzb\u00f6rse<\/a>?<\/p><p>Dort seht ihr auf einen Blick, in welchen laufenden Kursen noch Pl\u00e4tze frei sind. Schaut gerne immer mal wieder vorbei &#8211; die Liste wird regelm\u00e4\u00dfig aktualisiert.\u00a0<\/p>\t\t\t\t\t\t\t\t<\/div>\n\t\t\t\t\t<\/div>\n\t\t\t\t<\/div>\n\t\t\t\t<\/div>\n\t\t","protected":false},"excerpt":{"rendered":"<p>Ab dem 01.04. starten wir in Engelskirchen \u2013 Haus Alsbach. Unser Trainigsgel\u00e4nde bietet ideale Bedingungen, um in entspannter Atmosph\u00e4re zu lernen, zu \u00fcben und gemeinsam zu wachsen. Erfahre hier mehr \u00fcber unser Trainingsgel\u00e4nde. Zum Trainingsgel\u00e4nde Unsere neu startenden Kurse Neuer Erziehungskurs ab 07.04.2026 mit Sabine Neuer Nasenarbeit Kurs ab 10.04.2026 mit Katrin Neuer Kurs Teamarbeit [&hellip;]<\/p>\n","protected":false},"author":1,"featured_media":0,"parent":0,"menu_order":0,"comment_status":"closed","ping_status":"closed","template":"","meta":{"footnotes":""},"class_list":["post-7","page","type-page","status-publish","hentry","wpbf-post"],"_links":{"self":[{"href":"https:\/\/hundehaltertraining.de\/index.php\/wp-json\/wp\/v2\/pages\/7","targetHints":{"allow":["GET"]}}],"collection":[{"href":"https:\/\/hundehaltertraining.de\/index.php\/wp-json\/wp\/v2\/pages"}],"about":[{"href":"https:\/\/hundehaltertraining.de\/index.php\/wp-json\/wp\/v2\/types\/page"}],"author":[{"embeddable":true,"href":"https:\/\/hundehaltertraining.de\/index.php\/wp-json\/wp\/v2\/users\/1"}],"replies":[{"embeddable":true,"href":"https:\/\/hundehaltertraining.de\/index.php\/wp-json\/wp\/v2\/comments?post=7"}],"version-history":[{"count":84,"href":"https:\/\/hundehaltertraining.de\/index.php\/wp-json\/wp\/v2\/pages\/7\/revisions"}],"predecessor-version":[{"id":770,"href":"https:\/\/hundehaltertraining.de\/index.php\/wp-json\/wp\/v2\/pages\/7\/revisions\/770"}],"wp:attachment":[{"href":"https:\/\/hundehaltertraining.de\/index.php\/wp-json\/wp\/v2\/media?parent=7"}],"curies":[{"name":"wp","href":"https:\/\/api.w.org\/{rel}","templated":true}]}}