{"id":762,"date":"2026-04-16T20:18:58","date_gmt":"2026-04-16T20:18:58","guid":{"rendered":"https:\/\/hundehaltertraining.de\/?page_id=762"},"modified":"2026-04-16T20:33:12","modified_gmt":"2026-04-16T20:33:12","slug":"trainingsgelaende","status":"publish","type":"page","link":"https:\/\/hundehaltertraining.de\/index.php\/trainingsgelaende\/","title":{"rendered":"Trainingsgel\u00e4nde"},"content":{"rendered":"\t\t<div data-elementor-type=\"wp-page\" data-elementor-id=\"762\" class=\"elementor elementor-762\">\n\t\t\t\t<div class=\"elementor-element elementor-element-0396254 e-flex e-con-boxed e-con e-parent\" data-id=\"0396254\" data-element_type=\"container\" data-e-type=\"container\">\n\t\t\t\t\t<div class=\"e-con-inner\">\n\t\t\t\t<div class=\"elementor-element elementor-element-acfad22 elementor-widget elementor-widget-heading\" data-id=\"acfad22\" data-element_type=\"widget\" data-e-type=\"widget\" data-widget_type=\"heading.default\">\n\t\t\t\t\t<h2 class=\"elementor-heading-title elementor-size-default\">Unser Trainingsgel\u00e4nde<\/h2>\t\t\t\t<\/div>\n\t\t\t\t\t<\/div>\n\t\t\t\t<\/div>\n\t\t<div class=\"elementor-element elementor-element-9ca650b e-grid e-con-full e-con e-parent\" data-id=\"9ca650b\" data-element_type=\"container\" data-e-type=\"container\">\n\t\t\t\t<div class=\"elementor-element elementor-element-8e633f6 elementor-widget elementor-widget-image\" data-id=\"8e633f6\" data-element_type=\"widget\" data-e-type=\"widget\" data-widget_type=\"image.default\">\n\t\t\t\t\t\t\t\t\t\t\t\t\t\t\t<img fetchpriority=\"high\" decoding=\"async\" width=\"300\" height=\"225\" src=\"https:\/\/hundehaltertraining.de\/wp-content\/uploads\/2026\/04\/Hundehaltertraining-haus-Alsbach-Ansicht-300x225.jpeg\" class=\"attachment-medium size-medium wp-image-745\" alt=\"\" srcset=\"https:\/\/hundehaltertraining.de\/wp-content\/uploads\/2026\/04\/Hundehaltertraining-haus-Alsbach-Ansicht-300x225.jpeg 300w, https:\/\/hundehaltertraining.de\/wp-content\/uploads\/2026\/04\/Hundehaltertraining-haus-Alsbach-Ansicht-1024x768.jpeg 1024w, https:\/\/hundehaltertraining.de\/wp-content\/uploads\/2026\/04\/Hundehaltertraining-haus-Alsbach-Ansicht-768x576.jpeg 768w, https:\/\/hundehaltertraining.de\/wp-content\/uploads\/2026\/04\/Hundehaltertraining-haus-Alsbach-Ansicht-1536x1152.jpeg 1536w, https:\/\/hundehaltertraining.de\/wp-content\/uploads\/2026\/04\/Hundehaltertraining-haus-Alsbach-Ansicht.jpeg 1600w\" sizes=\"(max-width: 300px) 100vw, 300px\" \/>\t\t\t\t\t\t\t\t\t\t\t\t\t\t\t<\/div>\n\t\t\t\t<div class=\"elementor-element elementor-element-68f2ce4 elementor-widget elementor-widget-image\" data-id=\"68f2ce4\" data-element_type=\"widget\" data-e-type=\"widget\" data-widget_type=\"image.default\">\n\t\t\t\t\t\t\t\t\t\t\t\t\t\t\t<img decoding=\"async\" width=\"300\" height=\"225\" src=\"https:\/\/hundehaltertraining.de\/wp-content\/uploads\/2026\/04\/Hundehaltertraining-Haus-Alsbach-Parcourplatz-und-Teppichscheune-300x225.jpeg\" class=\"attachment-medium size-medium wp-image-749\" alt=\"\" srcset=\"https:\/\/hundehaltertraining.de\/wp-content\/uploads\/2026\/04\/Hundehaltertraining-Haus-Alsbach-Parcourplatz-und-Teppichscheune-300x225.jpeg 300w, https:\/\/hundehaltertraining.de\/wp-content\/uploads\/2026\/04\/Hundehaltertraining-Haus-Alsbach-Parcourplatz-und-Teppichscheune-1024x768.jpeg 1024w, https:\/\/hundehaltertraining.de\/wp-content\/uploads\/2026\/04\/Hundehaltertraining-Haus-Alsbach-Parcourplatz-und-Teppichscheune-768x576.jpeg 768w, https:\/\/hundehaltertraining.de\/wp-content\/uploads\/2026\/04\/Hundehaltertraining-Haus-Alsbach-Parcourplatz-und-Teppichscheune-1536x1152.jpeg 1536w, https:\/\/hundehaltertraining.de\/wp-content\/uploads\/2026\/04\/Hundehaltertraining-Haus-Alsbach-Parcourplatz-und-Teppichscheune.jpeg 1600w\" sizes=\"(max-width: 300px) 100vw, 300px\" \/>\t\t\t\t\t\t\t\t\t\t\t\t\t\t\t<\/div>\n\t\t\t\t<div class=\"elementor-element elementor-element-10063ca elementor-widget elementor-widget-image\" data-id=\"10063ca\" data-element_type=\"widget\" data-e-type=\"widget\" data-widget_type=\"image.default\">\n\t\t\t\t\t\t\t\t\t\t\t\t\t\t\t<img decoding=\"async\" width=\"300\" height=\"225\" src=\"https:\/\/hundehaltertraining.de\/wp-content\/uploads\/2026\/04\/Hundehaltertraining-Haus-Alsbach-Sandscheune-innen-300x225.jpeg\" class=\"attachment-medium size-medium wp-image-751\" alt=\"\" srcset=\"https:\/\/hundehaltertraining.de\/wp-content\/uploads\/2026\/04\/Hundehaltertraining-Haus-Alsbach-Sandscheune-innen-300x225.jpeg 300w, https:\/\/hundehaltertraining.de\/wp-content\/uploads\/2026\/04\/Hundehaltertraining-Haus-Alsbach-Sandscheune-innen-1024x768.jpeg 1024w, https:\/\/hundehaltertraining.de\/wp-content\/uploads\/2026\/04\/Hundehaltertraining-Haus-Alsbach-Sandscheune-innen-768x576.jpeg 768w, https:\/\/hundehaltertraining.de\/wp-content\/uploads\/2026\/04\/Hundehaltertraining-Haus-Alsbach-Sandscheune-innen-1536x1152.jpeg 1536w, https:\/\/hundehaltertraining.de\/wp-content\/uploads\/2026\/04\/Hundehaltertraining-Haus-Alsbach-Sandscheune-innen.jpeg 1600w\" sizes=\"(max-width: 300px) 100vw, 300px\" \/>\t\t\t\t\t\t\t\t\t\t\t\t\t\t\t<\/div>\n\t\t\t\t<\/div>\n\t\t<div class=\"elementor-element elementor-element-f3d36b8 e-flex e-con-boxed e-con e-parent\" data-id=\"f3d36b8\" data-element_type=\"container\" data-e-type=\"container\">\n\t\t\t\t\t<div class=\"e-con-inner\">\n\t\t\t\t<div class=\"elementor-element elementor-element-bd75940 elementor-widget elementor-widget-heading\" data-id=\"bd75940\" data-element_type=\"widget\" data-e-type=\"widget\" data-widget_type=\"heading.default\">\n\t\t\t\t\t<h3 class=\"elementor-heading-title elementor-size-default\">Ein Ort, an dem Mensch und Hund sich wohlf\u00fchlen.<\/h3>\t\t\t\t<\/div>\n\t\t\t\t<div class=\"elementor-element elementor-element-bc77220 elementor-widget elementor-widget-text-editor\" data-id=\"bc77220\" data-element_type=\"widget\" data-e-type=\"widget\" data-widget_type=\"text-editor.default\">\n\t\t\t\t\t\t\t\t\t<p data-pm-slice=\"1 1 []\">Unser Trainingsgel\u00e4nde bietet ideale Bedingungen, um in entspannter Atmosph\u00e4re zu lernen, zu \u00fcben und gemeinsam zu wachsen. Weitl\u00e4ufige Fl\u00e4chen, sichere Einz\u00e4unungen und abwechslungsreiche Trainingsbereiche erm\u00f6glichen ein effektives, alltagsnahes Hundetraining f\u00fcr jedes Mensch-Hund-Team.<\/p>\t\t\t\t\t\t\t\t<\/div>\n\t\t\t\t<div class=\"elementor-element elementor-element-a1bf3c9 elementor-widget elementor-widget-heading\" data-id=\"a1bf3c9\" data-element_type=\"widget\" data-e-type=\"widget\" data-widget_type=\"heading.default\">\n\t\t\t\t\t<h3 class=\"elementor-heading-title elementor-size-default\">Viel Platz f\u00fcr individuelles und gemeinsames Training.<\/h3>\t\t\t\t<\/div>\n\t\t\t\t<div class=\"elementor-element elementor-element-0629d3b elementor-widget elementor-widget-text-editor\" data-id=\"0629d3b\" data-element_type=\"widget\" data-e-type=\"widget\" data-widget_type=\"text-editor.default\">\n\t\t\t\t\t\t\t\t\t<p data-pm-slice=\"1 1 []\">Auf unserem Gel\u00e4nde findest du verschiedene Bereiche, die wir flexibel f\u00fcr Einzelstunden, Gruppenangebote und Workshops nutzen:<\/p><ul data-tight=\"true\"><li><p><strong>Gro\u00dfz\u00fcgige Wiesenfl\u00e4chen<\/strong> \u2014 perfekt f\u00fcr Freilauf, R\u00fcckruftraining und soziale Begegnungen.<\/p><\/li><li><p><strong>Abgetrennter Trainingsbereich<\/strong> \u2014 ideal f\u00fcr konzentriertes Arbeiten ohne Ablenkung.<\/p><\/li><li><p><strong>Ger\u00e4te- und Parcourszone<\/strong> \u2014 f\u00fcr Koordination, Selbstbewusstsein und k\u00f6rperliche Auslastung.<\/p><\/li><li><p><strong>Alltagssituationen zum \u00dcben<\/strong> \u2014 z. B. Begegnungstraining, Impulskontrolle oder Leinenf\u00fchrigkeit.<\/p><\/li><\/ul><p>Jeder Bereich ist so gestaltet, dass du und dein Hund sicher, motiviert und mit Freude arbeiten k\u00f6nnt.<\/p>\t\t\t\t\t\t\t\t<\/div>\n\t\t\t\t<div class=\"elementor-element elementor-element-c89f50e elementor-widget elementor-widget-heading\" data-id=\"c89f50e\" data-element_type=\"widget\" data-e-type=\"widget\" data-widget_type=\"heading.default\">\n\t\t\t\t\t<h3 class=\"elementor-heading-title elementor-size-default\">Naturnah, ruhig und gut erreichbar.<\/h3>\t\t\t\t<\/div>\n\t\t\t\t<div class=\"elementor-element elementor-element-1917400 elementor-widget elementor-widget-text-editor\" data-id=\"1917400\" data-element_type=\"widget\" data-e-type=\"widget\" data-widget_type=\"text-editor.default\">\n\t\t\t\t\t\t\t\t\t<p data-pm-slice=\"1 1 []\">Unser Gel\u00e4nde liegt in einer ruhigen Umgebung, die deinem Hund hilft, sich zu entspannen und sich auf das Training einzulassen. Gleichzeitig sind wir gut erreichbar und bieten ausreichend Parkm\u00f6glichkeiten direkt vor Ort.<\/p>\t\t\t\t\t\t\t\t<\/div>\n\t\t\t\t<div class=\"elementor-element elementor-element-ea75080 elementor-widget elementor-widget-heading\" data-id=\"ea75080\" data-element_type=\"widget\" data-e-type=\"widget\" data-widget_type=\"heading.default\">\n\t\t\t\t\t<h3 class=\"elementor-heading-title elementor-size-default\">Einblicke ins Training.<\/h3>\t\t\t\t<\/div>\n\t\t\t\t<div class=\"elementor-element elementor-element-73a8447 elementor-widget elementor-widget-text-editor\" data-id=\"73a8447\" data-element_type=\"widget\" data-e-type=\"widget\" data-widget_type=\"text-editor.default\">\n\t\t\t\t\t\t\t\t\t<p data-pm-slice=\"1 1 []\">Bilder sagen mehr als Worte \u2014 deshalb findest du hier eine Auswahl an Fotos, die dir zeigen, wie unser Gel\u00e4nde aussieht und wie wir dort arbeiten. Ob Gruppenstunde, Welpenspiel, Alltagstraining oder Ger\u00e4tearbeit: Die Fotos geben dir einen authentischen Eindruck davon, was dich und deinen Hund bei uns erwartet.<\/p>\t\t\t\t\t\t\t\t<\/div>\n\t\t<div class=\"elementor-element elementor-element-caa6c2e e-grid e-con-full e-con e-child\" data-id=\"caa6c2e\" data-element_type=\"container\" data-e-type=\"container\">\n\t\t\t\t<div class=\"elementor-element elementor-element-120facc elementor-widget elementor-widget-image\" data-id=\"120facc\" data-element_type=\"widget\" data-e-type=\"widget\" data-widget_type=\"image.default\">\n\t\t\t\t\t\t\t\t\t\t\t\t\t\t\t<img loading=\"lazy\" decoding=\"async\" width=\"300\" height=\"225\" src=\"https:\/\/hundehaltertraining.de\/wp-content\/uploads\/2026\/04\/Hundehaltertraining-Haus-Alsbach-Zu-den-Plaetzen-300x225.jpeg\" class=\"attachment-medium size-medium wp-image-754\" alt=\"\" srcset=\"https:\/\/hundehaltertraining.de\/wp-content\/uploads\/2026\/04\/Hundehaltertraining-Haus-Alsbach-Zu-den-Plaetzen-300x225.jpeg 300w, https:\/\/hundehaltertraining.de\/wp-content\/uploads\/2026\/04\/Hundehaltertraining-Haus-Alsbach-Zu-den-Plaetzen-1024x768.jpeg 1024w, https:\/\/hundehaltertraining.de\/wp-content\/uploads\/2026\/04\/Hundehaltertraining-Haus-Alsbach-Zu-den-Plaetzen-768x576.jpeg 768w, https:\/\/hundehaltertraining.de\/wp-content\/uploads\/2026\/04\/Hundehaltertraining-Haus-Alsbach-Zu-den-Plaetzen-1536x1152.jpeg 1536w, https:\/\/hundehaltertraining.de\/wp-content\/uploads\/2026\/04\/Hundehaltertraining-Haus-Alsbach-Zu-den-Plaetzen.jpeg 1600w\" sizes=\"(max-width: 300px) 100vw, 300px\" \/>\t\t\t\t\t\t\t\t\t\t\t\t\t\t\t<\/div>\n\t\t\t\t<div class=\"elementor-element elementor-element-6ff085e elementor-widget elementor-widget-image\" data-id=\"6ff085e\" data-element_type=\"widget\" data-e-type=\"widget\" data-widget_type=\"image.default\">\n\t\t\t\t\t\t\t\t\t\t\t\t\t\t\t<img loading=\"lazy\" decoding=\"async\" width=\"300\" height=\"225\" src=\"https:\/\/hundehaltertraining.de\/wp-content\/uploads\/2026\/04\/Hundehaltertraining-Haus-Alsbach-Kreiswiese-300x225.jpeg\" class=\"attachment-medium size-medium wp-image-755\" alt=\"\" srcset=\"https:\/\/hundehaltertraining.de\/wp-content\/uploads\/2026\/04\/Hundehaltertraining-Haus-Alsbach-Kreiswiese-300x225.jpeg 300w, https:\/\/hundehaltertraining.de\/wp-content\/uploads\/2026\/04\/Hundehaltertraining-Haus-Alsbach-Kreiswiese-1024x767.jpeg 1024w, https:\/\/hundehaltertraining.de\/wp-content\/uploads\/2026\/04\/Hundehaltertraining-Haus-Alsbach-Kreiswiese-768x576.jpeg 768w, https:\/\/hundehaltertraining.de\/wp-content\/uploads\/2026\/04\/Hundehaltertraining-Haus-Alsbach-Kreiswiese-1536x1151.jpeg 1536w, https:\/\/hundehaltertraining.de\/wp-content\/uploads\/2026\/04\/Hundehaltertraining-Haus-Alsbach-Kreiswiese.jpeg 1600w\" sizes=\"(max-width: 300px) 100vw, 300px\" \/>\t\t\t\t\t\t\t\t\t\t\t\t\t\t\t<\/div>\n\t\t\t\t<div class=\"elementor-element elementor-element-9e40c4d elementor-widget elementor-widget-image\" data-id=\"9e40c4d\" data-element_type=\"widget\" data-e-type=\"widget\" data-widget_type=\"image.default\">\n\t\t\t\t\t\t\t\t\t\t\t\t\t\t\t<img loading=\"lazy\" decoding=\"async\" width=\"300\" height=\"225\" src=\"https:\/\/hundehaltertraining.de\/wp-content\/uploads\/2026\/04\/Hundehaltertraining-Haus-Alsbach-Teppichscheune-innen-300x225.jpeg\" class=\"attachment-medium size-medium wp-image-752\" alt=\"\" srcset=\"https:\/\/hundehaltertraining.de\/wp-content\/uploads\/2026\/04\/Hundehaltertraining-Haus-Alsbach-Teppichscheune-innen-300x225.jpeg 300w, https:\/\/hundehaltertraining.de\/wp-content\/uploads\/2026\/04\/Hundehaltertraining-Haus-Alsbach-Teppichscheune-innen-1024x768.jpeg 1024w, https:\/\/hundehaltertraining.de\/wp-content\/uploads\/2026\/04\/Hundehaltertraining-Haus-Alsbach-Teppichscheune-innen-768x576.jpeg 768w, https:\/\/hundehaltertraining.de\/wp-content\/uploads\/2026\/04\/Hundehaltertraining-Haus-Alsbach-Teppichscheune-innen-1536x1152.jpeg 1536w, https:\/\/hundehaltertraining.de\/wp-content\/uploads\/2026\/04\/Hundehaltertraining-Haus-Alsbach-Teppichscheune-innen.jpeg 1600w\" sizes=\"(max-width: 300px) 100vw, 300px\" \/>\t\t\t\t\t\t\t\t\t\t\t\t\t\t\t<\/div>\n\t\t\t\t<div class=\"elementor-element elementor-element-f619f2b elementor-widget elementor-widget-image\" data-id=\"f619f2b\" data-element_type=\"widget\" data-e-type=\"widget\" data-widget_type=\"image.default\">\n\t\t\t\t\t\t\t\t\t\t\t\t\t\t\t<img loading=\"lazy\" decoding=\"async\" width=\"300\" height=\"225\" src=\"https:\/\/hundehaltertraining.de\/wp-content\/uploads\/2026\/04\/Hundehaltertraining-Haus-Alsbach-Bachlauf-mit-Teich-300x225.jpeg\" class=\"attachment-medium size-medium wp-image-746\" alt=\"\" srcset=\"https:\/\/hundehaltertraining.de\/wp-content\/uploads\/2026\/04\/Hundehaltertraining-Haus-Alsbach-Bachlauf-mit-Teich-300x225.jpeg 300w, https:\/\/hundehaltertraining.de\/wp-content\/uploads\/2026\/04\/Hundehaltertraining-Haus-Alsbach-Bachlauf-mit-Teich-1024x768.jpeg 1024w, https:\/\/hundehaltertraining.de\/wp-content\/uploads\/2026\/04\/Hundehaltertraining-Haus-Alsbach-Bachlauf-mit-Teich-768x576.jpeg 768w, https:\/\/hundehaltertraining.de\/wp-content\/uploads\/2026\/04\/Hundehaltertraining-Haus-Alsbach-Bachlauf-mit-Teich-1536x1152.jpeg 1536w, https:\/\/hundehaltertraining.de\/wp-content\/uploads\/2026\/04\/Hundehaltertraining-Haus-Alsbach-Bachlauf-mit-Teich.jpeg 1600w\" sizes=\"(max-width: 300px) 100vw, 300px\" \/>\t\t\t\t\t\t\t\t\t\t\t\t\t\t\t<\/div>\n\t\t\t\t<div class=\"elementor-element elementor-element-74558ee elementor-widget elementor-widget-image\" data-id=\"74558ee\" data-element_type=\"widget\" data-e-type=\"widget\" data-widget_type=\"image.default\">\n\t\t\t\t\t\t\t\t\t\t\t\t<figure class=\"wp-caption\">\n\t\t\t\t\t\t\t\t\t\t<img loading=\"lazy\" decoding=\"async\" width=\"300\" height=\"225\" src=\"https:\/\/hundehaltertraining.de\/wp-content\/uploads\/2026\/04\/Hundehaltertraining-Haus-Alsbach-Wald-an-der-Dummywiese-300x225.jpeg\" class=\"attachment-medium size-medium wp-image-753\" alt=\"\" srcset=\"https:\/\/hundehaltertraining.de\/wp-content\/uploads\/2026\/04\/Hundehaltertraining-Haus-Alsbach-Wald-an-der-Dummywiese-300x225.jpeg 300w, https:\/\/hundehaltertraining.de\/wp-content\/uploads\/2026\/04\/Hundehaltertraining-Haus-Alsbach-Wald-an-der-Dummywiese-1024x768.jpeg 1024w, https:\/\/hundehaltertraining.de\/wp-content\/uploads\/2026\/04\/Hundehaltertraining-Haus-Alsbach-Wald-an-der-Dummywiese-768x576.jpeg 768w, https:\/\/hundehaltertraining.de\/wp-content\/uploads\/2026\/04\/Hundehaltertraining-Haus-Alsbach-Wald-an-der-Dummywiese-1536x1152.jpeg 1536w, https:\/\/hundehaltertraining.de\/wp-content\/uploads\/2026\/04\/Hundehaltertraining-Haus-Alsbach-Wald-an-der-Dummywiese.jpeg 1600w\" sizes=\"(max-width: 300px) 100vw, 300px\" \/>\t\t\t\t\t\t\t\t\t\t\t<figcaption class=\"widget-image-caption wp-caption-text\"><\/figcaption>\n\t\t\t\t\t\t\t\t\t\t<\/figure>\n\t\t\t\t\t\t\t\t\t<\/div>\n\t\t\t\t<div class=\"elementor-element elementor-element-81c659e elementor-widget elementor-widget-image\" data-id=\"81c659e\" data-element_type=\"widget\" data-e-type=\"widget\" data-widget_type=\"image.default\">\n\t\t\t\t\t\t\t\t\t\t\t\t\t\t\t<img loading=\"lazy\" decoding=\"async\" width=\"300\" height=\"225\" src=\"https:\/\/hundehaltertraining.de\/wp-content\/uploads\/2026\/04\/Hundehaltertraining-Haus-Alsbach-Dummywiese-Blick-vom-Wald-300x225.jpeg\" class=\"attachment-medium size-medium wp-image-747\" alt=\"\" srcset=\"https:\/\/hundehaltertraining.de\/wp-content\/uploads\/2026\/04\/Hundehaltertraining-Haus-Alsbach-Dummywiese-Blick-vom-Wald-300x225.jpeg 300w, https:\/\/hundehaltertraining.de\/wp-content\/uploads\/2026\/04\/Hundehaltertraining-Haus-Alsbach-Dummywiese-Blick-vom-Wald-1024x768.jpeg 1024w, https:\/\/hundehaltertraining.de\/wp-content\/uploads\/2026\/04\/Hundehaltertraining-Haus-Alsbach-Dummywiese-Blick-vom-Wald-768x576.jpeg 768w, https:\/\/hundehaltertraining.de\/wp-content\/uploads\/2026\/04\/Hundehaltertraining-Haus-Alsbach-Dummywiese-Blick-vom-Wald-1536x1152.jpeg 1536w, https:\/\/hundehaltertraining.de\/wp-content\/uploads\/2026\/04\/Hundehaltertraining-Haus-Alsbach-Dummywiese-Blick-vom-Wald.jpeg 1600w\" sizes=\"(max-width: 300px) 100vw, 300px\" \/>\t\t\t\t\t\t\t\t\t\t\t\t\t\t\t<\/div>\n\t\t\t\t<\/div>\n\t\t\t\t\t<\/div>\n\t\t\t\t<\/div>\n\t\t<div class=\"elementor-element elementor-element-1253a21 e-flex e-con-boxed e-con e-parent\" data-id=\"1253a21\" data-element_type=\"container\" data-e-type=\"container\">\n\t\t\t\t\t<div class=\"e-con-inner\">\n\t\t\t\t<div class=\"elementor-element elementor-element-39dd341 elementor-widget elementor-widget-heading\" data-id=\"39dd341\" data-element_type=\"widget\" data-e-type=\"widget\" data-widget_type=\"heading.default\">\n\t\t\t\t\t<h3 class=\"elementor-heading-title elementor-size-default\">Komm vorbei und lerne uns kennen.<\/h3>\t\t\t\t<\/div>\n\t\t\t\t<div class=\"elementor-element elementor-element-a9d3e41 elementor-widget elementor-widget-text-editor\" data-id=\"a9d3e41\" data-element_type=\"widget\" data-e-type=\"widget\" data-widget_type=\"text-editor.default\">\n\t\t\t\t\t\t\t\t\t<p data-pm-slice=\"1 1 []\">Du m\u00f6chtest dir selbst ein Bild machen? Gerne vereinbaren wir einen Termin, bei dem du unser Gel\u00e4nde in Ruhe anschauen und Fragen stellen kannst. Wir freuen uns auf dich und deinen Hund.<\/p>\t\t\t\t\t\t\t\t<\/div>\n\t\t\t\t<div class=\"elementor-element elementor-element-e04b1db elementor-widget elementor-widget-button\" data-id=\"e04b1db\" data-element_type=\"widget\" data-e-type=\"widget\" data-widget_type=\"button.default\">\n\t\t\t\t\t\t\t\t\t\t<a class=\"elementor-button elementor-button-link elementor-size-sm\" href=\"https:\/\/hundehaltertraining.de\/index.php\/kontakt\/\">\n\t\t\t\t\t\t<span class=\"elementor-button-content-wrapper\">\n\t\t\t\t\t\t\t\t\t<span class=\"elementor-button-text\">Kontakt <\/span>\n\t\t\t\t\t<\/span>\n\t\t\t\t\t<\/a>\n\t\t\t\t\t\t\t\t<\/div>\n\t\t\t\t\t<\/div>\n\t\t\t\t<\/div>\n\t\t\t\t<\/div>\n\t\t","protected":false},"excerpt":{"rendered":"<p>Unser Trainingsgel\u00e4nde Ein Ort, an dem Mensch und Hund sich wohlf\u00fchlen. Unser Trainingsgel\u00e4nde bietet ideale Bedingungen, um in entspannter Atmosph\u00e4re zu lernen, zu \u00fcben und gemeinsam zu wachsen. Weitl\u00e4ufige Fl\u00e4chen, sichere Einz\u00e4unungen und abwechslungsreiche Trainingsbereiche erm\u00f6glichen ein effektives, alltagsnahes Hundetraining f\u00fcr jedes Mensch-Hund-Team. Viel Platz f\u00fcr individuelles und gemeinsames Training. Auf unserem Gel\u00e4nde findest du [&hellip;]<\/p>\n","protected":false},"author":2,"featured_media":0,"parent":0,"menu_order":0,"comment_status":"closed","ping_status":"closed","template":"","meta":{"footnotes":""},"class_list":["post-762","page","type-page","status-publish","hentry","wpbf-post"],"_links":{"self":[{"href":"https:\/\/hundehaltertraining.de\/index.php\/wp-json\/wp\/v2\/pages\/762","targetHints":{"allow":["GET"]}}],"collection":[{"href":"https:\/\/hundehaltertraining.de\/index.php\/wp-json\/wp\/v2\/pages"}],"about":[{"href":"https:\/\/hundehaltertraining.de\/index.php\/wp-json\/wp\/v2\/types\/page"}],"author":[{"embeddable":true,"href":"https:\/\/hundehaltertraining.de\/index.php\/wp-json\/wp\/v2\/users\/2"}],"replies":[{"embeddable":true,"href":"https:\/\/hundehaltertraining.de\/index.php\/wp-json\/wp\/v2\/comments?post=762"}],"version-history":[{"count":4,"href":"https:\/\/hundehaltertraining.de\/index.php\/wp-json\/wp\/v2\/pages\/762\/revisions"}],"predecessor-version":[{"id":767,"href":"https:\/\/hundehaltertraining.de\/index.php\/wp-json\/wp\/v2\/pages\/762\/revisions\/767"}],"wp:attachment":[{"href":"https:\/\/hundehaltertraining.de\/index.php\/wp-json\/wp\/v2\/media?parent=762"}],"curies":[{"name":"wp","href":"https:\/\/api.w.org\/{rel}","templated":true}]}}