{"id":88,"date":"2026-02-25T19:58:30","date_gmt":"2026-02-25T19:58:30","guid":{"rendered":"https:\/\/hundehaltertraining.de\/?page_id=88"},"modified":"2026-04-16T21:05:42","modified_gmt":"2026-04-16T21:05:42","slug":"anette-knobloch","status":"publish","type":"page","link":"https:\/\/hundehaltertraining.de\/index.php\/trainer\/anette-knobloch\/","title":{"rendered":"Anette Knobloch"},"content":{"rendered":"\t\t<div data-elementor-type=\"wp-page\" data-elementor-id=\"88\" class=\"elementor elementor-88\">\n\t\t\t\t<div class=\"elementor-element elementor-element-c3834fc e-flex e-con-boxed e-con e-parent\" data-id=\"c3834fc\" data-element_type=\"container\" data-e-type=\"container\">\n\t\t\t\t\t<div class=\"e-con-inner\">\n\t\t\t\t<div class=\"elementor-element elementor-element-9d68876 elementor-widget elementor-widget-heading\" data-id=\"9d68876\" data-element_type=\"widget\" data-e-type=\"widget\" data-widget_type=\"heading.default\">\n\t\t\t\t\t<h1 class=\"elementor-heading-title elementor-size-default\">Anette Knobloch<\/h1>\t\t\t\t<\/div>\n\t\t\t\t<div class=\"elementor-element elementor-element-45d9c78 elementor-widget elementor-widget-heading\" data-id=\"45d9c78\" data-element_type=\"widget\" data-e-type=\"widget\" data-widget_type=\"heading.default\">\n\t\t\t\t\t<h3 class=\"elementor-heading-title elementor-size-default\">Hundeerzieherin und Verhaltensberaterin mit IHK|BHV - Zertifikat\n<\/h3>\t\t\t\t<\/div>\n\t\t\t\t<div class=\"elementor-element elementor-element-1d484fd elementor-widget elementor-widget-heading\" data-id=\"1d484fd\" data-element_type=\"widget\" data-e-type=\"widget\" data-widget_type=\"heading.default\">\n\t\t\t\t\t<h3 class=\"elementor-heading-title elementor-size-default\">Betrieb f\u00fcr anerkanntes Praktikum, Sachkundenachweis LHundG NRW<\/h3>\t\t\t\t<\/div>\n\t\t\t\t<div class=\"elementor-element elementor-element-7035fb9 elementor-widget elementor-widget-heading\" data-id=\"7035fb9\" data-element_type=\"widget\" data-e-type=\"widget\" data-widget_type=\"heading.default\">\n\t\t\t\t\t<h3 class=\"elementor-heading-title elementor-size-default\">Pr\u00fcferin im Berufsverband BHV e.V.<\/h3>\t\t\t\t<\/div>\n\t\t\t\t<div class=\"elementor-element elementor-element-253de57 elementor-widget elementor-widget-heading\" data-id=\"253de57\" data-element_type=\"widget\" data-e-type=\"widget\" data-widget_type=\"heading.default\">\n\t\t\t\t\t<h3 class=\"elementor-heading-title elementor-size-default\">Multiplikatorin vom blauen Hund<\/h3>\t\t\t\t<\/div>\n\t\t\t\t<div class=\"elementor-element elementor-element-bdb5b60 elementor-widget elementor-widget-heading\" data-id=\"bdb5b60\" data-element_type=\"widget\" data-e-type=\"widget\" data-widget_type=\"heading.default\">\n\t\t\t\t\t<h3 class=\"elementor-heading-title elementor-size-default\">BHV \u2013 Dummytrainerin<\/h3>\t\t\t\t<\/div>\n\t\t\t\t<div class=\"elementor-element elementor-element-0608d8a elementor-widget elementor-widget-heading\" data-id=\"0608d8a\" data-element_type=\"widget\" data-e-type=\"widget\" data-widget_type=\"heading.default\">\n\t\t\t\t\t<h3 class=\"elementor-heading-title elementor-size-default\">IHK\/BHV Schulhund- und Therapiehundtrainerin<\/h3>\t\t\t\t<\/div>\n\t\t\t\t<div class=\"elementor-element elementor-element-2def81c elementor-widget elementor-widget-heading\" data-id=\"2def81c\" data-element_type=\"widget\" data-e-type=\"widget\" data-widget_type=\"heading.default\">\n\t\t\t\t\t<h3 class=\"elementor-heading-title elementor-size-default\">Praxisbetrieb f\u00fcr den Schulhund und Therapiehund IHK<\/h3>\t\t\t\t<\/div>\n\t\t\t\t\t<\/div>\n\t\t\t\t<\/div>\n\t\t<div class=\"elementor-element elementor-element-62aaae2 e-flex e-con-boxed e-con e-parent\" data-id=\"62aaae2\" data-element_type=\"container\" data-e-type=\"container\">\n\t\t\t\t\t<div class=\"e-con-inner\">\n\t\t\t\t<div class=\"elementor-element elementor-element-cd0f91c elementor-widget elementor-widget-text-editor\" data-id=\"cd0f91c\" data-element_type=\"widget\" data-e-type=\"widget\" data-widget_type=\"text-editor.default\">\n\t\t\t\t\t\t\t\t\t<h5>Meine Hunde:<br \/>Arigo, Labrador Retriever<br \/>Aidan, Golden Retriever<\/h5><p>Seit vielen Jahren begleiten mich Hunde durch mein Leben \u2013 inzwischen waren es 25 wunderbare Gef\u00e4hrten, die mich gepr\u00e4gt, begleitet und inspiriert haben. Viele von ihnen waren auch an meiner Seite, als ich als Sporttherapeutin gearbeitet habe. Aus dieser Verbindung entstand die Idee, einen Kurs f\u00fcr Rollstuhlfahrer und ihre Hunde anzubieten. Was als neuer Weg begann, wurde schlie\u00dflich zu meinem Beruf.<\/p><h5>Mein Weg zur Hundeexpertin<\/h5><p>1996 gr\u00fcndete ich die Hundehalterschule Lindlar. Ein Jahr sp\u00e4ter begann ich meine Ausbildung zur Servicehundetrainerin. Nach dieser zweij\u00e4hrigen Ausbildung folgten zahlreiche Seminare mit unterschiedlichen Trainingsans\u00e4tzen, durch die ich mein Wissen stetig erweitert und weitere Qualifikationen erworben habe.<\/p><p>Seit dem Jahr 2000 bin ich Mitglied im Berufsverband der Hundeerzieher und Verhaltensberater (BHV e.\u202fV.) und verf\u00fcge dort \u00fcber eine Pr\u00fcferlizenz.<\/p><p>2002 legte ich erfolgreich die Pr\u00fcfung vor dem Landesministerium in D\u00fcsseldorf ab. Seitdem bin ich berechtigt, Verhaltenspr\u00fcfungen f\u00fcr Hunde der Anlage 2 zur Maulkorb- und Leinenbefreiung abzunehmen. Ebenso darf ich den Sachkundenachweis gem\u00e4\u00df \u00a7\u202f2 Absatz\u202f2 durchf\u00fchren.<\/p><h5>Hundehalterschule Engelskirchen &amp; Haus Alsbach<\/h5><p>Ab 2008 erweiterte ich meine Arbeit durch den Standort Haus Alsbach in Engelskirchen. Ab 2012 wurden wir \u2013 mit Scheunen, Wald, Teich und 10.000\u202fqm Trainingsgel\u00e4nde \u2013 zur Hundehalterschule Engelskirchen. Zum 01.01.2022 habe ich die Schule verkauft.<\/p><p>Ab dem 01.04.2026 \u00fcbernehmen meine Kolleginnen Julia Hensch, Katrin Elsner und ich das ehemalige Gel\u00e4nde wieder \u2013 unter dem neuen Namen <strong>Hundehaltertraining Haus Alsbach<\/strong>.<\/p><h5>Meine Philosophie<\/h5><p>In all den Jahren ist der Hund mein gr\u00f6\u00dfter Lehrmeister geblieben. Jeder Hund ist ein Individuum, jedes Mensch\u2011Hund\u2011Team eine neue Aufgabe. Genau das liebe ich an meinem Beruf. Er zeigt mir jeden Tag, dass Vertrauen die Grundlage jeder guten Beziehung ist \u2013 zwischen Mensch und Hund ebenso wie zwischen Trainerin und Team.<\/p><p><img fetchpriority=\"high\" decoding=\"async\" class=\"alignnone size-medium wp-image-378\" src=\"https:\/\/hundehaltertraining.de\/wp-content\/uploads\/2026\/03\/Anette_02-200x300.jpg\" alt=\"\" width=\"200\" height=\"300\" srcset=\"https:\/\/hundehaltertraining.de\/wp-content\/uploads\/2026\/03\/Anette_02-200x300.jpg 200w, https:\/\/hundehaltertraining.de\/wp-content\/uploads\/2026\/03\/Anette_02-683x1024.jpg 683w, https:\/\/hundehaltertraining.de\/wp-content\/uploads\/2026\/03\/Anette_02-768x1152.jpg 768w, https:\/\/hundehaltertraining.de\/wp-content\/uploads\/2026\/03\/Anette_02-1024x1536.jpg 1024w, https:\/\/hundehaltertraining.de\/wp-content\/uploads\/2026\/03\/Anette_02-1365x2048.jpg 1365w, https:\/\/hundehaltertraining.de\/wp-content\/uploads\/2026\/03\/Anette_02-scaled.jpg 1707w\" sizes=\"(max-width: 200px) 100vw, 200px\" \/><\/p><p>Telefon 0 22 07 &#8211; 91 91 601<br \/>Mobil 0175 &#8211; 16 75 912<\/p><div>\u00a0<\/div><div>\u00a0<\/div><div>\u00a0<\/div><div>\u00a0<\/div>\t\t\t\t\t\t\t\t<\/div>\n\t\t\t\t<div class=\"elementor-element elementor-element-6eac1b0 elementor-widget elementor-widget-button\" data-id=\"6eac1b0\" data-element_type=\"widget\" data-e-type=\"widget\" data-widget_type=\"button.default\">\n\t\t\t\t\t\t\t\t\t\t<a class=\"elementor-button elementor-button-link elementor-size-sm\" href=\"https:\/\/hundehaltertraining.de\/index.php\/trainer\/\">\n\t\t\t\t\t\t<span class=\"elementor-button-content-wrapper\">\n\t\t\t\t\t\t\t\t\t<span class=\"elementor-button-text\">Zur\u00fcck <\/span>\n\t\t\t\t\t<\/span>\n\t\t\t\t\t<\/a>\n\t\t\t\t\t\t\t\t<\/div>\n\t\t\t\t\t<\/div>\n\t\t\t\t<\/div>\n\t\t\t\t<\/div>\n\t\t","protected":false},"excerpt":{"rendered":"<p>Anette Knobloch Hundeerzieherin und Verhaltensberaterin mit IHK|BHV &#8211; Zertifikat Betrieb f\u00fcr anerkanntes Praktikum, Sachkundenachweis LHundG NRW Pr\u00fcferin im Berufsverband BHV e.V. Multiplikatorin vom blauen Hund BHV \u2013 Dummytrainerin IHK\/BHV Schulhund- und Therapiehundtrainerin Praxisbetrieb f\u00fcr den Schulhund und Therapiehund IHK Meine Hunde:Arigo, Labrador RetrieverAidan, Golden Retriever Seit vielen Jahren begleiten mich Hunde durch mein Leben \u2013 [&hellip;]<\/p>\n","protected":false},"author":1,"featured_media":0,"parent":17,"menu_order":0,"comment_status":"closed","ping_status":"closed","template":"","meta":{"footnotes":""},"class_list":["post-88","page","type-page","status-publish","hentry","wpbf-post"],"_links":{"self":[{"href":"https:\/\/hundehaltertraining.de\/index.php\/wp-json\/wp\/v2\/pages\/88","targetHints":{"allow":["GET"]}}],"collection":[{"href":"https:\/\/hundehaltertraining.de\/index.php\/wp-json\/wp\/v2\/pages"}],"about":[{"href":"https:\/\/hundehaltertraining.de\/index.php\/wp-json\/wp\/v2\/types\/page"}],"author":[{"embeddable":true,"href":"https:\/\/hundehaltertraining.de\/index.php\/wp-json\/wp\/v2\/users\/1"}],"replies":[{"embeddable":true,"href":"https:\/\/hundehaltertraining.de\/index.php\/wp-json\/wp\/v2\/comments?post=88"}],"version-history":[{"count":22,"href":"https:\/\/hundehaltertraining.de\/index.php\/wp-json\/wp\/v2\/pages\/88\/revisions"}],"predecessor-version":[{"id":787,"href":"https:\/\/hundehaltertraining.de\/index.php\/wp-json\/wp\/v2\/pages\/88\/revisions\/787"}],"up":[{"embeddable":true,"href":"https:\/\/hundehaltertraining.de\/index.php\/wp-json\/wp\/v2\/pages\/17"}],"wp:attachment":[{"href":"https:\/\/hundehaltertraining.de\/index.php\/wp-json\/wp\/v2\/media?parent=88"}],"curies":[{"name":"wp","href":"https:\/\/api.w.org\/{rel}","templated":true}]}}