{"id":91,"date":"2026-02-25T20:01:31","date_gmt":"2026-02-25T20:01:31","guid":{"rendered":"https:\/\/hundehaltertraining.de\/?page_id=91"},"modified":"2026-03-17T17:43:58","modified_gmt":"2026-03-17T17:43:58","slug":"jule-hensch-pfeifer","status":"publish","type":"page","link":"https:\/\/hundehaltertraining.de\/index.php\/trainer\/jule-hensch-pfeifer\/","title":{"rendered":"Jule Hensch-Pfeifer"},"content":{"rendered":"\t\t<div data-elementor-type=\"wp-page\" data-elementor-id=\"91\" class=\"elementor elementor-91\">\n\t\t\t\t<div class=\"elementor-element elementor-element-52c0167 e-flex e-con-boxed e-con e-parent\" data-id=\"52c0167\" data-element_type=\"container\" data-e-type=\"container\">\n\t\t\t\t\t<div class=\"e-con-inner\">\n\t\t\t\t<div class=\"elementor-element elementor-element-c04f1d6 elementor-widget elementor-widget-heading\" data-id=\"c04f1d6\" data-element_type=\"widget\" data-e-type=\"widget\" data-widget_type=\"heading.default\">\n\t\t\t\t\t<h1 class=\"elementor-heading-title elementor-size-default\">Jule Hensch-Pfeifer <\/h1>\t\t\t\t<\/div>\n\t\t\t\t\t<\/div>\n\t\t\t\t<\/div>\n\t\t<div class=\"elementor-element elementor-element-ffb1a65 e-flex e-con-boxed e-con e-parent\" data-id=\"ffb1a65\" data-element_type=\"container\" data-e-type=\"container\">\n\t\t\t\t\t<div class=\"e-con-inner\">\n\t\t\t\t<div class=\"elementor-element elementor-element-ece6dad elementor-widget elementor-widget-heading\" data-id=\"ece6dad\" data-element_type=\"widget\" data-e-type=\"widget\" data-widget_type=\"heading.default\">\n\t\t\t\t\t<h3 class=\"elementor-heading-title elementor-size-default\">Ausbildung zum Hundetrainer DIFT (Deutsches Institut f\u00fcr Tierpsychologie und\nTiernaturheilkunde)<\/h3>\t\t\t\t<\/div>\n\t\t\t\t<div class=\"elementor-element elementor-element-1838fc4 elementor-widget elementor-widget-text-editor\" data-id=\"1838fc4\" data-element_type=\"widget\" data-e-type=\"widget\" data-widget_type=\"text-editor.default\">\n\t\t\t\t\t\t\t\t\t<p>Schon als Schulkind habe ich mir einen Hund gew\u00fcnscht und das zu jedem Geburtstag\u2026 Folge war, dass ich jede Menge Stoffhunde in meinem Bett sitzen hatte, weil meine Eltern &#8211; zu Recht &#8211; der Meinung waren, unsere Familie k\u00f6nnte einem lebendigen Hund nicht gerecht werden.<\/p><p>Auf den Hund gekommen bin ich dann schlie\u00dflich durch meinen Mann, den ich mit zwei Kindern und einem Hund \u2013 Mexx &#8211; geheiratet habe. Zusammen mit meiner eigenen Tochter und einem zweiten Hund \u2013 Snappy \u2013 der als Welpe zu uns kam, ist unsere Familie komplett.<\/p><p>Nach einem Burnout in meinem alten Job als Fitnesstrainer, musste ich nicht lange \u00fcberlegen, um meinem Leben eine v\u00f6llig neue Perspektive zu geben. Ich absolvierte eine zweij\u00e4hrige Ausbildung beim DIFT (Deutsches Institut f\u00fcr Tierpsychologie und Tierheilkunde) zur Hundetrainerin.<\/p><p>Das Tolle an diesem Beruf ist, dass nicht nur wir den Hunden etwas beibringen, sondern insbesondere wir als Menschen so viel durch das Verhalten und die Kommunikation der Hunde untereinander lernen k\u00f6nnen. F\u00fcr mich gibt es nichts Sch\u00f6neres als nach erfolgreicher Arbeit in zufriedene Hunde (und Halter) -augen zu blicken.<\/p><p>Mobil: 0175 2010187<\/p>\t\t\t\t\t\t\t\t<\/div>\n\t\t<div class=\"elementor-element elementor-element-87002f9 e-con-full e-flex e-con e-child\" data-id=\"87002f9\" data-element_type=\"container\" data-e-type=\"container\">\n\t\t\t\t<div class=\"elementor-element elementor-element-a990cc0 elementor-widget elementor-widget-button\" data-id=\"a990cc0\" data-element_type=\"widget\" data-e-type=\"widget\" data-widget_type=\"button.default\">\n\t\t\t\t\t\t\t\t\t\t<a class=\"elementor-button elementor-button-link elementor-size-sm\" href=\"https:\/\/hundehaltertraining.de\/index.php\/trainer\/\">\n\t\t\t\t\t\t<span class=\"elementor-button-content-wrapper\">\n\t\t\t\t\t\t\t\t\t<span class=\"elementor-button-text\">Zur\u00fcck <\/span>\n\t\t\t\t\t<\/span>\n\t\t\t\t\t<\/a>\n\t\t\t\t\t\t\t\t<\/div>\n\t\t\t\t<\/div>\n\t\t\t\t\t<\/div>\n\t\t\t\t<\/div>\n\t\t\t\t<\/div>\n\t\t","protected":false},"excerpt":{"rendered":"<p>Jule Hensch-Pfeifer Ausbildung zum Hundetrainer DIFT (Deutsches Institut f\u00fcr Tierpsychologie und Tiernaturheilkunde) Schon als Schulkind habe ich mir einen Hund gew\u00fcnscht und das zu jedem Geburtstag\u2026 Folge war, dass ich jede Menge Stoffhunde in meinem Bett sitzen hatte, weil meine Eltern &#8211; zu Recht &#8211; der Meinung waren, unsere Familie k\u00f6nnte einem lebendigen Hund nicht [&hellip;]<\/p>\n","protected":false},"author":1,"featured_media":0,"parent":17,"menu_order":0,"comment_status":"closed","ping_status":"closed","template":"","meta":{"footnotes":""},"class_list":["post-91","page","type-page","status-publish","hentry","wpbf-post"],"_links":{"self":[{"href":"https:\/\/hundehaltertraining.de\/index.php\/wp-json\/wp\/v2\/pages\/91","targetHints":{"allow":["GET"]}}],"collection":[{"href":"https:\/\/hundehaltertraining.de\/index.php\/wp-json\/wp\/v2\/pages"}],"about":[{"href":"https:\/\/hundehaltertraining.de\/index.php\/wp-json\/wp\/v2\/types\/page"}],"author":[{"embeddable":true,"href":"https:\/\/hundehaltertraining.de\/index.php\/wp-json\/wp\/v2\/users\/1"}],"replies":[{"embeddable":true,"href":"https:\/\/hundehaltertraining.de\/index.php\/wp-json\/wp\/v2\/comments?post=91"}],"version-history":[{"count":10,"href":"https:\/\/hundehaltertraining.de\/index.php\/wp-json\/wp\/v2\/pages\/91\/revisions"}],"predecessor-version":[{"id":723,"href":"https:\/\/hundehaltertraining.de\/index.php\/wp-json\/wp\/v2\/pages\/91\/revisions\/723"}],"up":[{"embeddable":true,"href":"https:\/\/hundehaltertraining.de\/index.php\/wp-json\/wp\/v2\/pages\/17"}],"wp:attachment":[{"href":"https:\/\/hundehaltertraining.de\/index.php\/wp-json\/wp\/v2\/media?parent=91"}],"curies":[{"name":"wp","href":"https:\/\/api.w.org\/{rel}","templated":true}]}}