{"id":93,"date":"2026-02-25T20:02:04","date_gmt":"2026-02-25T20:02:04","guid":{"rendered":"https:\/\/hundehaltertraining.de\/?page_id=93"},"modified":"2026-03-17T17:46:07","modified_gmt":"2026-03-17T17:46:07","slug":"katrin-elsner","status":"publish","type":"page","link":"https:\/\/hundehaltertraining.de\/index.php\/trainer\/katrin-elsner\/","title":{"rendered":"Katrin Elsner"},"content":{"rendered":"\t\t<div data-elementor-type=\"wp-page\" data-elementor-id=\"93\" class=\"elementor elementor-93\">\n\t\t\t\t<div class=\"elementor-element elementor-element-19f87a4 e-flex e-con-boxed e-con e-parent\" data-id=\"19f87a4\" data-element_type=\"container\" data-e-type=\"container\">\n\t\t\t\t\t<div class=\"e-con-inner\">\n\t\t\t\t<div class=\"elementor-element elementor-element-15025e3 elementor-widget elementor-widget-heading\" data-id=\"15025e3\" data-element_type=\"widget\" data-e-type=\"widget\" data-widget_type=\"heading.default\">\n\t\t\t\t\t<h2 class=\"elementor-heading-title elementor-size-default\">Katrin Elsner<\/h2>\t\t\t\t<\/div>\n\t\t\t\t<div class=\"elementor-element elementor-element-838571a elementor-widget elementor-widget-heading\" data-id=\"838571a\" data-element_type=\"widget\" data-e-type=\"widget\" data-widget_type=\"heading.default\">\n\t\t\t\t\t<h3 class=\"elementor-heading-title elementor-size-default\">Hundeerzieherin und Verhaltensberaterin mit IHK\/BHV - Zertifikat<\/h3>\t\t\t\t<\/div>\n\t\t\t\t<div class=\"elementor-element elementor-element-78cab28 elementor-widget elementor-widget-heading\" data-id=\"78cab28\" data-element_type=\"widget\" data-e-type=\"widget\" data-widget_type=\"heading.default\">\n\t\t\t\t\t<h3 class=\"elementor-heading-title elementor-size-default\">Trainingsspezialist (Katja Frey)<\/h3>\t\t\t\t<\/div>\n\t\t\t\t<div class=\"elementor-element elementor-element-eca9931 elementor-widget elementor-widget-heading\" data-id=\"eca9931\" data-element_type=\"widget\" data-e-type=\"widget\" data-widget_type=\"heading.default\">\n\t\t\t\t\t<h3 class=\"elementor-heading-title elementor-size-default\">Suchhunde-Trainer Lvl 1 (Tierakademie Scheuerhof)<\/h3>\t\t\t\t<\/div>\n\t\t\t\t<div class=\"elementor-element elementor-element-ee8f82e elementor-widget elementor-widget-heading\" data-id=\"ee8f82e\" data-element_type=\"widget\" data-e-type=\"widget\" data-widget_type=\"heading.default\">\n\t\t\t\t\t<h3 class=\"elementor-heading-title elementor-size-default\">AVE Coach (Viviane Theby)<\/h3>\t\t\t\t<\/div>\n\t\t\t\t<div class=\"elementor-element elementor-element-0933a9e elementor-widget elementor-widget-text-editor\" data-id=\"0933a9e\" data-element_type=\"widget\" data-e-type=\"widget\" data-widget_type=\"text-editor.default\">\n\t\t\t\t\t\t\t\t\t<p>Den Traum vom eigenen Hund erf\u00fcllte ich mir 2001 mit meiner H\u00fcndin Emma, die mehr oder weniger zuf\u00e4llig in mein Leben gestolpert ist und eigentlich ebay hei\u00dfen sollte. Denn statt einer K\u00fcche, gingen mir nach einer Besichtigung die im gleichen Haushalt geborenen Welpen nicht mehr aus dem Kopf. Nach mehreren weiteren Besuchen zog also Mischlingsh\u00fcndin Emma bei uns ein. Emma war eine wundervolle H\u00fcndin und der Beginn meiner Passion zum Hund.<\/p><p>Aktuell leben neben meinen Mann noch die Dalmatiner-Ridgeback H\u00fcndin Chilly, ihr Sohn Odin, Bulgare Lenni und Pflegehund Pauli bei uns.<\/p><p>Meine Ausbildung zum Hundetrainer \/ Verhaltensberater habe ich Ende 2018 begonnen, da mir das Verhalten unseres damaligen Jungspundes Odin doch einige R\u00e4tsel aufgab und ich es genau wissen wollte. Im Laufe der Ausbildung habe ich mehr und mehr Spa\u00df am Training und der Arbeit mit Mensch und Hund gefunden, so dass ich letztendlich vom Kunden zum Trainer wurde.<\/p><p>Viele Besch\u00e4ftigungsm\u00f6glichkeiten, die beiden Spa\u00df machen, kann man leicht in den Alltag integrieren. Dies schafft nicht nur gegenseitiges Verst\u00e4ndnis, sondern sorgt auch f\u00fcr zufriedene und ausgeglichene Hunde, die Basis f\u00fcr ein entspanntes Zusammenleben.<\/p>\t\t\t\t\t\t\t\t<\/div>\n\t\t<div class=\"elementor-element elementor-element-7fcb446 e-grid e-con-full e-con e-child\" data-id=\"7fcb446\" data-element_type=\"container\" data-e-type=\"container\">\n\t\t\t\t<div class=\"elementor-element elementor-element-4beb1a2 elementor-widget elementor-widget-image\" data-id=\"4beb1a2\" data-element_type=\"widget\" data-e-type=\"widget\" data-widget_type=\"image.default\">\n\t\t\t\t\t\t\t\t\t\t\t\t\t\t\t<img fetchpriority=\"high\" decoding=\"async\" width=\"300\" height=\"198\" src=\"https:\/\/hundehaltertraining.de\/wp-content\/uploads\/2026\/03\/Katrin-Odin-Katrin-Chilly-300x198.jpg\" class=\"attachment-medium size-medium wp-image-238\" alt=\"\" srcset=\"https:\/\/hundehaltertraining.de\/wp-content\/uploads\/2026\/03\/Katrin-Odin-Katrin-Chilly-300x198.jpg 300w, https:\/\/hundehaltertraining.de\/wp-content\/uploads\/2026\/03\/Katrin-Odin-Katrin-Chilly-1024x675.jpg 1024w, https:\/\/hundehaltertraining.de\/wp-content\/uploads\/2026\/03\/Katrin-Odin-Katrin-Chilly-768x506.jpg 768w, https:\/\/hundehaltertraining.de\/wp-content\/uploads\/2026\/03\/Katrin-Odin-Katrin-Chilly.jpg 1536w\" sizes=\"(max-width: 300px) 100vw, 300px\" \/>\t\t\t\t\t\t\t\t\t\t\t\t\t\t\t<\/div>\n\t\t\t\t<div class=\"elementor-element elementor-element-71a0df6 elementor-widget elementor-widget-image\" data-id=\"71a0df6\" data-element_type=\"widget\" data-e-type=\"widget\" data-widget_type=\"image.default\">\n\t\t\t\t\t\t\t\t\t\t\t\t\t\t\t<img decoding=\"async\" width=\"300\" height=\"175\" src=\"https:\/\/hundehaltertraining.de\/wp-content\/uploads\/2026\/03\/Katrin-Chilly-und-Odin-300x175.jpg\" class=\"attachment-medium size-medium wp-image-239\" alt=\"\" srcset=\"https:\/\/hundehaltertraining.de\/wp-content\/uploads\/2026\/03\/Katrin-Chilly-und-Odin-300x175.jpg 300w, https:\/\/hundehaltertraining.de\/wp-content\/uploads\/2026\/03\/Katrin-Chilly-und-Odin-1024x597.jpg 1024w, https:\/\/hundehaltertraining.de\/wp-content\/uploads\/2026\/03\/Katrin-Chilly-und-Odin-768x448.jpg 768w, https:\/\/hundehaltertraining.de\/wp-content\/uploads\/2026\/03\/Katrin-Chilly-und-Odin.jpg 1536w\" sizes=\"(max-width: 300px) 100vw, 300px\" \/>\t\t\t\t\t\t\t\t\t\t\t\t\t\t\t<\/div>\n\t\t\t\t<\/div>\n\t\t\t\t\t<\/div>\n\t\t\t\t<\/div>\n\t\t<div class=\"elementor-element elementor-element-a80c774 e-flex e-con-boxed e-con e-parent\" data-id=\"a80c774\" data-element_type=\"container\" data-e-type=\"container\">\n\t\t\t\t\t<div class=\"e-con-inner\">\n\t\t\t\t<div class=\"elementor-element elementor-element-d5f8208 elementor-widget elementor-widget-text-editor\" data-id=\"d5f8208\" data-element_type=\"widget\" data-e-type=\"widget\" data-widget_type=\"text-editor.default\">\n\t\t\t\t\t\t\t\t\t<p>Mobil: 0177 2573511<\/p>\t\t\t\t\t\t\t\t<\/div>\n\t\t\t\t<div class=\"elementor-element elementor-element-cf142bc elementor-widget elementor-widget-button\" data-id=\"cf142bc\" data-element_type=\"widget\" data-e-type=\"widget\" data-widget_type=\"button.default\">\n\t\t\t\t\t\t\t\t\t\t<a class=\"elementor-button elementor-button-link elementor-size-sm\" href=\"https:\/\/hundehaltertraining.de\/\">\n\t\t\t\t\t\t<span class=\"elementor-button-content-wrapper\">\n\t\t\t\t\t\t\t\t\t<span class=\"elementor-button-text\">Zur\u00fcck <\/span>\n\t\t\t\t\t<\/span>\n\t\t\t\t\t<\/a>\n\t\t\t\t\t\t\t\t<\/div>\n\t\t\t\t\t<\/div>\n\t\t\t\t<\/div>\n\t\t<div class=\"elementor-element elementor-element-f5a2a96 e-flex e-con-boxed e-con e-parent\" data-id=\"f5a2a96\" data-element_type=\"container\" data-e-type=\"container\">\n\t\t\t\t\t<div class=\"e-con-inner\">\n\t\t\t\t\t<\/div>\n\t\t\t\t<\/div>\n\t\t\t\t<\/div>\n\t\t","protected":false},"excerpt":{"rendered":"<p>Katrin Elsner Hundeerzieherin und Verhaltensberaterin mit IHK\/BHV &#8211; Zertifikat Trainingsspezialist (Katja Frey) Suchhunde-Trainer Lvl 1 (Tierakademie Scheuerhof) AVE Coach (Viviane Theby) Den Traum vom eigenen Hund erf\u00fcllte ich mir 2001 mit meiner H\u00fcndin Emma, die mehr oder weniger zuf\u00e4llig in mein Leben gestolpert ist und eigentlich ebay hei\u00dfen sollte. Denn statt einer K\u00fcche, gingen mir [&hellip;]<\/p>\n","protected":false},"author":1,"featured_media":0,"parent":17,"menu_order":0,"comment_status":"closed","ping_status":"closed","template":"","meta":{"footnotes":""},"class_list":["post-93","page","type-page","status-publish","hentry","wpbf-post"],"_links":{"self":[{"href":"https:\/\/hundehaltertraining.de\/index.php\/wp-json\/wp\/v2\/pages\/93","targetHints":{"allow":["GET"]}}],"collection":[{"href":"https:\/\/hundehaltertraining.de\/index.php\/wp-json\/wp\/v2\/pages"}],"about":[{"href":"https:\/\/hundehaltertraining.de\/index.php\/wp-json\/wp\/v2\/types\/page"}],"author":[{"embeddable":true,"href":"https:\/\/hundehaltertraining.de\/index.php\/wp-json\/wp\/v2\/users\/1"}],"replies":[{"embeddable":true,"href":"https:\/\/hundehaltertraining.de\/index.php\/wp-json\/wp\/v2\/comments?post=93"}],"version-history":[{"count":19,"href":"https:\/\/hundehaltertraining.de\/index.php\/wp-json\/wp\/v2\/pages\/93\/revisions"}],"predecessor-version":[{"id":726,"href":"https:\/\/hundehaltertraining.de\/index.php\/wp-json\/wp\/v2\/pages\/93\/revisions\/726"}],"up":[{"embeddable":true,"href":"https:\/\/hundehaltertraining.de\/index.php\/wp-json\/wp\/v2\/pages\/17"}],"wp:attachment":[{"href":"https:\/\/hundehaltertraining.de\/index.php\/wp-json\/wp\/v2\/media?parent=93"}],"curies":[{"name":"wp","href":"https:\/\/api.w.org\/{rel}","templated":true}]}}